{"id":37433,"date":"2023-05-31T11:20:26","date_gmt":"2023-05-31T08:20:26","guid":{"rendered":"https:\/\/ddt.lv\/lv\/product\/bluetooth-austinas-5w-melnas-blaupunkt\/"},"modified":"2026-04-01T00:26:22","modified_gmt":"2026-03-31T21:26:22","slug":"bluetooth-austinas-5w-melnas-blaupunkt","status":"publish","type":"product","link":"https:\/\/ddt.lv\/lv\/product\/bluetooth-austinas-5w-melnas-blaupunkt\/","title":{"rendered":"Bluetooth austi\u0146as 5W melnas  BLAUPUNKT"},"content":{"rendered":"<p><\/p>\n<div class=\"lRu31\"><span class=\"HwtZe\" lang=\"lv\"><span class=\"jCAhz ChMk0b\"><span class=\"ryNqvb\">Bluetooth 5W bezvadu austi\u0146as no Blaupunkt.<\/span><\/span> <span class=\"jCAhz ChMk0b\"><span class=\"ryNqvb\">Izbaudiet vair\u0101k nek\u0101 20 stundas bezvadu klaus\u012b\u0161an\u0101s ar \u0161\u012bm Bluetooth austi\u0146\u0101m.<\/span><\/span><\/span><\/div>\n<p>Tie\u0161\u0101 poga, lai pie\u0146emtu zvanu un run\u0101tu ar t\u0101lruni<br \/>\nAux-in ieeja vadu savienojumam ar audio avotiem<br \/>\nKlausieties m\u016bziku bezvadu re\u017e\u012bm\u0101 no viedt\u0101lru\u0146iem un plan\u0161etdatoriem<br \/>\n\u0112rtas un vieglas, Salok\u0101mas, lai ietaup\u012btu vietu.<\/p>","protected":false},"excerpt":{"rendered":"<p>Bluetooth 5W bezvadu austi\u0146as no Blaupunkt. Izbaudiet vair\u0101k nek\u0101 20 stundas bezvadu klaus\u012b\u0161an\u0101s ar \u0161\u012bm Bluetooth austi\u0146\u0101m. Tie\u0161\u0101 poga, lai pie\u0146emtu zvanu un run\u0101tu ar t\u0101lruni Aux-in ieeja vadu savienojumam ar audio avotiem Klausieties m\u016bziku bezvadu re\u017e\u012bm\u0101 no viedt\u0101lru\u0146iem un plan\u0161etdatoriem \u0112rtas un vieglas, Salok\u0101mas, lai ietaup\u012btu vietu.<\/p>\n","protected":false},"featured_media":37445,"comment_status":"closed","ping_status":"closed","template":"","meta":{"inline_featured_image":false},"product_cat":[772,762],"product_tag":[],"yst_prominent_words":[],"class_list":{"0":"post-37433","1":"product","2":"type-product","3":"status-publish","4":"has-post-thumbnail","6":"product_cat-atlaides","7":"product_cat-mobilo-telefonu-aksesuari","9":"first","10":"outofstock","11":"sale","12":"taxable","13":"shipping-taxable","14":"purchasable","15":"product-type-simple"},"jetpack_sharing_enabled":true,"_links":{"self":[{"href":"https:\/\/ddt.lv\/lv\/wp-json\/wp\/v2\/product\/37433"}],"collection":[{"href":"https:\/\/ddt.lv\/lv\/wp-json\/wp\/v2\/product"}],"about":[{"href":"https:\/\/ddt.lv\/lv\/wp-json\/wp\/v2\/types\/product"}],"replies":[{"embeddable":true,"href":"https:\/\/ddt.lv\/lv\/wp-json\/wp\/v2\/comments?post=37433"}],"wp:featuredmedia":[{"embeddable":true,"href":"https:\/\/ddt.lv\/lv\/wp-json\/wp\/v2\/media\/37445"}],"wp:attachment":[{"href":"https:\/\/ddt.lv\/lv\/wp-json\/wp\/v2\/media?parent=37433"}],"wp:term":[{"taxonomy":"product_cat","embeddable":true,"href":"https:\/\/ddt.lv\/lv\/wp-json\/wp\/v2\/product_cat?post=37433"},{"taxonomy":"product_tag","embeddable":true,"href":"https:\/\/ddt.lv\/lv\/wp-json\/wp\/v2\/product_tag?post=37433"},{"taxonomy":"yst_prominent_words","embeddable":true,"href":"https:\/\/ddt.lv\/lv\/wp-json\/wp\/v2\/yst_prominent_words?post=37433"}],"curies":[{"name":"wp","href":"https:\/\/api.w.org\/{rel}","templated":true}]}}