{"id":37356,"date":"2023-05-25T23:20:42","date_gmt":"2023-05-25T20:20:42","guid":{"rendered":"https:\/\/ddt.lv\/lv\/product\/lukturis-ladejams-uv-moskitu-kempinga-zals-3w-ip4418650\/"},"modified":"2026-04-08T14:10:50","modified_gmt":"2026-04-08T11:10:50","slug":"lukturis-ladejams-uv-moskitu-kempinga-zals-3w-ip4418650","status":"publish","type":"product","link":"https:\/\/ddt.lv\/lv\/product\/lukturis-ladejams-uv-moskitu-kempinga-zals-3w-ip4418650\/","title":{"rendered":"Pretinsektu lampa,  l\u0101d\u0113jama, UV mosk\u012btu, kempinga, za\u013c\u0161, 3W IP44,18650"},"content":{"rendered":"<p>Kempinga lukturis mosk\u012btsu atbaid\u012b\u0161anai. Kempinga lampa, luktur\u012btis un UV kukai\u0146u slazds vienlaikus.<\/p>\n<p>Ar \u0101\u0137i, no stingras plastmasas un uzticams.<\/p>\n<p>Esi noguris no odu un kukai\u0146u kodumiem? Ar m\u016bsu Entac pretodu kempinga lampu m\u0113s sniegsim risin\u0101jumu j\u016bsu rok\u0101s!<br \/>\nTo var izmantot gan k\u0101 l\u0101pu, gan k\u0101 laternu, vai ar\u012b pateicoties UV gaismai, t\u0101 nodro\u0161ina naktis bez odiem. Pretmosk\u012btu kempinga lampa ir apr\u012bkota ar 3W jaudu un 180 l\u016bmenu gaismas intensit\u0101ti. Pateicoties IP44 aizsardz\u012bbas pak\u0101pei, to var izmantot augsta mitruma apst\u0101k\u013cos vai mitr\u0101 vid\u0113.<\/p>\n<p>&nbsp;<\/p>","protected":false},"excerpt":{"rendered":"<p>Kempinga lukturis mosk\u012btsu atbaid\u012b\u0161anai. Kempinga lampa, luktur\u012btis un UV kukai\u0146u slazds vienlaikus. Ar \u0101\u0137i, no stingras plastmasas un uzticams. Esi noguris no odu un kukai\u0146u kodumiem? Ar m\u016bsu Entac pretodu kempinga lampu m\u0113s sniegsim risin\u0101jumu j\u016bsu rok\u0101s! To var izmantot gan k\u0101 l\u0101pu, gan k\u0101 laternu, vai ar\u012b pateicoties UV gaismai, t\u0101 nodro\u0161ina naktis bez [&hellip;]<\/p>\n","protected":false},"featured_media":37359,"comment_status":"closed","ping_status":"closed","template":"","meta":{"inline_featured_image":false},"product_cat":[1584,1594,1587,772],"product_tag":[],"yst_prominent_words":[],"class_list":{"0":"post-37356","1":"product","2":"type-product","3":"status-publish","4":"has-post-thumbnail","6":"product_cat-grilli-gazes-plitinas-degli","7":"product_cat-lukturi-preces-aktivai-atputai","8":"product_cat-apgaismojums-virtenes","9":"product_cat-atlaides","11":"first","12":"outofstock","13":"sale","14":"taxable","15":"shipping-taxable","16":"purchasable","17":"product-type-simple"},"jetpack_sharing_enabled":true,"_links":{"self":[{"href":"https:\/\/ddt.lv\/lv\/wp-json\/wp\/v2\/product\/37356"}],"collection":[{"href":"https:\/\/ddt.lv\/lv\/wp-json\/wp\/v2\/product"}],"about":[{"href":"https:\/\/ddt.lv\/lv\/wp-json\/wp\/v2\/types\/product"}],"replies":[{"embeddable":true,"href":"https:\/\/ddt.lv\/lv\/wp-json\/wp\/v2\/comments?post=37356"}],"wp:featuredmedia":[{"embeddable":true,"href":"https:\/\/ddt.lv\/lv\/wp-json\/wp\/v2\/media\/37359"}],"wp:attachment":[{"href":"https:\/\/ddt.lv\/lv\/wp-json\/wp\/v2\/media?parent=37356"}],"wp:term":[{"taxonomy":"product_cat","embeddable":true,"href":"https:\/\/ddt.lv\/lv\/wp-json\/wp\/v2\/product_cat?post=37356"},{"taxonomy":"product_tag","embeddable":true,"href":"https:\/\/ddt.lv\/lv\/wp-json\/wp\/v2\/product_tag?post=37356"},{"taxonomy":"yst_prominent_words","embeddable":true,"href":"https:\/\/ddt.lv\/lv\/wp-json\/wp\/v2\/yst_prominent_words?post=37356"}],"curies":[{"name":"wp","href":"https:\/\/api.w.org\/{rel}","templated":true}]}}