{"id":37279,"date":"2023-05-19T21:20:42","date_gmt":"2023-05-19T18:20:42","guid":{"rendered":"https:\/\/ddt.lv\/lv\/product\/grabeklis-plastmasas-flo\/"},"modified":"2026-04-08T14:31:52","modified_gmt":"2026-04-08T11:31:52","slug":"grabeklis-plastmasas-flo","status":"publish","type":"product","link":"https:\/\/ddt.lv\/lv\/product\/grabeklis-plastmasas-flo\/","title":{"rendered":"Gr\u0101beklis plastmasas FLO"},"content":{"rendered":"<p>Gr\u0101beklis plastmasas oran\u017e\u0101 kr\u0101s\u0101 no FLO, bez k\u0101ta, k\u0101ts j\u0101ieg\u0101d\u0101jas atsevi\u0161\u0137i.<\/p>","protected":false},"excerpt":{"rendered":"<p>Gr\u0101beklis plastmasas oran\u017e\u0101 kr\u0101s\u0101 no FLO, bez k\u0101ta, k\u0101ts j\u0101ieg\u0101d\u0101jas atsevi\u0161\u0137i.<\/p>\n","protected":false},"featured_media":37404,"comment_status":"closed","ping_status":"closed","template":"","meta":{"inline_featured_image":false},"product_cat":[1582],"product_tag":[],"yst_prominent_words":[],"class_list":{"0":"post-37279","1":"product","2":"type-product","3":"status-publish","4":"has-post-thumbnail","6":"product_cat-darza-instrumenti","8":"first","9":"instock","10":"taxable","11":"shipping-taxable","12":"purchasable","13":"product-type-simple"},"jetpack_sharing_enabled":true,"_links":{"self":[{"href":"https:\/\/ddt.lv\/lv\/wp-json\/wp\/v2\/product\/37279"}],"collection":[{"href":"https:\/\/ddt.lv\/lv\/wp-json\/wp\/v2\/product"}],"about":[{"href":"https:\/\/ddt.lv\/lv\/wp-json\/wp\/v2\/types\/product"}],"replies":[{"embeddable":true,"href":"https:\/\/ddt.lv\/lv\/wp-json\/wp\/v2\/comments?post=37279"}],"wp:featuredmedia":[{"embeddable":true,"href":"https:\/\/ddt.lv\/lv\/wp-json\/wp\/v2\/media\/37404"}],"wp:attachment":[{"href":"https:\/\/ddt.lv\/lv\/wp-json\/wp\/v2\/media?parent=37279"}],"wp:term":[{"taxonomy":"product_cat","embeddable":true,"href":"https:\/\/ddt.lv\/lv\/wp-json\/wp\/v2\/product_cat?post=37279"},{"taxonomy":"product_tag","embeddable":true,"href":"https:\/\/ddt.lv\/lv\/wp-json\/wp\/v2\/product_tag?post=37279"},{"taxonomy":"yst_prominent_words","embeddable":true,"href":"https:\/\/ddt.lv\/lv\/wp-json\/wp\/v2\/yst_prominent_words?post=37279"}],"curies":[{"name":"wp","href":"https:\/\/api.w.org\/{rel}","templated":true}]}}