{"id":37276,"date":"2023-05-19T21:20:42","date_gmt":"2023-05-19T18:20:42","guid":{"rendered":"https:\/\/ddt.lv\/lv\/product\/pagarinatajs-3-4-1-5m-ar-sledzi-a-z-peleks-emos-2\/"},"modified":"2026-04-14T10:40:19","modified_gmt":"2026-04-14T07:40:19","slug":"pagarinatajs-3-4-1-5m-ar-sledzi-a-z-peleks-emos-2","status":"publish","type":"product","link":"https:\/\/ddt.lv\/lv\/product\/pagarinatajs-3-4-1-5m-ar-sledzi-a-z-peleks-emos\/","title":{"rendered":"Pagarin\u0101t\u0101ja kabelis PVC 1roz. 10m 3&#215;1.5mm2 3680W balts EMOS"},"content":{"rendered":"<p>Pagarin\u0101t\u0101js 3+4\/1.5m ar sl\u0113dzi a\/z pel\u0113ks no ra\u017eot\u0101ja\u00a0 EMOS<\/p>","protected":false},"excerpt":{"rendered":"<p>Pagarin\u0101t\u0101js 3+4\/1.5m ar sl\u0113dzi a\/z pel\u0113ks no ra\u017eot\u0101ja\u00a0 EMOS<\/p>\n","protected":false},"featured_media":37406,"comment_status":"closed","ping_status":"closed","template":"","meta":{"inline_featured_image":false},"product_cat":[746],"product_tag":[],"yst_prominent_words":[],"class_list":{"0":"post-37276","1":"product","2":"type-product","3":"status-publish","4":"has-post-thumbnail","6":"product_cat-pagarinataji-pagarinataji-un-sadalitaji","8":"first","9":"instock","10":"taxable","11":"shipping-taxable","12":"purchasable","13":"product-type-simple"},"jetpack_sharing_enabled":true,"_links":{"self":[{"href":"https:\/\/ddt.lv\/lv\/wp-json\/wp\/v2\/product\/37276"}],"collection":[{"href":"https:\/\/ddt.lv\/lv\/wp-json\/wp\/v2\/product"}],"about":[{"href":"https:\/\/ddt.lv\/lv\/wp-json\/wp\/v2\/types\/product"}],"replies":[{"embeddable":true,"href":"https:\/\/ddt.lv\/lv\/wp-json\/wp\/v2\/comments?post=37276"}],"wp:featuredmedia":[{"embeddable":true,"href":"https:\/\/ddt.lv\/lv\/wp-json\/wp\/v2\/media\/37406"}],"wp:attachment":[{"href":"https:\/\/ddt.lv\/lv\/wp-json\/wp\/v2\/media?parent=37276"}],"wp:term":[{"taxonomy":"product_cat","embeddable":true,"href":"https:\/\/ddt.lv\/lv\/wp-json\/wp\/v2\/product_cat?post=37276"},{"taxonomy":"product_tag","embeddable":true,"href":"https:\/\/ddt.lv\/lv\/wp-json\/wp\/v2\/product_tag?post=37276"},{"taxonomy":"yst_prominent_words","embeddable":true,"href":"https:\/\/ddt.lv\/lv\/wp-json\/wp\/v2\/yst_prominent_words?post=37276"}],"curies":[{"name":"wp","href":"https:\/\/api.w.org\/{rel}","templated":true}]}}