{"id":37220,"date":"2023-05-09T20:00:24","date_gmt":"2023-05-09T17:00:24","guid":{"rendered":"https:\/\/ddt.lv\/lv\/product\/gazes-plits-parnesajama-camping-germany-2-1kw\/"},"modified":"2026-04-01T00:22:46","modified_gmt":"2026-03-31T21:22:46","slug":"gazes-plits-parnesajama-camping-germany-2-1kw","status":"publish","type":"product","link":"https:\/\/ddt.lv\/lv\/product\/gazes-plits-parnesajama-camping-germany-2-1kw\/","title":{"rendered":"G\u0101zes pl\u012bti\u0146a p\u0101rn\u0113s\u0101jama CAMPING Germany 2.1KW, sader\u012bgs ar 558011"},"content":{"rendered":"<p>Kempinga g\u0101zes pl\u012bts, iepakota \u0113rt\u0101 p\u0101rn\u0113s\u0101jam\u0101 kofer\u012b, ko v\u0113jain\u0101 laik\u0101 var izmantot, ar\u012b k\u0101 v\u0113ja aizsargu.<br \/>\nViegla aizdedze, pateicoties Piezo autom\u0101tiskajam aizdedzes meh\u0101nismam vieglai, dro\u0161ai un \u0101trai lieto\u0161anai.<br \/>\nPl\u012bt\u012b ir ieb\u016bv\u0113ts dro\u0161\u012bbas meh\u0101nisms un rokas regulators liesmas kontrolei.Kempinga g\u0101zes pl\u012bts, iepakota \u0113rt\u0101 p\u0101rn\u0113s\u0101jam\u0101 kofer\u012b, ko v\u0113jain\u0101 laik\u0101 var izmantot, ar\u012b k\u0101 v\u0113ja aizsargu.<br \/>\nViegla aizdedze, pateicoties Piezo autom\u0101tiskajam aizdedzes meh\u0101nismam vieglai, dro\u0161ai un \u0101trai lieto\u0161anai.<br \/>\nPl\u012bt\u012b ir ieb\u016bv\u0113ts dro\u0161\u012bbas meh\u0101nisms un rokas regulators liesmas kontrolei.<\/p>\n<p>G\u0101zes pl\u012bti\u0146a savienojama ar g\u0101zes baloniem, kuru kods ir 558011, kas nop\u0113rkami, m\u016bsu internetveikal\u0101:<\/p>\n<p><a href=\"https:\/\/ddt.lv\/lv\/product\/gaze-butans-227g-gazes-plitinam-rex\/\">https:\/\/ddt.lv\/lv\/product\/gaze-butans-227g-gazes-plitinam-rex\/<\/a><\/p>\n<p>&nbsp;<\/p>","protected":false},"excerpt":{"rendered":"<p>Kempinga g\u0101zes pl\u012bts, iepakota \u0113rt\u0101 p\u0101rn\u0113s\u0101jam\u0101 kofer\u012b, ko v\u0113jain\u0101 laik\u0101 var izmantot, ar\u012b k\u0101 v\u0113ja aizsargu. Viegla aizdedze, pateicoties Piezo autom\u0101tiskajam aizdedzes meh\u0101nismam vieglai, dro\u0161ai un \u0101trai lieto\u0161anai. Pl\u012bt\u012b ir ieb\u016bv\u0113ts dro\u0161\u012bbas meh\u0101nisms un rokas regulators liesmas kontrolei.Kempinga g\u0101zes pl\u012bts, iepakota \u0113rt\u0101 p\u0101rn\u0113s\u0101jam\u0101 kofer\u012b, ko v\u0113jain\u0101 laik\u0101 var izmantot, ar\u012b k\u0101 v\u0113ja aizsargu. Viegla aizdedze, [&hellip;]<\/p>\n","protected":false},"featured_media":37243,"comment_status":"closed","ping_status":"closed","template":"","meta":{"inline_featured_image":false},"product_cat":[1584,772,917],"product_tag":[],"yst_prominent_words":[],"class_list":{"0":"post-37220","1":"product","2":"type-product","3":"status-publish","4":"has-post-thumbnail","6":"product_cat-grilli-gazes-plitinas-degli","7":"product_cat-atlaides","8":"product_cat-gazes-baloni-plitinas-degli","10":"first","11":"instock","12":"sale","13":"taxable","14":"shipping-taxable","15":"purchasable","16":"product-type-simple"},"jetpack_sharing_enabled":true,"_links":{"self":[{"href":"https:\/\/ddt.lv\/lv\/wp-json\/wp\/v2\/product\/37220"}],"collection":[{"href":"https:\/\/ddt.lv\/lv\/wp-json\/wp\/v2\/product"}],"about":[{"href":"https:\/\/ddt.lv\/lv\/wp-json\/wp\/v2\/types\/product"}],"replies":[{"embeddable":true,"href":"https:\/\/ddt.lv\/lv\/wp-json\/wp\/v2\/comments?post=37220"}],"wp:featuredmedia":[{"embeddable":true,"href":"https:\/\/ddt.lv\/lv\/wp-json\/wp\/v2\/media\/37243"}],"wp:attachment":[{"href":"https:\/\/ddt.lv\/lv\/wp-json\/wp\/v2\/media?parent=37220"}],"wp:term":[{"taxonomy":"product_cat","embeddable":true,"href":"https:\/\/ddt.lv\/lv\/wp-json\/wp\/v2\/product_cat?post=37220"},{"taxonomy":"product_tag","embeddable":true,"href":"https:\/\/ddt.lv\/lv\/wp-json\/wp\/v2\/product_tag?post=37220"},{"taxonomy":"yst_prominent_words","embeddable":true,"href":"https:\/\/ddt.lv\/lv\/wp-json\/wp\/v2\/yst_prominent_words?post=37220"}],"curies":[{"name":"wp","href":"https:\/\/api.w.org\/{rel}","templated":true}]}}