{"id":37218,"date":"2023-05-09T20:00:23","date_gmt":"2023-05-09T17:00:23","guid":{"rendered":"https:\/\/ddt.lv\/lv\/product\/led-aproce-10lm-400m-160h-2x2032-emos\/"},"modified":"2026-04-13T10:06:00","modified_gmt":"2026-04-13T07:06:00","slug":"led-aproce-10lm-400m-160h-2x2032-emos","status":"publish","type":"product","link":"https:\/\/ddt.lv\/lv\/product\/led-aproce-10lm-400m-160h-2x2032-emos\/","title":{"rendered":"LED aproce 10lm 400m 160h (2&#215;2032) EMOS"},"content":{"rendered":"<p>Divu kr\u0101su EMOS LED aproces &#8211; pieejamas sarkan\u0101 un za\u013c\u0101 kr\u0101s\u0101, ko var izmantot k\u0101 signaliz\u0101cijas ier\u012bces sporta, t\u016brisma vai rite\u0146brauk\u0161anas aktivit\u0101t\u0113s.<\/p>\n<p>Aprocei ir tr\u012bs apgaismojuma re\u017e\u012bmi: past\u0101v\u012bgs, puls\u0113jo\u0161s un mirgojo\u0161s. Pateicoties Velcro aizdarei, to var viegli uzvilkt uz plaukstas loc\u012btavas, rokas vai k\u0101jas.<\/p>\n<p>Emos LED aproces priek\u0161roc\u012bbas ir:<\/p>\n<ul>\n<li>Augsta redzam\u012bba tums\u0101, kas palielina dro\u0161\u012bbu \u0101ra aktivit\u0101\u0161u laik\u0101<\/li>\n<li>Iesp\u0113ja izv\u0113l\u0113ties apgaismojuma re\u017e\u012bmu<\/li>\n<li>Viegli uzvelkama un \u0113rta Velcro aizdare<\/li>\n<\/ul>\n<p>LED aproces valk\u0101\u0161anai skrie\u0161anas laik\u0101 ir daudz priek\u0161roc\u012bbu. Pirmk\u0101rt, tas palielina skr\u0113j\u0113ja redzam\u012bbu tums\u0101, kas noz\u012bm\u0113 liel\u0101ku dro\u0161\u012bbu treni\u0146a laik\u0101. Tas \u013cauj vad\u012bt\u0101jiem un citiem satiksmes dal\u012bbniekiem redz\u0113t skr\u0113j\u0113ju liel\u0101k\u0101 att\u0101lum\u0101, izvairoties no iesp\u0113jam\u0101m briesm\u0101m un sadursm\u0113m.<\/p>\n<p>Turkl\u0101t LED aproce var darboties k\u0101 sign\u0101lier\u012bce skr\u0113jiena laik\u0101, kas ir \u012bpa\u0161i noder\u012bga skrie\u0161anas grup\u0101s vai nakts organiz\u0113tajos skr\u0113jienos. LED aproce \u013cauj lab\u0101k identific\u0113t skr\u0113j\u0113ju grupu un \u013cauj kontrol\u0113t to kust\u012bbu.<\/p>","protected":false},"excerpt":{"rendered":"<p>Divu kr\u0101su EMOS LED aproces &#8211; pieejamas sarkan\u0101 un za\u013c\u0101 kr\u0101s\u0101, ko var izmantot k\u0101 signaliz\u0101cijas ier\u012bces sporta, t\u016brisma vai rite\u0146brauk\u0161anas aktivit\u0101t\u0113s. Aprocei ir tr\u012bs apgaismojuma re\u017e\u012bmi: past\u0101v\u012bgs, puls\u0113jo\u0161s un mirgojo\u0161s. Pateicoties Velcro aizdarei, to var viegli uzvilkt uz plaukstas loc\u012btavas, rokas vai k\u0101jas. Emos LED aproces priek\u0161roc\u012bbas ir: Augsta redzam\u012bba tums\u0101, kas palielina dro\u0161\u012bbu [&hellip;]<\/p>\n","protected":false},"featured_media":37240,"comment_status":"closed","ping_status":"closed","template":"","meta":{"inline_featured_image":false},"product_cat":[762],"product_tag":[],"yst_prominent_words":[],"class_list":{"0":"post-37218","1":"product","2":"type-product","3":"status-publish","4":"has-post-thumbnail","6":"product_cat-mobilo-telefonu-aksesuari","8":"first","9":"instock","10":"taxable","11":"shipping-taxable","12":"purchasable","13":"product-type-simple"},"jetpack_sharing_enabled":true,"_links":{"self":[{"href":"https:\/\/ddt.lv\/lv\/wp-json\/wp\/v2\/product\/37218"}],"collection":[{"href":"https:\/\/ddt.lv\/lv\/wp-json\/wp\/v2\/product"}],"about":[{"href":"https:\/\/ddt.lv\/lv\/wp-json\/wp\/v2\/types\/product"}],"replies":[{"embeddable":true,"href":"https:\/\/ddt.lv\/lv\/wp-json\/wp\/v2\/comments?post=37218"}],"wp:featuredmedia":[{"embeddable":true,"href":"https:\/\/ddt.lv\/lv\/wp-json\/wp\/v2\/media\/37240"}],"wp:attachment":[{"href":"https:\/\/ddt.lv\/lv\/wp-json\/wp\/v2\/media?parent=37218"}],"wp:term":[{"taxonomy":"product_cat","embeddable":true,"href":"https:\/\/ddt.lv\/lv\/wp-json\/wp\/v2\/product_cat?post=37218"},{"taxonomy":"product_tag","embeddable":true,"href":"https:\/\/ddt.lv\/lv\/wp-json\/wp\/v2\/product_tag?post=37218"},{"taxonomy":"yst_prominent_words","embeddable":true,"href":"https:\/\/ddt.lv\/lv\/wp-json\/wp\/v2\/yst_prominent_words?post=37218"}],"curies":[{"name":"wp","href":"https:\/\/api.w.org\/{rel}","templated":true}]}}