{"id":37216,"date":"2023-05-09T19:20:32","date_gmt":"2023-05-09T16:20:32","guid":{"rendered":"https:\/\/ddt.lv\/lv\/product\/pagarinatajs-1-25m-3x2-5mm2-a-z-melns-gumijas-16a-ip44-emos\/"},"modified":"2026-04-13T09:57:25","modified_gmt":"2026-04-13T06:57:25","slug":"pagarinatajs-1-25m-3x2-5mm2-a-z-melns-gumijas-16a-ip44-emos","status":"publish","type":"product","link":"https:\/\/ddt.lv\/lv\/product\/pagarinatajs-1-25m-3x2-5mm2-a-z-melns-gumijas-16a-ip44-emos\/","title":{"rendered":"Pagarin\u0101t\u0101js 1 kontaktligzda \/25m 3&#215;2.5mm2 a\/z melns gumijas 16A IP44 EMOS"},"content":{"rendered":"<p>Iztur\u012bgs 25 m pagarin\u0101t\u0101js \u0101ra, d\u0101rza, mitru telpu, iek\u0161telpu vai r\u016bpnieciskai lieto\u0161anai<br \/>\nLieliski piem\u0113rota past\u0101v\u012bgai lieto\u0161anai \u0101rpus telp\u0101m vai b\u016bvlaukumos &#8211; augstas kvalit\u0101tes gumijas (neopr\u0113na) izol\u0101cija piem\u0113rota lieto\u0161anai visos laika apst\u0101k\u013cos. Schuko ligzda ir apr\u012bkota ar bl\u012bv\u0113jo\u0161o v\u0101ci\u0146u, kas aizsarg\u0101 kabeli no sve\u0161\u0137erme\u0146iem un \u016bdens \u0161\u013cakat\u0101m. Aizsardz\u012bbas klase: IP44, karstuma un aukstuma iztur\u012bga, maksim\u0101l\u0101 slodze 3680 W, 250 V\/16 A maks.<br \/>\nKabe\u013ca tips: H07RN-F3G 2,5 mm\u00b2, kr\u0101sa: melna, b\u0113rnu sl\u0113dzene<br \/>\nPastiprin\u0101tais 2,5 mm kabelis iztur past\u0101v\u012bgu augstsprieguma ier\u012b\u010du darb\u012bbu.<\/p>","protected":false},"excerpt":{"rendered":"<p>Iztur\u012bgs 25 m pagarin\u0101t\u0101js \u0101ra, d\u0101rza, mitru telpu, iek\u0161telpu vai r\u016bpnieciskai lieto\u0161anai Lieliski piem\u0113rota past\u0101v\u012bgai lieto\u0161anai \u0101rpus telp\u0101m vai b\u016bvlaukumos &#8211; augstas kvalit\u0101tes gumijas (neopr\u0113na) izol\u0101cija piem\u0113rota lieto\u0161anai visos laika apst\u0101k\u013cos. Schuko ligzda ir apr\u012bkota ar bl\u012bv\u0113jo\u0161o v\u0101ci\u0146u, kas aizsarg\u0101 kabeli no sve\u0161\u0137erme\u0146iem un \u016bdens \u0161\u013cakat\u0101m. Aizsardz\u012bbas klase: IP44, karstuma un aukstuma iztur\u012bga, maksim\u0101l\u0101 slodze [&hellip;]<\/p>\n","protected":false},"featured_media":37234,"comment_status":"closed","ping_status":"closed","template":"","meta":{"inline_featured_image":false},"product_cat":[746],"product_tag":[],"yst_prominent_words":[],"class_list":{"0":"post-37216","1":"product","2":"type-product","3":"status-publish","4":"has-post-thumbnail","6":"product_cat-pagarinataji-pagarinataji-un-sadalitaji","8":"first","9":"outofstock","10":"taxable","11":"shipping-taxable","12":"purchasable","13":"product-type-simple"},"jetpack_sharing_enabled":true,"_links":{"self":[{"href":"https:\/\/ddt.lv\/lv\/wp-json\/wp\/v2\/product\/37216"}],"collection":[{"href":"https:\/\/ddt.lv\/lv\/wp-json\/wp\/v2\/product"}],"about":[{"href":"https:\/\/ddt.lv\/lv\/wp-json\/wp\/v2\/types\/product"}],"replies":[{"embeddable":true,"href":"https:\/\/ddt.lv\/lv\/wp-json\/wp\/v2\/comments?post=37216"}],"wp:featuredmedia":[{"embeddable":true,"href":"https:\/\/ddt.lv\/lv\/wp-json\/wp\/v2\/media\/37234"}],"wp:attachment":[{"href":"https:\/\/ddt.lv\/lv\/wp-json\/wp\/v2\/media?parent=37216"}],"wp:term":[{"taxonomy":"product_cat","embeddable":true,"href":"https:\/\/ddt.lv\/lv\/wp-json\/wp\/v2\/product_cat?post=37216"},{"taxonomy":"product_tag","embeddable":true,"href":"https:\/\/ddt.lv\/lv\/wp-json\/wp\/v2\/product_tag?post=37216"},{"taxonomy":"yst_prominent_words","embeddable":true,"href":"https:\/\/ddt.lv\/lv\/wp-json\/wp\/v2\/yst_prominent_words?post=37216"}],"curies":[{"name":"wp","href":"https:\/\/api.w.org\/{rel}","templated":true}]}}