{"id":37115,"date":"2023-05-02T21:00:35","date_gmt":"2023-05-02T18:00:35","guid":{"rendered":"https:\/\/ddt.lv\/lv\/product\/led-proz-parnes-accu-smd-dim-20w-ip54-2000lm-6500k-emos\/"},"modified":"2026-04-08T14:45:30","modified_gmt":"2026-04-08T11:45:30","slug":"led-proz-parnes-accu-smd-dim-20w-ip54-2000lm-6500k-emos","status":"publish","type":"product","link":"https:\/\/ddt.lv\/lv\/product\/led-proz-parnes-accu-smd-dim-20w-ip54-2000lm-6500k-emos\/","title":{"rendered":"LED pro\u017e. p\u0101rn\u0113s. ACCU SMD DIM 20W IP54 2000lm 6500K EMOS"},"content":{"rendered":"<p>LED pro\u017eektors darbam ar ACCO<\/p>\n<p>Darbs padodas daudz lab\u0101k, ja ir labi apgaismota vieta. Vai ir j\u0101str\u0101d\u0101 viet\u0101s, kur nevar piesl\u0113gties elektrot\u012bklam? Risin\u0101jums ir LED darba lampa no ACCO s\u0113rijas ar akumulatoru, kas garant\u0113 maksim\u0101lu main\u012bbu darba vietas apgaismo\u0161an\u0101.<br \/>\n.<br \/>\nVesel\u012bgi str\u0101d\u0101t sare\u017e\u0123\u012btos apst\u0101k\u013cos<\/p>\n<p>120\u00b0 LED pro\u017eektors, pateicoties t\u0101 iztur\u012bgajam dizainam, ir piem\u0113rots ar\u012b darbam sare\u017e\u0123\u012btos apst\u0101k\u013cos. Ta\u010du tas noder\u0113s ne tikai darba vietu apgaismo\u0161anai b\u016bvlaukumos, bet noder\u0113s ar\u012b str\u0101d\u0101jot vien\u0123imenes m\u0101j\u0101s, gar\u0101\u017e\u0101s vai darbn\u012bc\u0101s. Tas noteikti k\u013c\u016bs par lielisku un paroc\u012bgu pavadoni pat kemping\u0101. Pro\u017eektora praktisk\u0101 \u012bpa\u0161\u012bba ir tr\u012bspak\u0101pju aptum\u0161o\u0161ana, gaisma sp\u012bd 100%, 50% un 25%.<br \/>\n.<br \/>\nPat lietus vi\u0146u nevar aptur\u0113t<\/p>\n<p>LED lampa, kuras korpuss ir izgatavots no alum\u012bnija, var tikt gal\u0101 pat ar nelabv\u0113l\u012bgiem laikapst\u0101k\u013ciem. Faktiski IP54 nov\u0113rt\u0113jums garant\u0113 \u016bdensiztur\u012bbu, gaisma ir aizsarg\u0101ta no \u016bdens \u0161\u013cakat\u0101m jebkur\u0101 virzien\u0101 un ir ar\u012b da\u013c\u0113ji aizsarg\u0101ta no putek\u013ciem. J\u016bs nov\u0113rt\u0113siet t\u0101 salok\u0101mo dizainu, pateicoties kuram tas saloc\u012bt\u0101 st\u0101vokl\u012b neaiz\u0146em daudz vietas. V\u0113l viena nenoliedzama priek\u0161roc\u012bba ir t\u0101, ka tai ir USB C izeja, pateicoties kurai var uzl\u0101d\u0113t, piem\u0113ram, mobilo telefonu.<\/p>","protected":false},"excerpt":{"rendered":"<p>LED pro\u017eektors darbam ar ACCO Darbs padodas daudz lab\u0101k, ja ir labi apgaismota vieta. Vai ir j\u0101str\u0101d\u0101 viet\u0101s, kur nevar piesl\u0113gties elektrot\u012bklam? Risin\u0101jums ir LED darba lampa no ACCO s\u0113rijas ar akumulatoru, kas garant\u0113 maksim\u0101lu main\u012bbu darba vietas apgaismo\u0161an\u0101. . Vesel\u012bgi str\u0101d\u0101t sare\u017e\u0123\u012btos apst\u0101k\u013cos 120\u00b0 LED pro\u017eektors, pateicoties t\u0101 iztur\u012bgajam dizainam, ir piem\u0113rots ar\u012b darbam [&hellip;]<\/p>\n","protected":false},"featured_media":37209,"comment_status":"closed","ping_status":"closed","template":"","meta":{"inline_featured_image":false},"product_cat":[908],"product_tag":[],"yst_prominent_words":[],"class_list":{"0":"post-37115","1":"product","2":"type-product","3":"status-publish","4":"has-post-thumbnail","6":"product_cat-led-prozektori","8":"first","9":"outofstock","10":"taxable","11":"shipping-taxable","12":"purchasable","13":"product-type-simple"},"jetpack_sharing_enabled":true,"_links":{"self":[{"href":"https:\/\/ddt.lv\/lv\/wp-json\/wp\/v2\/product\/37115"}],"collection":[{"href":"https:\/\/ddt.lv\/lv\/wp-json\/wp\/v2\/product"}],"about":[{"href":"https:\/\/ddt.lv\/lv\/wp-json\/wp\/v2\/types\/product"}],"replies":[{"embeddable":true,"href":"https:\/\/ddt.lv\/lv\/wp-json\/wp\/v2\/comments?post=37115"}],"wp:featuredmedia":[{"embeddable":true,"href":"https:\/\/ddt.lv\/lv\/wp-json\/wp\/v2\/media\/37209"}],"wp:attachment":[{"href":"https:\/\/ddt.lv\/lv\/wp-json\/wp\/v2\/media?parent=37115"}],"wp:term":[{"taxonomy":"product_cat","embeddable":true,"href":"https:\/\/ddt.lv\/lv\/wp-json\/wp\/v2\/product_cat?post=37115"},{"taxonomy":"product_tag","embeddable":true,"href":"https:\/\/ddt.lv\/lv\/wp-json\/wp\/v2\/product_tag?post=37115"},{"taxonomy":"yst_prominent_words","embeddable":true,"href":"https:\/\/ddt.lv\/lv\/wp-json\/wp\/v2\/yst_prominent_words?post=37115"}],"curies":[{"name":"wp","href":"https:\/\/api.w.org\/{rel}","templated":true}]}}