{"id":37113,"date":"2023-05-02T21:00:34","date_gmt":"2023-05-02T18:00:34","guid":{"rendered":"https:\/\/ddt.lv\/lv\/product\/s-digitals-termostats-gosmart-wireless-wifi-5-35c-4xaa-emos\/"},"modified":"2026-04-08T14:42:12","modified_gmt":"2026-04-08T11:42:12","slug":"s-digitals-termostats-gosmart-wireless-wifi-5-35c-4xaa-emos","status":"publish","type":"product","link":"https:\/\/ddt.lv\/lv\/product\/s-digitals-termostats-gosmart-wireless-wifi-5-35c-4xaa-emos\/","title":{"rendered":"Digit\u0101ls termostats GOSMART WIRELESS WIFI 5-35\u00b0C 4XAA EMOS"},"content":{"rendered":"<p><span class=\"HwtZe\" lang=\"lv\"><span class=\"jCAhz ChMk0b\"><span class=\"ryNqvb\">Nenov\u0113rt\u0113jams pal\u012bgs m\u0101j\u0101s.<\/span><\/span><\/span><\/p>\n<p><span class=\"HwtZe\" lang=\"lv\"> <span class=\"jCAhz ChMk0b\"><span class=\"ryNqvb\">Vai v\u0113laties, lai j\u016bsu m\u0101j\u0101s b\u016btu past\u0101v\u012bgs temperat\u016bras p\u0101rskats?<\/span><\/span> <span class=\"jCAhz ChMk0b\"><span class=\"ryNqvb\">Vai mekl\u0113jat veidu, k\u0101 samazin\u0101t apkures vai dzes\u0113\u0161anas izmaksas, vienlaikus saglab\u0101jot siltuma komfortu?<\/span><\/span> <span class=\"jCAhz ChMk0b\"><span class=\"ryNqvb\">Tas ir vienk\u0101r\u0161i ar viedo termostatu P56211 no EMOS GoSmart kl\u0101sta.<\/span><\/span> <span class=\"jCAhz ChMk0b\"><span class=\"ryNqvb\">Apkures vai gaisa kondicion\u0113\u0161anas kontrole, pamatojoties uz j\u016bsu GPS atra\u0161an\u0101s vietu, temperat\u016bras scen\u0101riju iestat\u012b\u0161ana konkr\u0113tai dienai un laikam un visu iestat\u012bjumu vad\u012b\u0161ana no jebkuras vietas, izmantojot lietotni, ir tikai \u012bss \u0161im termostata papildu funkciju saraksts.<\/span><\/span> <span class=\"jCAhz ChMk0b\"><span class=\"ryNqvb\">Ja pievienosiet \u0161ai vienk\u0101r\u0161ajai instal\u0101cijai, modernu dizainu un iesp\u0113ju to vad\u012bt ar balsi, izmantojot Google Assistant un Amazon Alexa, j\u016bs ieg\u016bsit nenov\u0113rt\u0113jamu viedo pal\u012bgu savai m\u0101jai.<\/span><\/span> <span class=\"jCAhz ChMk0b\"><span class=\"ryNqvb\">Uzlabotas funkcijas j\u016bsu \u0113rt\u012bb\u0101m.<\/span><\/span><\/span><\/p>","protected":false},"excerpt":{"rendered":"<p>Nenov\u0113rt\u0113jams pal\u012bgs m\u0101j\u0101s. Vai v\u0113laties, lai j\u016bsu m\u0101j\u0101s b\u016btu past\u0101v\u012bgs temperat\u016bras p\u0101rskats? Vai mekl\u0113jat veidu, k\u0101 samazin\u0101t apkures vai dzes\u0113\u0161anas izmaksas, vienlaikus saglab\u0101jot siltuma komfortu? Tas ir vienk\u0101r\u0161i ar viedo termostatu P56211 no EMOS GoSmart kl\u0101sta. Apkures vai gaisa kondicion\u0113\u0161anas kontrole, pamatojoties uz j\u016bsu GPS atra\u0161an\u0101s vietu, temperat\u016bras scen\u0101riju iestat\u012b\u0161ana konkr\u0113tai dienai un laikam un [&hellip;]<\/p>\n","protected":false},"featured_media":37183,"comment_status":"closed","ping_status":"closed","template":"","meta":{"inline_featured_image":false},"product_cat":[1636,772,838],"product_tag":[],"yst_prominent_words":[],"class_list":{"0":"post-37113","1":"product","2":"type-product","3":"status-publish","4":"has-post-thumbnail","6":"product_cat-termostati-vieda-maja","7":"product_cat-atlaides","8":"product_cat-termostati","10":"first","11":"instock","12":"sale","13":"taxable","14":"shipping-taxable","15":"purchasable","16":"product-type-simple"},"jetpack_sharing_enabled":true,"_links":{"self":[{"href":"https:\/\/ddt.lv\/lv\/wp-json\/wp\/v2\/product\/37113"}],"collection":[{"href":"https:\/\/ddt.lv\/lv\/wp-json\/wp\/v2\/product"}],"about":[{"href":"https:\/\/ddt.lv\/lv\/wp-json\/wp\/v2\/types\/product"}],"replies":[{"embeddable":true,"href":"https:\/\/ddt.lv\/lv\/wp-json\/wp\/v2\/comments?post=37113"}],"wp:featuredmedia":[{"embeddable":true,"href":"https:\/\/ddt.lv\/lv\/wp-json\/wp\/v2\/media\/37183"}],"wp:attachment":[{"href":"https:\/\/ddt.lv\/lv\/wp-json\/wp\/v2\/media?parent=37113"}],"wp:term":[{"taxonomy":"product_cat","embeddable":true,"href":"https:\/\/ddt.lv\/lv\/wp-json\/wp\/v2\/product_cat?post=37113"},{"taxonomy":"product_tag","embeddable":true,"href":"https:\/\/ddt.lv\/lv\/wp-json\/wp\/v2\/product_tag?post=37113"},{"taxonomy":"yst_prominent_words","embeddable":true,"href":"https:\/\/ddt.lv\/lv\/wp-json\/wp\/v2\/yst_prominent_words?post=37113"}],"curies":[{"name":"wp","href":"https:\/\/api.w.org\/{rel}","templated":true}]}}