{"id":37112,"date":"2023-05-02T21:00:34","date_gmt":"2023-05-02T18:00:34","guid":{"rendered":"https:\/\/ddt.lv\/lv\/product\/s-digitals-progr-termostats-gosmart-wifi-5-35c-2xaa-emos\/"},"modified":"2026-04-13T10:02:24","modified_gmt":"2026-04-13T07:02:24","slug":"s-digitals-progr-termostats-gosmart-wifi-5-35c-2xaa-emos","status":"publish","type":"product","link":"https:\/\/ddt.lv\/lv\/product\/s-digitals-progr-termostats-gosmart-wifi-5-35c-2xaa-emos\/","title":{"rendered":"s Digit\u0101ls progr. termostats GOSMART WIFI 5-35\u00b0C 2XAA  EMOS"},"content":{"rendered":"<p><span class=\"HwtZe\" lang=\"lv\"><span class=\"jCAhz ChMk0b\"><span class=\"ryNqvb\">Digit\u0101lais telpas termostats tiek izmantots autom\u0101tiskai apkures sist\u0113mu vad\u012bbai dz\u012bvok\u013cos, m\u0101j\u0101s un birojos p\u0113c regul\u0113jamas laika programmas.<\/span><\/span> <span class=\"jCAhz ChMk0b\"><span class=\"ryNqvb\">Produkta priek\u0161roc\u012bbas<\/span><\/span> <span class=\"jCAhz ChMk0b\"><span class=\"ryNqvb\">Iesp\u0113jo apkures regul\u0113\u0161anu ar t\u0101lvad\u012bbas iesp\u0113ju, izmantojot TUYA mobilo aplik\u0101ciju, izmantojot viedt\u0101lru\u0146us vai plan\u0161etdatorus (iPhone, Android).<\/span><\/span> <span class=\"jCAhz ChMk0b\"><span class=\"ryNqvb\">Papla\u0161in\u0101ts apraksts<\/span><\/span> <span class=\"jCAhz ChMk0b\"><span class=\"ryNqvb\">Nenov\u0113rt\u0113jams pal\u012bgs m\u0101j\u0101s<\/span><\/span> <span class=\"jCAhz ChMk0b\"><span class=\"ryNqvb\">Vai v\u0113laties, lai j\u016bsu m\u0101j\u0101s b\u016btu past\u0101v\u012bgs temperat\u016bras p\u0101rskats?<\/span><\/span> <span class=\"jCAhz ChMk0b\"><span class=\"ryNqvb\">Vai mekl\u0113jat veidu, k\u0101 samazin\u0101t apkures vai dzes\u0113\u0161anas izmaksas, vienlaikus saglab\u0101jot siltuma komfortu?<\/span><\/span> <span class=\"jCAhz ChMk0b\"><span class=\"ryNqvb\">Ar viedo termostatu P56201 no EMOS GoSmart s\u0113rijas tas ir vienk\u0101r\u0161i.<\/span><\/span> <span class=\"jCAhz ChMk0b\"><span class=\"ryNqvb\">Apkures vai gaisa kondicion\u0113\u0161anas regul\u0113\u0161ana, pamatojoties uz j\u016bsu GPS atra\u0161an\u0101s vietu, temperat\u016bras scen\u0101riju iestat\u012b\u0161ana konkr\u0113tai dienai un laikam un visu iestat\u012bjumu kontrole no jebkuras vietas, izmantojot lietotni. \u0160is ir tikai \u012bss \u0161im termostata papildu funkciju saraksts.<\/span><\/span> <span class=\"jCAhz ChMk0b\"><span class=\"ryNqvb\">Ja pievienojat \u0161o vienk\u0101r\u0161o mont\u0101\u017eu, moderno dizainu un iesp\u0113ju to vad\u012bt ar balsi, izmantojot Google Assistant un Amazon Alexa, j\u016bs ieg\u016bsit nenov\u0113rt\u0113jamu viedo pal\u012bgu savai m\u0101jai.<\/span><\/span> <\/span><\/p>","protected":false},"excerpt":{"rendered":"<p>Digit\u0101lais telpas termostats tiek izmantots autom\u0101tiskai apkures sist\u0113mu vad\u012bbai dz\u012bvok\u013cos, m\u0101j\u0101s un birojos p\u0113c regul\u0113jamas laika programmas. Produkta priek\u0161roc\u012bbas Iesp\u0113jo apkures regul\u0113\u0161anu ar t\u0101lvad\u012bbas iesp\u0113ju, izmantojot TUYA mobilo aplik\u0101ciju, izmantojot viedt\u0101lru\u0146us vai plan\u0161etdatorus (iPhone, Android). Papla\u0161in\u0101ts apraksts Nenov\u0113rt\u0113jams pal\u012bgs m\u0101j\u0101s Vai v\u0113laties, lai j\u016bsu m\u0101j\u0101s b\u016btu past\u0101v\u012bgs temperat\u016bras p\u0101rskats? Vai mekl\u0113jat veidu, k\u0101 samazin\u0101t apkures [&hellip;]<\/p>\n","protected":false},"featured_media":37174,"comment_status":"closed","ping_status":"closed","template":"","meta":{"inline_featured_image":false},"product_cat":[1636,772,838],"product_tag":[],"yst_prominent_words":[],"class_list":{"0":"post-37112","1":"product","2":"type-product","3":"status-publish","4":"has-post-thumbnail","6":"product_cat-termostati-vieda-maja","7":"product_cat-atlaides","8":"product_cat-termostati","10":"first","11":"instock","12":"sale","13":"taxable","14":"shipping-taxable","15":"purchasable","16":"product-type-simple"},"jetpack_sharing_enabled":true,"_links":{"self":[{"href":"https:\/\/ddt.lv\/lv\/wp-json\/wp\/v2\/product\/37112"}],"collection":[{"href":"https:\/\/ddt.lv\/lv\/wp-json\/wp\/v2\/product"}],"about":[{"href":"https:\/\/ddt.lv\/lv\/wp-json\/wp\/v2\/types\/product"}],"replies":[{"embeddable":true,"href":"https:\/\/ddt.lv\/lv\/wp-json\/wp\/v2\/comments?post=37112"}],"wp:featuredmedia":[{"embeddable":true,"href":"https:\/\/ddt.lv\/lv\/wp-json\/wp\/v2\/media\/37174"}],"wp:attachment":[{"href":"https:\/\/ddt.lv\/lv\/wp-json\/wp\/v2\/media?parent=37112"}],"wp:term":[{"taxonomy":"product_cat","embeddable":true,"href":"https:\/\/ddt.lv\/lv\/wp-json\/wp\/v2\/product_cat?post=37112"},{"taxonomy":"product_tag","embeddable":true,"href":"https:\/\/ddt.lv\/lv\/wp-json\/wp\/v2\/product_tag?post=37112"},{"taxonomy":"yst_prominent_words","embeddable":true,"href":"https:\/\/ddt.lv\/lv\/wp-json\/wp\/v2\/yst_prominent_words?post=37112"}],"curies":[{"name":"wp","href":"https:\/\/api.w.org\/{rel}","templated":true}]}}