{"id":37107,"date":"2023-05-02T21:00:33","date_gmt":"2023-05-02T18:00:33","guid":{"rendered":"https:\/\/ddt.lv\/lv\/product\/s-antena-ara-ar-past-0-100km-30-40-vhf-dab-uhf-790mhz-emos-2\/"},"modified":"2026-04-08T14:45:46","modified_gmt":"2026-04-08T11:45:46","slug":"s-antena-ara-ar-past-0-100km-30-40-vhf-dab-uhf-790mhz-emos-2","status":"publish","type":"product","link":"https:\/\/ddt.lv\/lv\/product\/s-antena-ara-ar-past-0-100km-30-40-vhf-dab-uhf-790mhz-emos-2\/","title":{"rendered":"s Antena \u0101ra ar past.0-100km 30&#8217;\/40&#8242; VHF\/DAB\/UHF 790MHZ EMOS"},"content":{"rendered":"<p>\u0100ra platjoslas TV antena ar pastiprin\u0101t\u0101ju, kas paredz\u0113ta telev\u012bzijas uztver\u0161anai sliktas sign\u0101la uztver\u0161anas viet\u0101s un att\u0101los att\u0101lumos no raido\u0161\u0101s antenas.<\/p>\n<p>To var izmantot, lai uztvertu sign\u0101lu ar horizont\u0101lu un vertik\u0101lu polariz\u0101ciju.<\/p>\n<p>Antenas tips &#8211; akt\u012bvs ar pastiprin\u0101t\u0101ju<\/p>\n<p>Ieb\u016bv\u0113ts pastiprin\u0101t\u0101js ar atsevi\u0161\u0137u avotu<\/p>\n<p>LTE filtrs &#8211; j\u0101<\/p>","protected":false},"excerpt":{"rendered":"<p>\u0100ra platjoslas TV antena ar pastiprin\u0101t\u0101ju, kas paredz\u0113ta telev\u012bzijas uztver\u0161anai sliktas sign\u0101la uztver\u0161anas viet\u0101s un att\u0101los att\u0101lumos no raido\u0161\u0101s antenas. To var izmantot, lai uztvertu sign\u0101lu ar horizont\u0101lu un vertik\u0101lu polariz\u0101ciju. Antenas tips &#8211; akt\u012bvs ar pastiprin\u0101t\u0101ju Ieb\u016bv\u0113ts pastiprin\u0101t\u0101js ar atsevi\u0161\u0137u avotu LTE filtrs &#8211; j\u0101<\/p>\n","protected":false},"featured_media":37168,"comment_status":"closed","ping_status":"closed","template":"","meta":{"inline_featured_image":false},"product_cat":[699],"product_tag":[],"yst_prominent_words":[],"class_list":{"0":"post-37107","1":"product","2":"type-product","3":"status-publish","4":"has-post-thumbnail","6":"product_cat-ara-antenas","8":"first","9":"instock","10":"taxable","11":"shipping-taxable","12":"purchasable","13":"product-type-simple"},"jetpack_sharing_enabled":true,"_links":{"self":[{"href":"https:\/\/ddt.lv\/lv\/wp-json\/wp\/v2\/product\/37107"}],"collection":[{"href":"https:\/\/ddt.lv\/lv\/wp-json\/wp\/v2\/product"}],"about":[{"href":"https:\/\/ddt.lv\/lv\/wp-json\/wp\/v2\/types\/product"}],"replies":[{"embeddable":true,"href":"https:\/\/ddt.lv\/lv\/wp-json\/wp\/v2\/comments?post=37107"}],"wp:featuredmedia":[{"embeddable":true,"href":"https:\/\/ddt.lv\/lv\/wp-json\/wp\/v2\/media\/37168"}],"wp:attachment":[{"href":"https:\/\/ddt.lv\/lv\/wp-json\/wp\/v2\/media?parent=37107"}],"wp:term":[{"taxonomy":"product_cat","embeddable":true,"href":"https:\/\/ddt.lv\/lv\/wp-json\/wp\/v2\/product_cat?post=37107"},{"taxonomy":"product_tag","embeddable":true,"href":"https:\/\/ddt.lv\/lv\/wp-json\/wp\/v2\/product_tag?post=37107"},{"taxonomy":"yst_prominent_words","embeddable":true,"href":"https:\/\/ddt.lv\/lv\/wp-json\/wp\/v2\/yst_prominent_words?post=37107"}],"curies":[{"name":"wp","href":"https:\/\/api.w.org\/{rel}","templated":true}]}}