{"id":37102,"date":"2023-05-02T21:00:31","date_gmt":"2023-05-02T18:00:31","guid":{"rendered":"https:\/\/ddt.lv\/lv\/product\/s-powerbank-wi1023d-10-000mah-bezv-22-5w-usb-a-usb-c-melns\/"},"modified":"2026-04-23T11:20:58","modified_gmt":"2026-04-23T08:20:58","slug":"s-powerbank-wi1023d-10-000mah-bezv-22-5w-usb-a-usb-c-melns","status":"publish","type":"product","link":"https:\/\/ddt.lv\/lv\/product\/s-powerbank-wi1023d-10-000mah-bezv-22-5w-usb-a-usb-c-melns\/","title":{"rendered":"Powerbank WI1023D 10 000mAh bezv. 22.5W  USB-A\/USB-C melns"},"content":{"rendered":"<p>\u0160is mini Powerbank no EMOS k\u013c\u016bs par j\u016bsu noder\u012bgo pal\u012bgu. Tas ietaup\u012bs daudz laika, pateicoties t\u0101 neparastajam uzl\u0101des \u0101trumam l\u012bdz 22,5 W un l\u012bdz 15 W bezvadu uzl\u0101dei.<\/p>\n<p>Tas ir savietojams ar MagSafe tehnolo\u0123iju, kas tika \u012bpa\u0161i izstr\u0101d\u0101ta \u0101tras un dro\u0161as bezvadu uzl\u0101des vajadz\u012bb\u0101m.<\/p>\n<p>Maz\u0101 jaudas banka, kas bag\u0101tin\u0101ta ar praktisku LED displeju, ir p\u0101rkl\u0101ta ar \u012bpa\u0161u virsmas aizsardz\u012bbu pret skr\u0101p\u0113jumiem, kas nov\u0113r\u0161 nev\u0113lamus t\u0101s skaistuma defektus. Papildus tam l\u012bdzi n\u0101k 3A USB-C kabelis un pa\u0161l\u012bm\u0113jo\u0161s magn\u0113tiskais gredzens, pateicoties kuram var\u0113si izmantot magn\u0113tisko stiprin\u0101jumu pat telefon\u0101 bez MagSafe meh\u0101nisma. \u0112rtai iecien\u012bt\u0101ko kan\u0101lu skat\u012b\u0161anai t\u0101lrun\u012b pat uzl\u0101des laik\u0101, to papildina praktisks izvelkams stat\u012bvs aizmugur\u0113.<\/p>","protected":false},"excerpt":{"rendered":"<p>\u0160is mini Powerbank no EMOS k\u013c\u016bs par j\u016bsu noder\u012bgo pal\u012bgu. Tas ietaup\u012bs daudz laika, pateicoties t\u0101 neparastajam uzl\u0101des \u0101trumam l\u012bdz 22,5 W un l\u012bdz 15 W bezvadu uzl\u0101dei. Tas ir savietojams ar MagSafe tehnolo\u0123iju, kas tika \u012bpa\u0161i izstr\u0101d\u0101ta \u0101tras un dro\u0161as bezvadu uzl\u0101des vajadz\u012bb\u0101m. Maz\u0101 jaudas banka, kas bag\u0101tin\u0101ta ar praktisku LED displeju, ir p\u0101rkl\u0101ta [&hellip;]<\/p>\n","protected":false},"featured_media":37140,"comment_status":"closed","ping_status":"closed","template":"","meta":{"inline_featured_image":false},"product_cat":[772,460],"product_tag":[],"yst_prominent_words":[],"class_list":{"0":"post-37102","1":"product","2":"type-product","3":"status-publish","4":"has-post-thumbnail","6":"product_cat-atlaides","7":"product_cat-uzlades-stacijas","9":"first","10":"instock","11":"sale","12":"taxable","13":"shipping-taxable","14":"purchasable","15":"product-type-simple"},"jetpack_sharing_enabled":true,"_links":{"self":[{"href":"https:\/\/ddt.lv\/lv\/wp-json\/wp\/v2\/product\/37102"}],"collection":[{"href":"https:\/\/ddt.lv\/lv\/wp-json\/wp\/v2\/product"}],"about":[{"href":"https:\/\/ddt.lv\/lv\/wp-json\/wp\/v2\/types\/product"}],"replies":[{"embeddable":true,"href":"https:\/\/ddt.lv\/lv\/wp-json\/wp\/v2\/comments?post=37102"}],"wp:featuredmedia":[{"embeddable":true,"href":"https:\/\/ddt.lv\/lv\/wp-json\/wp\/v2\/media\/37140"}],"wp:attachment":[{"href":"https:\/\/ddt.lv\/lv\/wp-json\/wp\/v2\/media?parent=37102"}],"wp:term":[{"taxonomy":"product_cat","embeddable":true,"href":"https:\/\/ddt.lv\/lv\/wp-json\/wp\/v2\/product_cat?post=37102"},{"taxonomy":"product_tag","embeddable":true,"href":"https:\/\/ddt.lv\/lv\/wp-json\/wp\/v2\/product_tag?post=37102"},{"taxonomy":"yst_prominent_words","embeddable":true,"href":"https:\/\/ddt.lv\/lv\/wp-json\/wp\/v2\/yst_prominent_words?post=37102"}],"curies":[{"name":"wp","href":"https:\/\/api.w.org\/{rel}","templated":true}]}}