{"id":37100,"date":"2023-05-02T21:00:31","date_gmt":"2023-05-02T18:00:31","guid":{"rendered":"https:\/\/ddt.lv\/lv\/product\/s-digitals-programmejams-termostats-gosmart-0-70c-2xaa-emos\/"},"modified":"2026-04-08T14:45:44","modified_gmt":"2026-04-08T11:45:44","slug":"s-digitals-programmejams-termostats-gosmart-0-70c-2xaa-emos","status":"publish","type":"product","link":"https:\/\/ddt.lv\/lv\/product\/s-digitals-programmejams-termostats-gosmart-0-70c-2xaa-emos\/","title":{"rendered":"s Digit\u0101ls programm\u0113jams termostats GOSMART 0-70\u00b0C 2XAA  EMOS"},"content":{"rendered":"<p>Izmantojot P5630S viedo termostata galvu no EMOS GoSmart s\u0113rijas, jums nav j\u0101uztraucas par ener\u0123ijas cenu pieaugumu. Taj\u0101 pa\u0161\u0101 laik\u0101 j\u016bs vienm\u0113r atgriez\u012bsities sav\u0101s m\u0101j\u0101s ar tie\u0161i t\u0101du temperat\u016bru, k\u0101du v\u0113laties. Apkures vad\u012bba, kuras pamat\u0101 ir GPS, temperat\u016bras iestat\u012b\u0161ana noteiktam laikam un dienai, un taj\u0101 pa\u0161\u0101 laik\u0101 vienk\u0101r\u0161a uzst\u0101d\u012b\u0161ana un moderns dizains.<\/p>\n<p>\u0160o pla\u0161i sader\u012bgo termostatu var \u0113rti vad\u012bt no t\u0101lru\u0146a, izmantojot lietotni EMOS GoSmart, vai ar balsi, izmantojot Google Assistant un Amazon Alexa.<\/p>","protected":false},"excerpt":{"rendered":"<p>Izmantojot P5630S viedo termostata galvu no EMOS GoSmart s\u0113rijas, jums nav j\u0101uztraucas par ener\u0123ijas cenu pieaugumu. Taj\u0101 pa\u0161\u0101 laik\u0101 j\u016bs vienm\u0113r atgriez\u012bsities sav\u0101s m\u0101j\u0101s ar tie\u0161i t\u0101du temperat\u016bru, k\u0101du v\u0113laties. Apkures vad\u012bba, kuras pamat\u0101 ir GPS, temperat\u016bras iestat\u012b\u0161ana noteiktam laikam un dienai, un taj\u0101 pa\u0161\u0101 laik\u0101 vienk\u0101r\u0161a uzst\u0101d\u012b\u0161ana un moderns dizains. \u0160o pla\u0161i sader\u012bgo termostatu [&hellip;]<\/p>\n","protected":false},"featured_media":37129,"comment_status":"closed","ping_status":"closed","template":"","meta":{"inline_featured_image":false},"product_cat":[1636,772,838],"product_tag":[],"yst_prominent_words":[],"class_list":{"0":"post-37100","1":"product","2":"type-product","3":"status-publish","4":"has-post-thumbnail","6":"product_cat-termostati-vieda-maja","7":"product_cat-atlaides","8":"product_cat-termostati","10":"first","11":"instock","12":"sale","13":"taxable","14":"shipping-taxable","15":"purchasable","16":"product-type-simple"},"jetpack_sharing_enabled":true,"_links":{"self":[{"href":"https:\/\/ddt.lv\/lv\/wp-json\/wp\/v2\/product\/37100"}],"collection":[{"href":"https:\/\/ddt.lv\/lv\/wp-json\/wp\/v2\/product"}],"about":[{"href":"https:\/\/ddt.lv\/lv\/wp-json\/wp\/v2\/types\/product"}],"replies":[{"embeddable":true,"href":"https:\/\/ddt.lv\/lv\/wp-json\/wp\/v2\/comments?post=37100"}],"wp:featuredmedia":[{"embeddable":true,"href":"https:\/\/ddt.lv\/lv\/wp-json\/wp\/v2\/media\/37129"}],"wp:attachment":[{"href":"https:\/\/ddt.lv\/lv\/wp-json\/wp\/v2\/media?parent=37100"}],"wp:term":[{"taxonomy":"product_cat","embeddable":true,"href":"https:\/\/ddt.lv\/lv\/wp-json\/wp\/v2\/product_cat?post=37100"},{"taxonomy":"product_tag","embeddable":true,"href":"https:\/\/ddt.lv\/lv\/wp-json\/wp\/v2\/product_tag?post=37100"},{"taxonomy":"yst_prominent_words","embeddable":true,"href":"https:\/\/ddt.lv\/lv\/wp-json\/wp\/v2\/yst_prominent_words?post=37100"}],"curies":[{"name":"wp","href":"https:\/\/api.w.org\/{rel}","templated":true}]}}