{"id":37099,"date":"2023-05-02T21:00:30","date_gmt":"2023-05-02T18:00:30","guid":{"rendered":"https:\/\/ddt.lv\/lv\/product\/s-pagarinatajs-gosmart-4-2m-16a-3680w-2xusb-a-z-balts-emos\/"},"modified":"2026-04-13T10:05:52","modified_gmt":"2026-04-13T07:05:52","slug":"s-pagarinatajs-gosmart-4-2m-16a-3680w-2xusb-a-z-balts-emos","status":"publish","type":"product","link":"https:\/\/ddt.lv\/lv\/product\/s-pagarinatajs-gosmart-4-2m-16a-3680w-2xusb-a-z-balts-emos\/","title":{"rendered":"s Pagarin\u0101t\u0101js GoSmart 4\/2m 16A 3680W+2xUSB a\/z balts EMOS"},"content":{"rendered":"<p>Inteli\u0123ents pal\u012bgs m\u0101jsaimniec\u012bb\u0101<br \/>\nVai v\u0113laties past\u0101v\u012bgi kontrol\u0113t savu m\u0101ju, pat ja neesat tur? P1422ST \u010detru ligzdu viedais str\u0101vas pagarin\u0101t\u0101js \u013cauj vad\u012bt pievienot\u0101s ier\u012bces no jebkuras vietas, izmantojot t\u0101lruni vai plan\u0161etdatoru, neatkar\u012bgi no t\u0101, vai atrodaties darb\u0101, atva\u013cin\u0101jum\u0101 vai d\u0101rz\u0101. Tikai ar vienu klik\u0161\u0137i lietotn\u0113 EMOS GoSmart varat iesl\u0113gt vai izsl\u0113gt pievienot\u0101s ier\u012bces (ventilatoru, elektrisko sild\u012bt\u0101ju utt.). Nodro\u0161iniet savas m\u0101jas dro\u0161u un ekonomisku ekspluat\u0101ciju!<br \/>\nAr iesp\u0113ju att\u0101lin\u0101ti iesl\u0113gt un izsl\u0113gt elektrisk\u0101s ier\u012bces, izm\u0113r\u012bt ener\u0123ijas pat\u0113ri\u0146u vai iestat\u012bt autom\u0101tisku iesl\u0113g\u0161anos un izsl\u0113g\u0161anu, pateicoties laika programmai, jebkuru elektroier\u012bci varat p\u0101rv\u0113rst viedier\u012bc\u0113.<\/p>\n<p>Praktisk\u0101s \u012bpa\u0161\u012bbas<br \/>\nIzmantojot viedo str\u0101vas pagarin\u0101t\u0101ju P1422ST, pirms do\u0161an\u0101s ce\u013c\u0101 varat viegli p\u0101rbaud\u012bt no att\u0101luma, vai tie\u0161\u0101m esat izsl\u0113dzis visas ier\u012bces. Un tas v\u0113l nav viss!<br \/>\nPateicoties taimera funkcijai, j\u016bs varat automatiz\u0113t to darb\u012bbu uz noteiktu stundu un dienu, uzraudz\u012bt piesl\u0113gto ier\u012b\u010du kop\u0113jo pat\u0113ri\u0146u un, pateicoties aplik\u0101cij\u0101 ierakst\u012btajai v\u0113sturei, p\u0101rbaud\u012bt, cik daudz ener\u0123ijas ir pat\u0113r\u0113ts noteikt\u0101 m\u0113nes\u012b.<br \/>\nVai ce\u013cojat un v\u0113laties, lai j\u016bsu ier\u012bces pa\u0161as iesl\u0113gtos pirms atgrie\u0161an\u0101s? Nek\u0101du probl\u0113mu! Izmantojot atpaka\u013cskait\u012b\u0161anas funkciju, varat iestat\u012bt autom\u0101tisko iesl\u0113g\u0161anos un izsl\u0113g\u0161anu katram kontaktam atsevi\u0161\u0137i.<\/p>\n<p>Nepievienojiet tikai sadz\u012bves tehniku! Viedais str\u0101vas pagarin\u0101t\u0101js P1422ST ir apr\u012bkota ar 4 baro\u0161anas kontaktiem ar indikatora gaismu, kas sp\u0113j iztur\u0113t maksim\u0101lo str\u0101vu 16 A un slodzi 3680 W. Ir ar\u012b iesl\u0113g\u0161anas\/izsl\u0113g\u0161anas sl\u0113dzis sloksnes manu\u0101lai vad\u012bbai.<br \/>\nPraktisks papildin\u0101jums ir 2 USB piesl\u0113gvietas, proti, 1x USB-A un 1x USB-C ar Qualcomm, kas uzl\u0101d\u0113 pievienot\u0101s ier\u012bces pat tad, ja baro\u0161anas bloks ir izsl\u0113gts, izmantojot iesl\u0113g\u0161anas\/izsl\u0113g\u0161anas sl\u0113dzi.<\/p>","protected":false},"excerpt":{"rendered":"<p>Inteli\u0123ents pal\u012bgs m\u0101jsaimniec\u012bb\u0101 Vai v\u0113laties past\u0101v\u012bgi kontrol\u0113t savu m\u0101ju, pat ja neesat tur? P1422ST \u010detru ligzdu viedais str\u0101vas pagarin\u0101t\u0101js \u013cauj vad\u012bt pievienot\u0101s ier\u012bces no jebkuras vietas, izmantojot t\u0101lruni vai plan\u0161etdatoru, neatkar\u012bgi no t\u0101, vai atrodaties darb\u0101, atva\u013cin\u0101jum\u0101 vai d\u0101rz\u0101. Tikai ar vienu klik\u0161\u0137i lietotn\u0113 EMOS GoSmart varat iesl\u0113gt vai izsl\u0113gt pievienot\u0101s ier\u012bces (ventilatoru, elektrisko sild\u012bt\u0101ju [&hellip;]<\/p>\n","protected":false},"featured_media":37117,"comment_status":"closed","ping_status":"closed","template":"","meta":{"inline_featured_image":false},"product_cat":[772,746],"product_tag":[],"yst_prominent_words":[],"class_list":{"0":"post-37099","1":"product","2":"type-product","3":"status-publish","4":"has-post-thumbnail","6":"product_cat-atlaides","7":"product_cat-pagarinataji-pagarinataji-un-sadalitaji","9":"first","10":"outofstock","11":"sale","12":"taxable","13":"shipping-taxable","14":"purchasable","15":"product-type-simple"},"jetpack_sharing_enabled":true,"_links":{"self":[{"href":"https:\/\/ddt.lv\/lv\/wp-json\/wp\/v2\/product\/37099"}],"collection":[{"href":"https:\/\/ddt.lv\/lv\/wp-json\/wp\/v2\/product"}],"about":[{"href":"https:\/\/ddt.lv\/lv\/wp-json\/wp\/v2\/types\/product"}],"replies":[{"embeddable":true,"href":"https:\/\/ddt.lv\/lv\/wp-json\/wp\/v2\/comments?post=37099"}],"wp:featuredmedia":[{"embeddable":true,"href":"https:\/\/ddt.lv\/lv\/wp-json\/wp\/v2\/media\/37117"}],"wp:attachment":[{"href":"https:\/\/ddt.lv\/lv\/wp-json\/wp\/v2\/media?parent=37099"}],"wp:term":[{"taxonomy":"product_cat","embeddable":true,"href":"https:\/\/ddt.lv\/lv\/wp-json\/wp\/v2\/product_cat?post=37099"},{"taxonomy":"product_tag","embeddable":true,"href":"https:\/\/ddt.lv\/lv\/wp-json\/wp\/v2\/product_tag?post=37099"},{"taxonomy":"yst_prominent_words","embeddable":true,"href":"https:\/\/ddt.lv\/lv\/wp-json\/wp\/v2\/yst_prominent_words?post=37099"}],"curies":[{"name":"wp","href":"https:\/\/api.w.org\/{rel}","templated":true}]}}