{"id":36981,"date":"2023-04-05T10:40:31","date_gmt":"2023-04-05T07:40:31","guid":{"rendered":"https:\/\/ddt.lv\/lv\/product\/led-spuldze-emos-filamenta-svecite-e14-4-2w-230v-465lm-2700k-ra80-emos\/"},"modified":"2026-04-08T14:45:28","modified_gmt":"2026-04-08T11:45:28","slug":"led-spuldze-emos-filamenta-svecite-e14-4-2w-230v-465lm-2700k-ra80-emos","status":"publish","type":"product","link":"https:\/\/ddt.lv\/lv\/product\/led-spuldze-emos-filamenta-svecite-e14-4-2w-230v-465lm-2700k-ra80-emos\/","title":{"rendered":"LED spuldze EMOS Filamenta svec\u012bte E14 4.2W 230V 465lm 2700K Ra&gt;80 EMOS"},"content":{"rendered":"<p>LED spuldze EMOS Filamenta svec\u012bte E14 4.2W 230V 465lm 2700K Ra&gt;80 EMOS<\/p>\n<p>LED spuldze sveces form\u0101 darbojas ar jaudu 4,2W, un t\u0101s ekvivalents ir tradicion\u0101ls gaismas avots ar jaudu 40W. Produktam ir E14 pamatne, un tas sp\u012bd ar silti baltu gaismu ar 2700K kr\u0101sas temperat\u016bru un 465 l\u016bmenu gaismas pl\u016bsmu. LED spuldze ir apr\u012bkota ar caursp\u012bd\u012bgu aba\u017e\u016bru ar dekorat\u012bviem pavedieniem. Pied\u0101v\u0101tais gaismas avots b\u016bs lielisks risin\u0101jums lamp\u0101s ar redzamu gaismas avotu. Apr\u0113\u0137in\u0101tais spuldzes kalpo\u0161anas laiks ir aptuveni 25 000 stundu un 15 000 iesl\u0113g\u0161anas un izsl\u0113g\u0161anas ciklu. Spuldzei ir pagarin\u0101ta garantija &#8211; 3 gadi. Modelis ir pieejams da\u017e\u0101d\u0101s stipr\u012bb\u0101s un kr\u0101s\u0101s.<\/p>","protected":false},"excerpt":{"rendered":"<p>LED spuldze EMOS Filamenta svec\u012bte E14 4.2W 230V 465lm 2700K Ra&gt;80 EMOS LED spuldze sveces form\u0101 darbojas ar jaudu 4,2W, un t\u0101s ekvivalents ir tradicion\u0101ls gaismas avots ar jaudu 40W. Produktam ir E14 pamatne, un tas sp\u012bd ar silti baltu gaismu ar 2700K kr\u0101sas temperat\u016bru un 465 l\u016bmenu gaismas pl\u016bsmu. LED spuldze ir apr\u012bkota ar [&hellip;]<\/p>\n","protected":false},"featured_media":34343,"comment_status":"closed","ping_status":"closed","template":"","meta":{"inline_featured_image":false},"product_cat":[925],"product_tag":[],"yst_prominent_words":[],"class_list":{"0":"post-36981","1":"product","2":"type-product","3":"status-publish","4":"has-post-thumbnail","6":"product_cat-filament-tipa-spuldzes","8":"first","9":"outofstock","10":"taxable","11":"shipping-taxable","12":"purchasable","13":"product-type-simple"},"jetpack_sharing_enabled":true,"_links":{"self":[{"href":"https:\/\/ddt.lv\/lv\/wp-json\/wp\/v2\/product\/36981"}],"collection":[{"href":"https:\/\/ddt.lv\/lv\/wp-json\/wp\/v2\/product"}],"about":[{"href":"https:\/\/ddt.lv\/lv\/wp-json\/wp\/v2\/types\/product"}],"replies":[{"embeddable":true,"href":"https:\/\/ddt.lv\/lv\/wp-json\/wp\/v2\/comments?post=36981"}],"wp:featuredmedia":[{"embeddable":true,"href":"https:\/\/ddt.lv\/lv\/wp-json\/wp\/v2\/media\/34343"}],"wp:attachment":[{"href":"https:\/\/ddt.lv\/lv\/wp-json\/wp\/v2\/media?parent=36981"}],"wp:term":[{"taxonomy":"product_cat","embeddable":true,"href":"https:\/\/ddt.lv\/lv\/wp-json\/wp\/v2\/product_cat?post=36981"},{"taxonomy":"product_tag","embeddable":true,"href":"https:\/\/ddt.lv\/lv\/wp-json\/wp\/v2\/product_tag?post=36981"},{"taxonomy":"yst_prominent_words","embeddable":true,"href":"https:\/\/ddt.lv\/lv\/wp-json\/wp\/v2\/yst_prominent_words?post=36981"}],"curies":[{"name":"wp","href":"https:\/\/api.w.org\/{rel}","templated":true}]}}