{"id":36962,"date":"2023-04-05T10:40:25","date_gmt":"2023-04-05T07:40:25","guid":{"rendered":"https:\/\/ddt.lv\/lv\/product\/led-candle-clear-e14-6w-240v-806m-2700k-sylvania-spuldze\/"},"modified":"2026-04-08T14:42:00","modified_gmt":"2026-04-08T11:42:00","slug":"led-candle-clear-e14-6w-240v-806m-2700k-sylvania-spuldze","status":"publish","type":"product","link":"https:\/\/ddt.lv\/lv\/product\/led-candle-clear-e14-6w-240v-806m-2700k-sylvania-spuldze\/","title":{"rendered":"LED CANDLE Clear E14 6W 240V 806m 2700K Sylvania spuldze"},"content":{"rendered":"<p>Lieliski piem\u0113rots dekorat\u012bvam un visp\u0101r\u0113jam apgaismojumam un rada siltu atmosf\u0113ru, kas ir l\u012bdz\u012bga<br \/>\ntradicion\u0101l\u0101s lampas<br \/>\n\u00b7 Daudzpus\u012bg\u0101 ToLEDo Retro sve\u010du kl\u0101sts ir ide\u0101ls halog\u0113na un kv\u0113lsve\u010du aizst\u0101j\u0113js<br \/>\nlampas un lieliski piem\u0113rotas lust\u0101m un dekorat\u012bviem lietojumiem<br \/>\n\u00b7 T\u0101ds pats izskats, izm\u0113rs un funkcionalit\u0101te k\u0101 kv\u0113lspuldz\u0113m<br \/>\n\u00b7 Daudzvirzienu gaismas sadale<br \/>\n\u00b7 Nodro\u0161ina t\u0101du pa\u0161u dzirksto\u0161\u0101s gaismas efektu k\u0101 kv\u0113lspuldze<br \/>\n\u00b7 Izm\u0113ri identisks kv\u0113lspuldz\u0113m \u2013 der visiem armat\u016br\u0101m<br \/>\n\u00b7 Videi draudz\u012bgs \u2013 bez dz\u012bvsudraba un zem\u0101kas CO2 emisijas<\/p>","protected":false},"excerpt":{"rendered":"<p>Lieliski piem\u0113rots dekorat\u012bvam un visp\u0101r\u0113jam apgaismojumam un rada siltu atmosf\u0113ru, kas ir l\u012bdz\u012bga tradicion\u0101l\u0101s lampas \u00b7 Daudzpus\u012bg\u0101 ToLEDo Retro sve\u010du kl\u0101sts ir ide\u0101ls halog\u0113na un kv\u0113lsve\u010du aizst\u0101j\u0113js lampas un lieliski piem\u0113rotas lust\u0101m un dekorat\u012bviem lietojumiem \u00b7 T\u0101ds pats izskats, izm\u0113rs un funkcionalit\u0101te k\u0101 kv\u0113lspuldz\u0113m \u00b7 Daudzvirzienu gaismas sadale \u00b7 Nodro\u0161ina t\u0101du pa\u0161u dzirksto\u0161\u0101s gaismas efektu [&hellip;]<\/p>\n","protected":false},"featured_media":36143,"comment_status":"closed","ping_status":"closed","template":"","meta":{"inline_featured_image":false},"product_cat":[925],"product_tag":[],"yst_prominent_words":[],"class_list":{"0":"post-36962","1":"product","2":"type-product","3":"status-publish","4":"has-post-thumbnail","6":"product_cat-filament-tipa-spuldzes","8":"first","9":"instock","10":"taxable","11":"shipping-taxable","12":"purchasable","13":"product-type-simple"},"jetpack_sharing_enabled":true,"_links":{"self":[{"href":"https:\/\/ddt.lv\/lv\/wp-json\/wp\/v2\/product\/36962"}],"collection":[{"href":"https:\/\/ddt.lv\/lv\/wp-json\/wp\/v2\/product"}],"about":[{"href":"https:\/\/ddt.lv\/lv\/wp-json\/wp\/v2\/types\/product"}],"replies":[{"embeddable":true,"href":"https:\/\/ddt.lv\/lv\/wp-json\/wp\/v2\/comments?post=36962"}],"wp:featuredmedia":[{"embeddable":true,"href":"https:\/\/ddt.lv\/lv\/wp-json\/wp\/v2\/media\/36143"}],"wp:attachment":[{"href":"https:\/\/ddt.lv\/lv\/wp-json\/wp\/v2\/media?parent=36962"}],"wp:term":[{"taxonomy":"product_cat","embeddable":true,"href":"https:\/\/ddt.lv\/lv\/wp-json\/wp\/v2\/product_cat?post=36962"},{"taxonomy":"product_tag","embeddable":true,"href":"https:\/\/ddt.lv\/lv\/wp-json\/wp\/v2\/product_tag?post=36962"},{"taxonomy":"yst_prominent_words","embeddable":true,"href":"https:\/\/ddt.lv\/lv\/wp-json\/wp\/v2\/yst_prominent_words?post=36962"}],"curies":[{"name":"wp","href":"https:\/\/api.w.org\/{rel}","templated":true}]}}