{"id":36926,"date":"2023-03-30T11:20:22","date_gmt":"2023-03-30T08:20:22","guid":{"rendered":"https:\/\/ddt.lv\/lv\/product\/led-stavlampa-avide-9w-rgb-3000k-muzikas-sens-tuya-pults\/"},"modified":"2026-04-13T10:05:56","modified_gmt":"2026-04-13T07:05:56","slug":"led-stavlampa-avide-9w-rgb-3000k-muzikas-sens-tuya-pults","status":"publish","type":"product","link":"https:\/\/ddt.lv\/lv\/product\/led-stavlampa-avide-9w-rgb-3000k-muzikas-sens-tuya-pults\/","title":{"rendered":"LED st\u0101vlampa AVIDE 9W RGB+3000K  m\u016bzikas sens.,tuya, pults"},"content":{"rendered":"<p>Avide st\u016bra lampa ir moderns apgaismojuma produkts un\u00a0daudzpus\u012bgs, paredz\u0113ts komfortablas atmosf\u0113ras rad\u012b\u0161anai un\u00a0atp\u016bsties sav\u0101 viesistab\u0101 vai gu\u013camistab\u0101.<\/p>\n<p>\u0160ai lampai ir vair\u0101kas funkcijas, kas padara to par vienu\u00a0no pievilc\u012bg\u0101kajiem produktiem tirg\u016b.\u00a0Avide lampai ir integr\u0113ts m\u016bzikas sensors un t\u0101 ir\u00a0sader\u012bga ar Bluetooth, kas noz\u012bm\u0113, ka varat to savienot\u00a0ar t\u0101lruni, lai kontrol\u0113tu spilgtuma l\u012bmeni,\u00a0laika gait\u0101 piel\u0101gojama intensit\u0101te vai kr\u0101su sh\u0113ma\u00a0ar kuru tu atp\u016bties vai izklaid\u0113jies?<\/p>\n<p>Lampu var vad\u012bt ar t\u0101lvad\u012bbas pulti vai ar\u00a0izmantojot mobilo lietojumprogrammu, kas ir sader\u012bga ar sist\u0113m\u0101m\u00a0iOS un Android darb\u012bba.\u00a0Ar\u012b mobil\u0101 lietojumprogramma var mijiedarboties, izmantojot Tuya,\u00a0kas padara lampas vad\u012bbu vienk\u0101r\u0161\u0101ku un intuit\u012bv\u0101ku.<\/p>\n<p>Avide st\u016bra lampa ir apr\u012bkota ar\u012b ar integr\u0113tu mikrofonu,\u00a0kas noz\u012bm\u0113, ka t\u0101 var noteikt ska\u0146u un sinhroniz\u0113t gaismu<\/p>\n<p>ar m\u016bzikas ritmu. Izmantojot RGB re\u017e\u012bmu, atkar\u012bb\u0101 no funkcijas varat izv\u0113l\u0113ties no vair\u0101k\u0101m kr\u0101s\u0101m\u00a0atbilsto\u0161i sav\u0101m v\u0113lm\u0113m un ar balt\u0101s gaismas re\u017e\u012bmu varat ieg\u016bt vair\u0101k gaismas\u00a0stipr\u0101ks vai maig\u0101ks, atkar\u012bb\u0101 no j\u016bsu garast\u0101vok\u013ca. Lampa ir no\u00a0ar\u012b aptum\u0161ojams, lai j\u016bs var\u0113tu piel\u0101got gaismas intensit\u0101ti l\u012bdz\u00a0rad\u012bt int\u012bm\u0101ku un relaks\u0113jo\u0161\u0101ku atmosf\u0113ru.\u00a0Avide lampai ir moderns un minim\u0101listisks dizains, kas der\u0113s ar\u00a0jebkur\u0161 dekor\u0113\u0161anas stils. T\u0101 ir ide\u0101la izv\u0113le ikvienam, kas to v\u0113las\u00a0p\u0101rv\u0113r\u0161 telpu par \u0113rtu un relaks\u0113jo\u0161u vietu.<\/p>\n<p>&nbsp;<\/p>","protected":false},"excerpt":{"rendered":"<p>Avide st\u016bra lampa ir moderns apgaismojuma produkts un\u00a0daudzpus\u012bgs, paredz\u0113ts komfortablas atmosf\u0113ras rad\u012b\u0161anai un\u00a0atp\u016bsties sav\u0101 viesistab\u0101 vai gu\u013camistab\u0101. \u0160ai lampai ir vair\u0101kas funkcijas, kas padara to par vienu\u00a0no pievilc\u012bg\u0101kajiem produktiem tirg\u016b.\u00a0Avide lampai ir integr\u0113ts m\u016bzikas sensors un t\u0101 ir\u00a0sader\u012bga ar Bluetooth, kas noz\u012bm\u0113, ka varat to savienot\u00a0ar t\u0101lruni, lai kontrol\u0113tu spilgtuma l\u012bmeni,\u00a0laika gait\u0101 piel\u0101gojama intensit\u0101te vai [&hellip;]<\/p>\n","protected":false},"featured_media":36932,"comment_status":"closed","ping_status":"closed","template":"","meta":{"inline_featured_image":false},"product_cat":[772,1292],"product_tag":[],"yst_prominent_words":[],"class_list":{"0":"post-36926","1":"product","2":"type-product","3":"status-publish","4":"has-post-thumbnail","6":"product_cat-atlaides","7":"product_cat-galda-lampas-un-stavlampas-apgaismojums","9":"first","10":"instock","11":"sale","12":"taxable","13":"shipping-taxable","14":"purchasable","15":"product-type-simple"},"jetpack_sharing_enabled":true,"_links":{"self":[{"href":"https:\/\/ddt.lv\/lv\/wp-json\/wp\/v2\/product\/36926"}],"collection":[{"href":"https:\/\/ddt.lv\/lv\/wp-json\/wp\/v2\/product"}],"about":[{"href":"https:\/\/ddt.lv\/lv\/wp-json\/wp\/v2\/types\/product"}],"replies":[{"embeddable":true,"href":"https:\/\/ddt.lv\/lv\/wp-json\/wp\/v2\/comments?post=36926"}],"wp:featuredmedia":[{"embeddable":true,"href":"https:\/\/ddt.lv\/lv\/wp-json\/wp\/v2\/media\/36932"}],"wp:attachment":[{"href":"https:\/\/ddt.lv\/lv\/wp-json\/wp\/v2\/media?parent=36926"}],"wp:term":[{"taxonomy":"product_cat","embeddable":true,"href":"https:\/\/ddt.lv\/lv\/wp-json\/wp\/v2\/product_cat?post=36926"},{"taxonomy":"product_tag","embeddable":true,"href":"https:\/\/ddt.lv\/lv\/wp-json\/wp\/v2\/product_tag?post=36926"},{"taxonomy":"yst_prominent_words","embeddable":true,"href":"https:\/\/ddt.lv\/lv\/wp-json\/wp\/v2\/yst_prominent_words?post=36926"}],"curies":[{"name":"wp","href":"https:\/\/api.w.org\/{rel}","templated":true}]}}