{"id":36925,"date":"2023-03-30T11:20:21","date_gmt":"2023-03-30T08:20:21","guid":{"rendered":"https:\/\/ddt.lv\/lv\/product\/led-stavlampa-avide-11-5w-rgb-w-muzikas-sensors-pults\/"},"modified":"2026-04-13T10:05:56","modified_gmt":"2026-04-13T07:05:56","slug":"led-stavlampa-avide-11-5w-rgb-w-muzikas-sensors-pults","status":"publish","type":"product","link":"https:\/\/ddt.lv\/lv\/product\/led-stavlampa-avide-11-5w-rgb-w-muzikas-sensors-pults\/","title":{"rendered":"LED st\u0101vlampa AVIDE 11.5W RGB+W M\u016bzikas sensors, pults"},"content":{"rendered":"<p>St\u0101vo\u0161\u0101s LED lampas modelis ar digit\u0101lo RGB+W gaitas gaismu un m\u016bzikas sensoru ir daudzu iecien\u012bts!<br \/>\nAr komplekt\u0101cij\u0101 iek\u013cauto IR t\u0101lvad\u012bbas pulti vari piel\u0101got gaitas gaismu, tradicion\u0101l\u0101s kr\u0101sas un da\u017e\u0101dus apgaismojuma re\u017e\u012bmus atbilsto\u0161i savam noska\u0146ojumam.<\/p>\n<p>St\u0101vlampai ir ar\u012b m\u016bzikas sensors, kas maina kr\u0101sas atbilsto\u0161i ritmam.<\/p>\n<p class=\"h-h3\">\n<p><\/p>","protected":false},"excerpt":{"rendered":"<p>St\u0101vo\u0161\u0101s LED lampas modelis ar digit\u0101lo RGB+W gaitas gaismu un m\u016bzikas sensoru ir daudzu iecien\u012bts! Ar komplekt\u0101cij\u0101 iek\u013cauto IR t\u0101lvad\u012bbas pulti vari piel\u0101got gaitas gaismu, tradicion\u0101l\u0101s kr\u0101sas un da\u017e\u0101dus apgaismojuma re\u017e\u012bmus atbilsto\u0161i savam noska\u0146ojumam. St\u0101vlampai ir ar\u012b m\u016bzikas sensors, kas maina kr\u0101sas atbilsto\u0161i ritmam.<\/p>\n","protected":false},"featured_media":36930,"comment_status":"closed","ping_status":"closed","template":"","meta":{"inline_featured_image":false},"product_cat":[772,1292],"product_tag":[],"yst_prominent_words":[],"class_list":{"0":"post-36925","1":"product","2":"type-product","3":"status-publish","4":"has-post-thumbnail","6":"product_cat-atlaides","7":"product_cat-galda-lampas-un-stavlampas-apgaismojums","9":"first","10":"instock","11":"sale","12":"taxable","13":"shipping-taxable","14":"purchasable","15":"product-type-simple"},"jetpack_sharing_enabled":true,"_links":{"self":[{"href":"https:\/\/ddt.lv\/lv\/wp-json\/wp\/v2\/product\/36925"}],"collection":[{"href":"https:\/\/ddt.lv\/lv\/wp-json\/wp\/v2\/product"}],"about":[{"href":"https:\/\/ddt.lv\/lv\/wp-json\/wp\/v2\/types\/product"}],"replies":[{"embeddable":true,"href":"https:\/\/ddt.lv\/lv\/wp-json\/wp\/v2\/comments?post=36925"}],"wp:featuredmedia":[{"embeddable":true,"href":"https:\/\/ddt.lv\/lv\/wp-json\/wp\/v2\/media\/36930"}],"wp:attachment":[{"href":"https:\/\/ddt.lv\/lv\/wp-json\/wp\/v2\/media?parent=36925"}],"wp:term":[{"taxonomy":"product_cat","embeddable":true,"href":"https:\/\/ddt.lv\/lv\/wp-json\/wp\/v2\/product_cat?post=36925"},{"taxonomy":"product_tag","embeddable":true,"href":"https:\/\/ddt.lv\/lv\/wp-json\/wp\/v2\/product_tag?post=36925"},{"taxonomy":"yst_prominent_words","embeddable":true,"href":"https:\/\/ddt.lv\/lv\/wp-json\/wp\/v2\/yst_prominent_words?post=36925"}],"curies":[{"name":"wp","href":"https:\/\/api.w.org\/{rel}","templated":true}]}}