{"id":36886,"date":"2023-03-28T22:40:30","date_gmt":"2023-03-28T19:40:30","guid":{"rendered":"https:\/\/ddt.lv\/lv\/product\/iep-10\/"},"modified":"2026-04-13T10:05:25","modified_gmt":"2026-04-13T07:05:25","slug":"iep-10","status":"publish","type":"product","link":"https:\/\/ddt.lv\/lv\/product\/kontaktligzda-ar-zem-3x2p-e-ar-b-a-16a-ip20-v-a-forix-krems\/","title":{"rendered":"Kontaktligzda ar zem. 3X2P+E ar b\/a 16A IP20 v\/a FORIX kr\u0113ms"},"content":{"rendered":"<p>Forix rozete ar zem\u0113jumu un b\u0113rnu aizsardz\u012bbu, 3 viet\u012bga, virsapmetuma, IP2X, b\u0113\u0161i balt\u0101 kr\u0101s\u0101, no ra\u017eot\u0101ja Legrand.<\/p>","protected":false},"excerpt":{"rendered":"<p>Forix rozete ar zem\u0113jumu un b\u0113rnu aizsardz\u012bbu, 3 viet\u012bga, virsapmetuma, IP2X, b\u0113\u0161i balt\u0101 kr\u0101s\u0101, no ra\u017eot\u0101ja Legrand.<\/p>\n","protected":false},"featured_media":36920,"comment_status":"closed","ping_status":"closed","template":"","meta":{"inline_featured_image":false},"product_cat":[1301],"product_tag":[],"yst_prominent_words":[],"class_list":{"0":"post-36886","1":"product","2":"type-product","3":"status-publish","4":"has-post-thumbnail","6":"product_cat-rozetes","8":"first","9":"instock","10":"taxable","11":"shipping-taxable","12":"purchasable","13":"product-type-simple"},"jetpack_sharing_enabled":true,"_links":{"self":[{"href":"https:\/\/ddt.lv\/lv\/wp-json\/wp\/v2\/product\/36886"}],"collection":[{"href":"https:\/\/ddt.lv\/lv\/wp-json\/wp\/v2\/product"}],"about":[{"href":"https:\/\/ddt.lv\/lv\/wp-json\/wp\/v2\/types\/product"}],"replies":[{"embeddable":true,"href":"https:\/\/ddt.lv\/lv\/wp-json\/wp\/v2\/comments?post=36886"}],"wp:featuredmedia":[{"embeddable":true,"href":"https:\/\/ddt.lv\/lv\/wp-json\/wp\/v2\/media\/36920"}],"wp:attachment":[{"href":"https:\/\/ddt.lv\/lv\/wp-json\/wp\/v2\/media?parent=36886"}],"wp:term":[{"taxonomy":"product_cat","embeddable":true,"href":"https:\/\/ddt.lv\/lv\/wp-json\/wp\/v2\/product_cat?post=36886"},{"taxonomy":"product_tag","embeddable":true,"href":"https:\/\/ddt.lv\/lv\/wp-json\/wp\/v2\/product_tag?post=36886"},{"taxonomy":"yst_prominent_words","embeddable":true,"href":"https:\/\/ddt.lv\/lv\/wp-json\/wp\/v2\/yst_prominent_words?post=36886"}],"curies":[{"name":"wp","href":"https:\/\/api.w.org\/{rel}","templated":true}]}}