{"id":36880,"date":"2023-03-28T22:20:33","date_gmt":"2023-03-28T19:20:33","guid":{"rendered":"https:\/\/ddt.lv\/lv\/product\/automatsledzis-lr-b-40a-6ka-legrand\/"},"modified":"2026-04-08T14:27:24","modified_gmt":"2026-04-08T11:27:24","slug":"automatsledzis-lr-b-40a-6ka-legrand","status":"publish","type":"product","link":"https:\/\/ddt.lv\/lv\/product\/automatsledzis-lr-b-40a-6ka-legrand\/","title":{"rendered":"Autom\u0101tsl\u0113dzis LR B 40A 6kA LEGRAND"},"content":{"rendered":"<p>Autom\u0101tsl\u0113dzis LR B 40A 6kA no ra\u017eot\u0101ja LEGRAND<\/p>","protected":false},"excerpt":{"rendered":"<p>Autom\u0101tsl\u0113dzis LR B 40A 6kA no ra\u017eot\u0101ja LEGRAND<\/p>\n","protected":false},"featured_media":36911,"comment_status":"closed","ping_status":"closed","template":"","meta":{"inline_featured_image":false},"product_cat":[1349],"product_tag":[],"yst_prominent_words":[],"class_list":{"0":"post-36880","1":"product","2":"type-product","3":"status-publish","4":"has-post-thumbnail","6":"product_cat-automatsledzi","8":"first","9":"instock","10":"taxable","11":"shipping-taxable","12":"purchasable","13":"product-type-simple"},"jetpack_sharing_enabled":true,"_links":{"self":[{"href":"https:\/\/ddt.lv\/lv\/wp-json\/wp\/v2\/product\/36880"}],"collection":[{"href":"https:\/\/ddt.lv\/lv\/wp-json\/wp\/v2\/product"}],"about":[{"href":"https:\/\/ddt.lv\/lv\/wp-json\/wp\/v2\/types\/product"}],"replies":[{"embeddable":true,"href":"https:\/\/ddt.lv\/lv\/wp-json\/wp\/v2\/comments?post=36880"}],"wp:featuredmedia":[{"embeddable":true,"href":"https:\/\/ddt.lv\/lv\/wp-json\/wp\/v2\/media\/36911"}],"wp:attachment":[{"href":"https:\/\/ddt.lv\/lv\/wp-json\/wp\/v2\/media?parent=36880"}],"wp:term":[{"taxonomy":"product_cat","embeddable":true,"href":"https:\/\/ddt.lv\/lv\/wp-json\/wp\/v2\/product_cat?post=36880"},{"taxonomy":"product_tag","embeddable":true,"href":"https:\/\/ddt.lv\/lv\/wp-json\/wp\/v2\/product_tag?post=36880"},{"taxonomy":"yst_prominent_words","embeddable":true,"href":"https:\/\/ddt.lv\/lv\/wp-json\/wp\/v2\/yst_prominent_words?post=36880"}],"curies":[{"name":"wp","href":"https:\/\/api.w.org\/{rel}","templated":true}]}}