{"id":36856,"date":"2023-03-26T19:20:28","date_gmt":"2023-03-26T16:20:28","guid":{"rendered":"https:\/\/ddt.lv\/lv\/product\/so-conven-led-barosanas-bloks-driver-12v-36w-eu-syl\/"},"modified":"2026-04-08T14:31:24","modified_gmt":"2026-04-08T11:31:24","slug":"so-conven-led-barosanas-bloks-driver-12v-36w-eu-syl","status":"publish","type":"product","link":"https:\/\/ddt.lv\/lv\/product\/so-conven-led-barosanas-bloks-driver-12v-36w-eu-syl\/","title":{"rendered":"Conven LED Baro\u0161anas bloks DRIVER 12V 36W EU SYL"},"content":{"rendered":"<p>LED Convenio draivera piederums ar ES spraudni. Ide\u0101li piem\u0113rots Convenio diapazona papla\u0161in\u0101\u0161anai, 36W, 12V.<\/p>","protected":false},"excerpt":{"rendered":"<p>LED Convenio draivera piederums ar ES spraudni. Ide\u0101li piem\u0113rots Convenio diapazona papla\u0161in\u0101\u0161anai, 36W, 12V.<\/p>\n","protected":false},"featured_media":36867,"comment_status":"closed","ping_status":"closed","template":"","meta":{"inline_featured_image":false},"product_cat":[772,907],"product_tag":[],"yst_prominent_words":[],"class_list":{"0":"post-36856","1":"product","2":"type-product","3":"status-publish","4":"has-post-thumbnail","6":"product_cat-atlaides","7":"product_cat-iekares-ramji-u-c-piederumi-led-iekstelpu-gaismekli","9":"first","10":"instock","11":"sale","12":"taxable","13":"shipping-taxable","14":"purchasable","15":"product-type-simple"},"jetpack_sharing_enabled":true,"_links":{"self":[{"href":"https:\/\/ddt.lv\/lv\/wp-json\/wp\/v2\/product\/36856"}],"collection":[{"href":"https:\/\/ddt.lv\/lv\/wp-json\/wp\/v2\/product"}],"about":[{"href":"https:\/\/ddt.lv\/lv\/wp-json\/wp\/v2\/types\/product"}],"replies":[{"embeddable":true,"href":"https:\/\/ddt.lv\/lv\/wp-json\/wp\/v2\/comments?post=36856"}],"wp:featuredmedia":[{"embeddable":true,"href":"https:\/\/ddt.lv\/lv\/wp-json\/wp\/v2\/media\/36867"}],"wp:attachment":[{"href":"https:\/\/ddt.lv\/lv\/wp-json\/wp\/v2\/media?parent=36856"}],"wp:term":[{"taxonomy":"product_cat","embeddable":true,"href":"https:\/\/ddt.lv\/lv\/wp-json\/wp\/v2\/product_cat?post=36856"},{"taxonomy":"product_tag","embeddable":true,"href":"https:\/\/ddt.lv\/lv\/wp-json\/wp\/v2\/product_tag?post=36856"},{"taxonomy":"yst_prominent_words","embeddable":true,"href":"https:\/\/ddt.lv\/lv\/wp-json\/wp\/v2\/yst_prominent_words?post=36856"}],"curies":[{"name":"wp","href":"https:\/\/api.w.org\/{rel}","templated":true}]}}