{"id":36854,"date":"2023-03-26T19:20:27","date_gmt":"2023-03-26T16:20:27","guid":{"rendered":"https:\/\/ddt.lv\/lv\/product\/so-conven-led-spotlight-balts-12v-200mm-3k-400lm-ip20-kit\/"},"modified":"2026-04-01T00:16:31","modified_gmt":"2026-03-31T21:16:31","slug":"so-conven-led-spotlight-balts-12v-200mm-3k-400lm-ip20-kit","status":"publish","type":"product","link":"https:\/\/ddt.lv\/lv\/product\/so-conven-led-spotlight-balts-12v-200mm-3k-400lm-ip20-kit\/","title":{"rendered":"Conven LED SPOTLIGHT balts 12V 200mm 3K 400lm IP20 KIT"},"content":{"rendered":"<p>LED pro\u017eektors, 400 LM, 6,5 W, L200, 3000 K, 30 gr\u0101du stara le\u0146\u0137is, regul\u0113jams punkts ar 90 gr\u0101du vertik\u0101lo sl\u012bpumu un 330 gr\u0101du rot\u0101cijas sl\u012bpumu, ietver vad\u012bt\u0101ju un ES spraudni, balts\/sudraba alum\u012bnija korpuss, zems pl\u0101ns profils, izm\u0113ri garums 200 mm, platums 30mm, augstums 15mm, papla\u0161in\u0101ms ar piederumiem, IP20. 14,4\u00a0W LED draiveris ir iek\u013cauts iepakojum\u0101.<\/p>","protected":false},"excerpt":{"rendered":"<p>LED pro\u017eektors, 400 LM, 6,5 W, L200, 3000 K, 30 gr\u0101du stara le\u0146\u0137is, regul\u0113jams punkts ar 90 gr\u0101du vertik\u0101lo sl\u012bpumu un 330 gr\u0101du rot\u0101cijas sl\u012bpumu, ietver vad\u012bt\u0101ju un ES spraudni, balts\/sudraba alum\u012bnija korpuss, zems pl\u0101ns profils, izm\u0113ri garums 200 mm, platums 30mm, augstums 15mm, papla\u0161in\u0101ms ar piederumiem, IP20. 14,4\u00a0W LED draiveris ir iek\u013cauts iepakojum\u0101.<\/p>\n","protected":false},"featured_media":36866,"comment_status":"closed","ping_status":"closed","template":"","meta":{"inline_featured_image":false},"product_cat":[907],"product_tag":[],"yst_prominent_words":[],"class_list":{"0":"post-36854","1":"product","2":"type-product","3":"status-publish","4":"has-post-thumbnail","6":"product_cat-iekares-ramji-u-c-piederumi-led-iekstelpu-gaismekli","8":"first","9":"instock","10":"taxable","11":"shipping-taxable","12":"purchasable","13":"product-type-simple"},"jetpack_sharing_enabled":true,"_links":{"self":[{"href":"https:\/\/ddt.lv\/lv\/wp-json\/wp\/v2\/product\/36854"}],"collection":[{"href":"https:\/\/ddt.lv\/lv\/wp-json\/wp\/v2\/product"}],"about":[{"href":"https:\/\/ddt.lv\/lv\/wp-json\/wp\/v2\/types\/product"}],"replies":[{"embeddable":true,"href":"https:\/\/ddt.lv\/lv\/wp-json\/wp\/v2\/comments?post=36854"}],"wp:featuredmedia":[{"embeddable":true,"href":"https:\/\/ddt.lv\/lv\/wp-json\/wp\/v2\/media\/36866"}],"wp:attachment":[{"href":"https:\/\/ddt.lv\/lv\/wp-json\/wp\/v2\/media?parent=36854"}],"wp:term":[{"taxonomy":"product_cat","embeddable":true,"href":"https:\/\/ddt.lv\/lv\/wp-json\/wp\/v2\/product_cat?post=36854"},{"taxonomy":"product_tag","embeddable":true,"href":"https:\/\/ddt.lv\/lv\/wp-json\/wp\/v2\/product_tag?post=36854"},{"taxonomy":"yst_prominent_words","embeddable":true,"href":"https:\/\/ddt.lv\/lv\/wp-json\/wp\/v2\/yst_prominent_words?post=36854"}],"curies":[{"name":"wp","href":"https:\/\/api.w.org\/{rel}","templated":true}]}}