{"id":36852,"date":"2023-03-26T18:40:27","date_gmt":"2023-03-26T15:40:27","guid":{"rendered":"https:\/\/ddt.lv\/lv\/product\/led-avarijas-gaismeklis-izeja-1w-20lm-ip20-avide\/"},"modified":"2026-04-13T09:55:33","modified_gmt":"2026-04-13T06:55:33","slug":"led-avarijas-gaismeklis-izeja-1w-20lm-ip20-avide","status":"publish","type":"product","link":"https:\/\/ddt.lv\/lv\/product\/led-avarijas-gaismeklis-izeja-1w-20lm-ip20-avide\/","title":{"rendered":"LED av\u0101rijas gaismeklis &#8220;IZEJA&#8221; 1W 20lm IP20 AVIDE"},"content":{"rendered":"<p>Avide LED izejas gaisma ir malas apgaismots izstr\u0101d\u0101jums ar l\u012bm\u0113jo\u0161\u0101m piktogramm\u0101m un 1 W jaudu, kas nodro\u0161ina past\u0101v\u012bgu gaismu.<br \/>\nRezerves laiks str\u0101vas padeves p\u0101rtraukuma gad\u012bjum\u0101 ir 180 min\u016btes.<br \/>\nTo var uzst\u0101d\u012bt \u010detros da\u017e\u0101dos veidos (z\u012bmi var uzst\u0101d\u012bt gan pie sienas, gan griestiem, k\u0101 ar\u012b<br \/>\npagriezts par 90\u00b0).<\/p>\n<ul>\n<li>piekarin\u0101ms pie \u0137\u0113des (80 cm)<\/li>\n<li>uzst\u0101d\u012bts uz griestiem<\/li>\n<li>uzst\u0101d\u012bts uz vertik\u0101las sienas divos da\u017e\u0101dos veidos. \u0145emiet v\u0113r\u0101, ka izstr\u0101d\u0101jumu kop\u0101 ar komplektu var uzst\u0101d\u012bt ar\u012b s\u0101niski<\/li>\n<li>koplekt\u0101 iek\u013cauts<\/li>\n<\/ul>\n<p><\/p>","protected":false},"excerpt":{"rendered":"<p>Avide LED izejas gaisma ir malas apgaismots izstr\u0101d\u0101jums ar l\u012bm\u0113jo\u0161\u0101m piktogramm\u0101m un 1 W jaudu, kas nodro\u0161ina past\u0101v\u012bgu gaismu. Rezerves laiks str\u0101vas padeves p\u0101rtraukuma gad\u012bjum\u0101 ir 180 min\u016btes. To var uzst\u0101d\u012bt \u010detros da\u017e\u0101dos veidos (z\u012bmi var uzst\u0101d\u012bt gan pie sienas, gan griestiem, k\u0101 ar\u012b pagriezts par 90\u00b0). piekarin\u0101ms pie \u0137\u0113des (80 cm) uzst\u0101d\u012bts uz griestiem [&hellip;]<\/p>\n","protected":false},"featured_media":36895,"comment_status":"closed","ping_status":"closed","template":"","meta":{"inline_featured_image":false},"product_cat":[1348],"product_tag":[],"yst_prominent_words":[],"class_list":{"0":"post-36852","1":"product","2":"type-product","3":"status-publish","4":"has-post-thumbnail","6":"product_cat-avarijas-gaismekli","8":"first","9":"instock","10":"taxable","11":"shipping-taxable","12":"purchasable","13":"product-type-simple"},"jetpack_sharing_enabled":true,"_links":{"self":[{"href":"https:\/\/ddt.lv\/lv\/wp-json\/wp\/v2\/product\/36852"}],"collection":[{"href":"https:\/\/ddt.lv\/lv\/wp-json\/wp\/v2\/product"}],"about":[{"href":"https:\/\/ddt.lv\/lv\/wp-json\/wp\/v2\/types\/product"}],"replies":[{"embeddable":true,"href":"https:\/\/ddt.lv\/lv\/wp-json\/wp\/v2\/comments?post=36852"}],"wp:featuredmedia":[{"embeddable":true,"href":"https:\/\/ddt.lv\/lv\/wp-json\/wp\/v2\/media\/36895"}],"wp:attachment":[{"href":"https:\/\/ddt.lv\/lv\/wp-json\/wp\/v2\/media?parent=36852"}],"wp:term":[{"taxonomy":"product_cat","embeddable":true,"href":"https:\/\/ddt.lv\/lv\/wp-json\/wp\/v2\/product_cat?post=36852"},{"taxonomy":"product_tag","embeddable":true,"href":"https:\/\/ddt.lv\/lv\/wp-json\/wp\/v2\/product_tag?post=36852"},{"taxonomy":"yst_prominent_words","embeddable":true,"href":"https:\/\/ddt.lv\/lv\/wp-json\/wp\/v2\/yst_prominent_words?post=36852"}],"curies":[{"name":"wp","href":"https:\/\/api.w.org\/{rel}","templated":true}]}}