{"id":36762,"date":"2023-03-22T15:00:33","date_gmt":"2023-03-22T13:00:33","guid":{"rendered":"https:\/\/ddt.lv\/lv\/product\/russkij-57911-besprovodnoe-besprovodnoe-zaryadnoe-ustrojstvo-micro-usb-1500-ma-bl1-varta-2\/"},"modified":"2026-04-13T10:05:55","modified_gmt":"2026-04-13T07:05:55","slug":"russkij-57911-besprovodnoe-besprovodnoe-zaryadnoe-ustrojstvo-micro-usb-1500-ma-bl1-varta-2","status":"publish","type":"product","link":"https:\/\/ddt.lv\/lv\/product\/57905-wireless-pro-ladejama-ierice-usb-c-15w-bl1-varta\/","title":{"rendered":"57905 Wireless PRO L\u0101d\u0113jam\u0101 ier\u012bce+ USB C 15W BL1 VARTA"},"content":{"rendered":"<p>Izbaudiet \u0113rtu veidu, k\u0101 uzl\u0101d\u0113t! \u012apa\u0161i \u0101trs un stil\u012bgs ener\u0123ijas pieg\u0101d\u0101t\u0101js &#8211; maksimums uzl\u0101des \u0101trums, ko darbina 15 W bezvadu izvade.<\/p>","protected":false},"excerpt":{"rendered":"<p>Izbaudiet \u0113rtu veidu, k\u0101 uzl\u0101d\u0113t! \u012apa\u0161i \u0101trs un stil\u012bgs ener\u0123ijas pieg\u0101d\u0101t\u0101js &#8211; maksimums uzl\u0101des \u0101trums, ko darbina 15 W bezvadu izvade.<\/p>\n","protected":false},"featured_media":36797,"comment_status":"closed","ping_status":"closed","template":"","meta":{"inline_featured_image":false},"product_cat":[744],"product_tag":[],"yst_prominent_words":[],"class_list":{"0":"post-36762","1":"product","2":"type-product","3":"status-publish","4":"has-post-thumbnail","6":"product_cat-mobilo-telefonu-ladetaji-usb","8":"first","9":"instock","10":"taxable","11":"shipping-taxable","12":"purchasable","13":"product-type-simple"},"jetpack_sharing_enabled":true,"_links":{"self":[{"href":"https:\/\/ddt.lv\/lv\/wp-json\/wp\/v2\/product\/36762"}],"collection":[{"href":"https:\/\/ddt.lv\/lv\/wp-json\/wp\/v2\/product"}],"about":[{"href":"https:\/\/ddt.lv\/lv\/wp-json\/wp\/v2\/types\/product"}],"replies":[{"embeddable":true,"href":"https:\/\/ddt.lv\/lv\/wp-json\/wp\/v2\/comments?post=36762"}],"wp:featuredmedia":[{"embeddable":true,"href":"https:\/\/ddt.lv\/lv\/wp-json\/wp\/v2\/media\/36797"}],"wp:attachment":[{"href":"https:\/\/ddt.lv\/lv\/wp-json\/wp\/v2\/media?parent=36762"}],"wp:term":[{"taxonomy":"product_cat","embeddable":true,"href":"https:\/\/ddt.lv\/lv\/wp-json\/wp\/v2\/product_cat?post=36762"},{"taxonomy":"product_tag","embeddable":true,"href":"https:\/\/ddt.lv\/lv\/wp-json\/wp\/v2\/product_tag?post=36762"},{"taxonomy":"yst_prominent_words","embeddable":true,"href":"https:\/\/ddt.lv\/lv\/wp-json\/wp\/v2\/yst_prominent_words?post=36762"}],"curies":[{"name":"wp","href":"https:\/\/api.w.org\/{rel}","templated":true}]}}