{"id":36761,"date":"2023-03-22T15:00:33","date_gmt":"2023-03-22T13:00:33","guid":{"rendered":"https:\/\/ddt.lv\/lv\/product\/russkij-57911-besprovodnoe-besprovodnoe-zaryadnoe-ustrojstvo-micro-usb-1500-ma-bl1-varta\/"},"modified":"2026-04-13T10:05:55","modified_gmt":"2026-04-13T07:05:55","slug":"russkij-57911-besprovodnoe-besprovodnoe-zaryadnoe-ustrojstvo-micro-usb-1500-ma-bl1-varta","status":"publish","type":"product","link":"https:\/\/ddt.lv\/lv\/product\/57906-wireless-multi-ladejama-ierice-20w-bl1-varta\/","title":{"rendered":"57906 Wireless MULTI L\u0101d\u0113jam\u0101 ier\u012bce 20W BL1 VARTA"},"content":{"rendered":"<p>Qi sertific\u0113ts l\u0101d\u0113t\u0101js nodro\u0161ina bezvadu un \u0101tru uzl\u0101di ar jaudu l\u012bdz 20\u00a0W vis\u0101m ier\u012bc\u0113m, kas atbalsta Qi standartu. Tas noz\u012bm\u0113, ka nav nepiecie\u0161ams papildu uzl\u0101des kabelis vai baro\u0161anas bloks \u2013 mobil\u0101 gala ier\u012bce vienk\u0101r\u0161i tiek novietota uz uzl\u0101des virsmas, lai s\u0101ktu tie\u0161i uzl\u0101di. Integr\u0113tais pretsl\u012bd\u0113\u0161anas paliktnis nodro\u0161ina dro\u0161u stat\u012bvu vienm\u0113r.Turkl\u0101t l\u0101d\u0113t\u0101j\u0101 ir integr\u0113ts stat\u012bvs, kas kalpo k\u0101 mobil\u0101s ier\u012bces horizont\u0101ls vai vertik\u0101ls tur\u0113t\u0101js. T\u0101d\u0101 veid\u0101 ier\u012bci var \u0113rti lietot uzl\u0101des laik\u0101. Iek\u013cauts USB \u0101tr\u0101s uzl\u0101des kabelis savieno\u0161anai ar str\u0101vas adapteri (nav iek\u013cauts).<\/p>","protected":false},"excerpt":{"rendered":"<p>Qi sertific\u0113ts l\u0101d\u0113t\u0101js nodro\u0161ina bezvadu un \u0101tru uzl\u0101di ar jaudu l\u012bdz 20\u00a0W vis\u0101m ier\u012bc\u0113m, kas atbalsta Qi standartu. Tas noz\u012bm\u0113, ka nav nepiecie\u0161ams papildu uzl\u0101des kabelis vai baro\u0161anas bloks \u2013 mobil\u0101 gala ier\u012bce vienk\u0101r\u0161i tiek novietota uz uzl\u0101des virsmas, lai s\u0101ktu tie\u0161i uzl\u0101di. Integr\u0113tais pretsl\u012bd\u0113\u0161anas paliktnis nodro\u0161ina dro\u0161u stat\u012bvu vienm\u0113r.Turkl\u0101t l\u0101d\u0113t\u0101j\u0101 ir integr\u0113ts stat\u012bvs, kas [&hellip;]<\/p>\n","protected":false},"featured_media":36850,"comment_status":"closed","ping_status":"closed","template":"","meta":{"inline_featured_image":false},"product_cat":[744],"product_tag":[],"yst_prominent_words":[],"class_list":{"0":"post-36761","1":"product","2":"type-product","3":"status-publish","4":"has-post-thumbnail","6":"product_cat-mobilo-telefonu-ladetaji-usb","8":"first","9":"instock","10":"taxable","11":"shipping-taxable","12":"purchasable","13":"product-type-simple"},"jetpack_sharing_enabled":true,"_links":{"self":[{"href":"https:\/\/ddt.lv\/lv\/wp-json\/wp\/v2\/product\/36761"}],"collection":[{"href":"https:\/\/ddt.lv\/lv\/wp-json\/wp\/v2\/product"}],"about":[{"href":"https:\/\/ddt.lv\/lv\/wp-json\/wp\/v2\/types\/product"}],"replies":[{"embeddable":true,"href":"https:\/\/ddt.lv\/lv\/wp-json\/wp\/v2\/comments?post=36761"}],"wp:featuredmedia":[{"embeddable":true,"href":"https:\/\/ddt.lv\/lv\/wp-json\/wp\/v2\/media\/36850"}],"wp:attachment":[{"href":"https:\/\/ddt.lv\/lv\/wp-json\/wp\/v2\/media?parent=36761"}],"wp:term":[{"taxonomy":"product_cat","embeddable":true,"href":"https:\/\/ddt.lv\/lv\/wp-json\/wp\/v2\/product_cat?post=36761"},{"taxonomy":"product_tag","embeddable":true,"href":"https:\/\/ddt.lv\/lv\/wp-json\/wp\/v2\/product_tag?post=36761"},{"taxonomy":"yst_prominent_words","embeddable":true,"href":"https:\/\/ddt.lv\/lv\/wp-json\/wp\/v2\/yst_prominent_words?post=36761"}],"curies":[{"name":"wp","href":"https:\/\/api.w.org\/{rel}","templated":true}]}}