{"id":36760,"date":"2023-03-22T15:00:32","date_gmt":"2023-03-22T13:00:32","guid":{"rendered":"https:\/\/ddt.lv\/lv\/product\/russkij-57647-zaryadnoe-ustrojstvo-dlya-akkumulyatorov-varta-shteker-2-4-mesta-komplekt-4sht-aa-2100-mach\/"},"modified":"2026-04-08T14:45:47","modified_gmt":"2026-04-08T11:45:47","slug":"russkij-57647-zaryadnoe-ustrojstvo-dlya-akkumulyatorov-varta-shteker-2-4-mesta-komplekt-4sht-aa-2100-mach","status":"publish","type":"product","link":"https:\/\/ddt.lv\/lv\/product\/russkij-57647-zaryadnoe-ustrojstvo-dlya-akkumulyatorov-varta-shteker-2-4-mesta-komplekt-4sht-aa-2100-mach\/","title":{"rendered":"57657 EE Plug +(4*56706) 2100mAh L\u0101d\u0113jam\u0101 ier\u012bce"},"content":{"rendered":"<p>Varta 57657 101 451 Plug Charger ar 4x AA 56706 Uzticamas funkcijas lieliskiem uzl\u0101des rezult\u0101tiem apvienojum\u0101 ar modernu VARTA dizainu pied\u0101v\u0101 vislab\u0101ko cenas un veiktsp\u0113jas attiec\u012bbu.<\/p>","protected":false},"excerpt":{"rendered":"<p>Varta 57657 101 451 Plug Charger ar 4x AA 56706 Uzticamas funkcijas lieliskiem uzl\u0101des rezult\u0101tiem apvienojum\u0101 ar modernu VARTA dizainu pied\u0101v\u0101 vislab\u0101ko cenas un veiktsp\u0113jas attiec\u012bbu.<\/p>\n","protected":false},"featured_media":36791,"comment_status":"closed","ping_status":"closed","template":"","meta":{"inline_featured_image":false},"product_cat":[772,453],"product_tag":[],"yst_prominent_words":[],"class_list":{"0":"post-36760","1":"product","2":"type-product","3":"status-publish","4":"has-post-thumbnail","6":"product_cat-atlaides","7":"product_cat-ladesanas-ierices","9":"first","10":"instock","11":"sale","12":"taxable","13":"shipping-taxable","14":"purchasable","15":"product-type-simple"},"jetpack_sharing_enabled":true,"_links":{"self":[{"href":"https:\/\/ddt.lv\/lv\/wp-json\/wp\/v2\/product\/36760"}],"collection":[{"href":"https:\/\/ddt.lv\/lv\/wp-json\/wp\/v2\/product"}],"about":[{"href":"https:\/\/ddt.lv\/lv\/wp-json\/wp\/v2\/types\/product"}],"replies":[{"embeddable":true,"href":"https:\/\/ddt.lv\/lv\/wp-json\/wp\/v2\/comments?post=36760"}],"wp:featuredmedia":[{"embeddable":true,"href":"https:\/\/ddt.lv\/lv\/wp-json\/wp\/v2\/media\/36791"}],"wp:attachment":[{"href":"https:\/\/ddt.lv\/lv\/wp-json\/wp\/v2\/media?parent=36760"}],"wp:term":[{"taxonomy":"product_cat","embeddable":true,"href":"https:\/\/ddt.lv\/lv\/wp-json\/wp\/v2\/product_cat?post=36760"},{"taxonomy":"product_tag","embeddable":true,"href":"https:\/\/ddt.lv\/lv\/wp-json\/wp\/v2\/product_tag?post=36760"},{"taxonomy":"yst_prominent_words","embeddable":true,"href":"https:\/\/ddt.lv\/lv\/wp-json\/wp\/v2\/yst_prominent_words?post=36760"}],"curies":[{"name":"wp","href":"https:\/\/api.w.org\/{rel}","templated":true}]}}