{"id":36759,"date":"2023-03-22T11:00:25","date_gmt":"2023-03-22T09:00:25","guid":{"rendered":"https:\/\/ddt.lv\/lv\/product\/digitals-termostats-laika-relejs-rozete-5-40c-230v-emos\/"},"modified":"2026-04-08T14:42:05","modified_gmt":"2026-04-08T11:42:05","slug":"digitals-termostats-laika-relejs-rozete-5-40c-230v-emos","status":"publish","type":"product","link":"https:\/\/ddt.lv\/lv\/product\/digitals-termostats-laika-relejs-rozete-5-40c-230v-emos\/","title":{"rendered":"Digit\u0101ls  termostats\/laika relejs rozet\u0113 5-40\u00b0C 230V EMOS"},"content":{"rendered":"<p>Paredz\u0113ts sadz\u012bves tehnikas iesl\u0113g\u0161anai un izsl\u0113g\u0161anai paredz\u0113tajos laikos, ar termostatu autom\u0101tiskai elektrisk\u0101s apkures un dzes\u0113\u0161anas sist\u0113mu regul\u0113\u0161anai (sild\u012bt\u0101ji, dvie\u013cu \u017e\u0101v\u0113t\u0101ji, gaisa kondicionieri).<\/p>","protected":false},"excerpt":{"rendered":"<p>Paredz\u0113ts sadz\u012bves tehnikas iesl\u0113g\u0161anai un izsl\u0113g\u0161anai paredz\u0113tajos laikos, ar termostatu autom\u0101tiskai elektrisk\u0101s apkures un dzes\u0113\u0161anas sist\u0113mu regul\u0113\u0161anai (sild\u012bt\u0101ji, dvie\u013cu \u017e\u0101v\u0113t\u0101ji, gaisa kondicionieri).<\/p>\n","protected":false},"featured_media":36789,"comment_status":"closed","ping_status":"closed","template":"","meta":{"inline_featured_image":false},"product_cat":[838],"product_tag":[],"yst_prominent_words":[],"class_list":{"0":"post-36759","1":"product","2":"type-product","3":"status-publish","4":"has-post-thumbnail","6":"product_cat-termostati","8":"first","9":"instock","10":"taxable","11":"shipping-taxable","12":"purchasable","13":"product-type-simple"},"jetpack_sharing_enabled":true,"_links":{"self":[{"href":"https:\/\/ddt.lv\/lv\/wp-json\/wp\/v2\/product\/36759"}],"collection":[{"href":"https:\/\/ddt.lv\/lv\/wp-json\/wp\/v2\/product"}],"about":[{"href":"https:\/\/ddt.lv\/lv\/wp-json\/wp\/v2\/types\/product"}],"replies":[{"embeddable":true,"href":"https:\/\/ddt.lv\/lv\/wp-json\/wp\/v2\/comments?post=36759"}],"wp:featuredmedia":[{"embeddable":true,"href":"https:\/\/ddt.lv\/lv\/wp-json\/wp\/v2\/media\/36789"}],"wp:attachment":[{"href":"https:\/\/ddt.lv\/lv\/wp-json\/wp\/v2\/media?parent=36759"}],"wp:term":[{"taxonomy":"product_cat","embeddable":true,"href":"https:\/\/ddt.lv\/lv\/wp-json\/wp\/v2\/product_cat?post=36759"},{"taxonomy":"product_tag","embeddable":true,"href":"https:\/\/ddt.lv\/lv\/wp-json\/wp\/v2\/product_tag?post=36759"},{"taxonomy":"yst_prominent_words","embeddable":true,"href":"https:\/\/ddt.lv\/lv\/wp-json\/wp\/v2\/yst_prominent_words?post=36759"}],"curies":[{"name":"wp","href":"https:\/\/api.w.org\/{rel}","templated":true}]}}