{"id":36758,"date":"2023-03-22T11:00:24","date_gmt":"2023-03-22T09:00:24","guid":{"rendered":"https:\/\/ddt.lv\/lv\/product\/36758\/"},"modified":"2026-04-22T08:45:26","modified_gmt":"2026-04-22T05:45:26","slug":"36758","status":"publish","type":"product","link":"https:\/\/ddt.lv\/lv\/product\/led-panelis-balts-ieb-ugr-40w-600x600-4k-3700lm-cri95-emos\/","title":{"rendered":"LED panelis balts ieb.UGR 40W 600X600 4K 3700lm CRI&gt;95 EMOS"},"content":{"rendered":"<p>Profesion\u0101la lampa PROFI PLUS HIGH CRI S\u0112RIJA<br \/>\nTas apvieno pievilc\u012bgu kvadr\u0101tveida dizainu un izcilu izstarot\u0101s gaismas kvalit\u0101ti. Ieb\u016bv\u0113t\u0101 lampa sl\u0113pj \u013coti ekonomiskas LED diodes ar augstu gaismas efektivit\u0101ti iek\u0161pus\u0113. Ar\u012b t\u0101p\u0113c ra\u017eot\u0101js var\u0113ja at\u013cauties nodro\u0161in\u0101t ilgu piecu gadu garantiju. Lampas kalpo\u0161anas laiks ir lielisks 40 000 stundu. To laik\u0101 piena balt\u0101s kr\u0101sas difuzors no iztur\u012bgas plastmasas raid\u012bs jums dabisko gaismu 90\u00b0 plat\u0101 le\u0146\u0137\u012b.<\/p>\n<p>Ekonomisko ieb\u016bv\u0113jamo lampu s\u0113rija PROFI PLUS HIGH CRI SERIES ir acij t\u012bkama m\u016bsdien\u012bg\u0101 interjer\u0101. Tie ir lieliski piem\u0113roti telpu apgaismo\u0161anai birojos, klas\u0113s un cit\u0101s iek\u0161\u0113j\u0101s telp\u0101s, kur nepiecie\u0161ama prec\u012bza kr\u0101su atveide. Lampas korpuss izgatavots no cieta un iztur\u012bga alum\u012bnija, difuzors no vieglas plastmasas, kas ar\u012b ir notur\u012bgs pret dzelt\u0113\u0161anu UV starojuma ietekm\u0113. Rezult\u0101ts ir \u013coti mazs svars un vienk\u0101r\u0161a LED lampas uzst\u0101d\u012b\u0161ana.<\/p>","protected":false},"excerpt":{"rendered":"<p>Profesion\u0101la lampa PROFI PLUS HIGH CRI S\u0112RIJA Tas apvieno pievilc\u012bgu kvadr\u0101tveida dizainu un izcilu izstarot\u0101s gaismas kvalit\u0101ti. Ieb\u016bv\u0113t\u0101 lampa sl\u0113pj \u013coti ekonomiskas LED diodes ar augstu gaismas efektivit\u0101ti iek\u0161pus\u0113. Ar\u012b t\u0101p\u0113c ra\u017eot\u0101js var\u0113ja at\u013cauties nodro\u0161in\u0101t ilgu piecu gadu garantiju. Lampas kalpo\u0161anas laiks ir lielisks 40 000 stundu. To laik\u0101 piena balt\u0101s kr\u0101sas difuzors no iztur\u012bgas [&hellip;]<\/p>\n","protected":false},"featured_media":36776,"comment_status":"closed","ping_status":"closed","template":"","meta":{"inline_featured_image":false},"product_cat":[772,924],"product_tag":[],"yst_prominent_words":[],"class_list":{"0":"post-36758","1":"product","2":"type-product","3":"status-publish","4":"has-post-thumbnail","6":"product_cat-atlaides","7":"product_cat-led-paneli","9":"first","10":"instock","11":"sale","12":"taxable","13":"shipping-taxable","14":"purchasable","15":"product-type-simple"},"jetpack_sharing_enabled":true,"_links":{"self":[{"href":"https:\/\/ddt.lv\/lv\/wp-json\/wp\/v2\/product\/36758"}],"collection":[{"href":"https:\/\/ddt.lv\/lv\/wp-json\/wp\/v2\/product"}],"about":[{"href":"https:\/\/ddt.lv\/lv\/wp-json\/wp\/v2\/types\/product"}],"replies":[{"embeddable":true,"href":"https:\/\/ddt.lv\/lv\/wp-json\/wp\/v2\/comments?post=36758"}],"wp:featuredmedia":[{"embeddable":true,"href":"https:\/\/ddt.lv\/lv\/wp-json\/wp\/v2\/media\/36776"}],"wp:attachment":[{"href":"https:\/\/ddt.lv\/lv\/wp-json\/wp\/v2\/media?parent=36758"}],"wp:term":[{"taxonomy":"product_cat","embeddable":true,"href":"https:\/\/ddt.lv\/lv\/wp-json\/wp\/v2\/product_cat?post=36758"},{"taxonomy":"product_tag","embeddable":true,"href":"https:\/\/ddt.lv\/lv\/wp-json\/wp\/v2\/product_tag?post=36758"},{"taxonomy":"yst_prominent_words","embeddable":true,"href":"https:\/\/ddt.lv\/lv\/wp-json\/wp\/v2\/yst_prominent_words?post=36758"}],"curies":[{"name":"wp","href":"https:\/\/api.w.org\/{rel}","templated":true}]}}