{"id":36755,"date":"2023-03-22T11:00:23","date_gmt":"2023-03-22T09:00:23","guid":{"rendered":"https:\/\/ddt.lv\/lv\/product\/toledo-r7s-11w-118mm-1521lm-240v-2700k-sylvania-spuldze\/"},"modified":"2026-04-08T14:45:42","modified_gmt":"2026-04-08T11:45:42","slug":"toledo-r7s-11w-118mm-1521lm-240v-2700k-sylvania-spuldze","status":"publish","type":"product","link":"https:\/\/ddt.lv\/lv\/product\/toledo-r7s-11w-118mm-1521lm-240v-2700k-sylvania-spuldze\/","title":{"rendered":"ToLEDo R7s 11W 118mm 1521lm 240V 2700K Sylvania spuldze"},"content":{"rendered":"<p>ToLEDo R7s ir moderniz\u0113ts aizst\u0101j\u0113js tradicion\u0101laj\u0101m halog\u0113na divgalu line\u0101raj\u0101m R7s lamp\u0101m<br \/>\nDaudzvirzienu gaismas sadal\u012bjums<br \/>\nAugsta l\u016bmena efektivit\u0101te<br \/>\nLumena jauda: 1521lm<br \/>\n85% ener\u0123ijas ietaup\u012bjums<br \/>\nIztur\u012bga konstrukcija<br \/>\nGarums: 118mm<br \/>\nnav aptum\u0161ojams<br \/>\n15 000 stundu vid\u0113jais nomin\u0101lais kalpo\u0161anas laiks<br \/>\nIde\u0101li piem\u0113rots lieto\u0161anai m\u0101j\u0101s un komerci\u0101los nol\u016bkos<\/p>","protected":false},"excerpt":{"rendered":"<p>ToLEDo R7s ir moderniz\u0113ts aizst\u0101j\u0113js tradicion\u0101laj\u0101m halog\u0113na divgalu line\u0101raj\u0101m R7s lamp\u0101m Daudzvirzienu gaismas sadal\u012bjums Augsta l\u016bmena efektivit\u0101te Lumena jauda: 1521lm 85% ener\u0123ijas ietaup\u012bjums Iztur\u012bga konstrukcija Garums: 118mm nav aptum\u0161ojams 15 000 stundu vid\u0113jais nomin\u0101lais kalpo\u0161anas laiks Ide\u0101li piem\u0113rots lieto\u0161anai m\u0101j\u0101s un komerci\u0101los nol\u016bkos<\/p>\n","protected":false},"featured_media":36772,"comment_status":"closed","ping_status":"closed","template":"","meta":{"inline_featured_image":false},"product_cat":[1123],"product_tag":[],"yst_prominent_words":[],"class_list":{"0":"post-36755","1":"product","2":"type-product","3":"status-publish","4":"has-post-thumbnail","6":"product_cat-r7s","8":"first","9":"instock","10":"taxable","11":"shipping-taxable","12":"purchasable","13":"product-type-simple"},"jetpack_sharing_enabled":true,"_links":{"self":[{"href":"https:\/\/ddt.lv\/lv\/wp-json\/wp\/v2\/product\/36755"}],"collection":[{"href":"https:\/\/ddt.lv\/lv\/wp-json\/wp\/v2\/product"}],"about":[{"href":"https:\/\/ddt.lv\/lv\/wp-json\/wp\/v2\/types\/product"}],"replies":[{"embeddable":true,"href":"https:\/\/ddt.lv\/lv\/wp-json\/wp\/v2\/comments?post=36755"}],"wp:featuredmedia":[{"embeddable":true,"href":"https:\/\/ddt.lv\/lv\/wp-json\/wp\/v2\/media\/36772"}],"wp:attachment":[{"href":"https:\/\/ddt.lv\/lv\/wp-json\/wp\/v2\/media?parent=36755"}],"wp:term":[{"taxonomy":"product_cat","embeddable":true,"href":"https:\/\/ddt.lv\/lv\/wp-json\/wp\/v2\/product_cat?post=36755"},{"taxonomy":"product_tag","embeddable":true,"href":"https:\/\/ddt.lv\/lv\/wp-json\/wp\/v2\/product_tag?post=36755"},{"taxonomy":"yst_prominent_words","embeddable":true,"href":"https:\/\/ddt.lv\/lv\/wp-json\/wp\/v2\/yst_prominent_words?post=36755"}],"curies":[{"name":"wp","href":"https:\/\/api.w.org\/{rel}","templated":true}]}}