{"id":36754,"date":"2023-03-22T11:00:23","date_gmt":"2023-03-22T09:00:23","guid":{"rendered":"https:\/\/ddt.lv\/lv\/product\/toledo-r7s-8-5w-78mm-1055lm-230v-2700k-dim-sylvania-spuldze\/"},"modified":"2026-04-08T14:42:14","modified_gmt":"2026-04-08T11:42:14","slug":"toledo-r7s-8-5w-78mm-1055lm-230v-2700k-dim-sylvania-spuldze","status":"publish","type":"product","link":"https:\/\/ddt.lv\/lv\/product\/toledo-r7s-8-5w-78mm-1055lm-230v-2700k-dim-sylvania-spuldze\/","title":{"rendered":"ToLEDo R7s 8.5W 78mm 1055lm 230V 2700K DIM Sylvania spuldze"},"content":{"rendered":"<p>ToLEDo R7s ir moderniz\u0113ts aizst\u0101j\u0113js tradicion\u0101laj\u0101m halog\u0113na divgalu line\u0101raj\u0101m R7s lamp\u0101m<br \/>\nDaudzvirzienu gaismas sadal\u012bjums<br \/>\nAugsta l\u016bmena efektivit\u0101te<br \/>\nLumena jauda: 1055lm<br \/>\n85% ener\u0123ijas ietaup\u012bjums<br \/>\nIztur\u012bga konstrukcija<br \/>\nGarums: 78mm<br \/>\nAptum\u0161ojams<br \/>\n25 000 stundu vid\u0113jais nomin\u0101lais kalpo\u0161anas laiks<br \/>\nIde\u0101li piem\u0113rots lieto\u0161anai m\u0101j\u0101s un komerci\u0101los nol\u016bkos<\/p>","protected":false},"excerpt":{"rendered":"<p>ToLEDo R7s ir moderniz\u0113ts aizst\u0101j\u0113js tradicion\u0101laj\u0101m halog\u0113na divgalu line\u0101raj\u0101m R7s lamp\u0101m Daudzvirzienu gaismas sadal\u012bjums Augsta l\u016bmena efektivit\u0101te Lumena jauda: 1055lm 85% ener\u0123ijas ietaup\u012bjums Iztur\u012bga konstrukcija Garums: 78mm Aptum\u0161ojams 25 000 stundu vid\u0113jais nomin\u0101lais kalpo\u0161anas laiks Ide\u0101li piem\u0113rots lieto\u0161anai m\u0101j\u0101s un komerci\u0101los nol\u016bkos<\/p>\n","protected":false},"featured_media":36773,"comment_status":"closed","ping_status":"closed","template":"","meta":{"inline_featured_image":false},"product_cat":[772,1123],"product_tag":[],"yst_prominent_words":[],"class_list":{"0":"post-36754","1":"product","2":"type-product","3":"status-publish","4":"has-post-thumbnail","6":"product_cat-atlaides","7":"product_cat-r7s","9":"first","10":"instock","11":"sale","12":"taxable","13":"shipping-taxable","14":"purchasable","15":"product-type-simple"},"jetpack_sharing_enabled":true,"_links":{"self":[{"href":"https:\/\/ddt.lv\/lv\/wp-json\/wp\/v2\/product\/36754"}],"collection":[{"href":"https:\/\/ddt.lv\/lv\/wp-json\/wp\/v2\/product"}],"about":[{"href":"https:\/\/ddt.lv\/lv\/wp-json\/wp\/v2\/types\/product"}],"replies":[{"embeddable":true,"href":"https:\/\/ddt.lv\/lv\/wp-json\/wp\/v2\/comments?post=36754"}],"wp:featuredmedia":[{"embeddable":true,"href":"https:\/\/ddt.lv\/lv\/wp-json\/wp\/v2\/media\/36773"}],"wp:attachment":[{"href":"https:\/\/ddt.lv\/lv\/wp-json\/wp\/v2\/media?parent=36754"}],"wp:term":[{"taxonomy":"product_cat","embeddable":true,"href":"https:\/\/ddt.lv\/lv\/wp-json\/wp\/v2\/product_cat?post=36754"},{"taxonomy":"product_tag","embeddable":true,"href":"https:\/\/ddt.lv\/lv\/wp-json\/wp\/v2\/product_tag?post=36754"},{"taxonomy":"yst_prominent_words","embeddable":true,"href":"https:\/\/ddt.lv\/lv\/wp-json\/wp\/v2\/yst_prominent_words?post=36754"}],"curies":[{"name":"wp","href":"https:\/\/api.w.org\/{rel}","templated":true}]}}