{"id":36694,"date":"2023-03-14T22:20:30","date_gmt":"2023-03-14T20:20:30","guid":{"rendered":"https:\/\/ddt.lv\/lv\/product\/17650-led-outdoor-sports-h20-pro-3aaa-galvas-lukturis-varta\/"},"modified":"2026-04-22T08:50:55","modified_gmt":"2026-04-22T05:50:55","slug":"17650-led-outdoor-sports-h20-pro-3aaa-galvas-lukturis-varta","status":"publish","type":"product","link":"https:\/\/ddt.lv\/lv\/product\/17650-led-outdoor-sports-h20-pro-3aaa-galvas-lukturis-varta\/","title":{"rendered":"17650 LED OUTDOOR SPORTS H20 PRO 3AAA galvas Lukturis VARTA"},"content":{"rendered":"<p>Jaun\u0101 VARTA Outdoor Sports Head Light Pro s\u0113rija \u2013 iespaid\u012bgas veiktsp\u0113jas v\u0113rt\u012bbas, ar baterij\u0101m darbin\u0101ms (3xAAA), da\u017e\u0101di gaismas re\u017e\u012bmi un dro\u0161s pret \u0161\u013cakat\u0101m. Tas p\u0101rsteidz ar\u012b, pateicoties kust\u012bgajai gaismas galvai optim\u0101lam apgaismojumam un galvas saitei ar termodruku.<\/p>","protected":false},"excerpt":{"rendered":"<p>Jaun\u0101 VARTA Outdoor Sports Head Light Pro s\u0113rija \u2013 iespaid\u012bgas veiktsp\u0113jas v\u0113rt\u012bbas, ar baterij\u0101m darbin\u0101ms (3xAAA), da\u017e\u0101di gaismas re\u017e\u012bmi un dro\u0161s pret \u0161\u013cakat\u0101m. Tas p\u0101rsteidz ar\u012b, pateicoties kust\u012bgajai gaismas galvai optim\u0101lam apgaismojumam un galvas saitei ar termodruku.<\/p>\n","protected":false},"featured_media":36734,"comment_status":"closed","ping_status":"closed","template":"","meta":{"inline_featured_image":false},"product_cat":[727],"product_tag":[],"yst_prominent_words":[],"class_list":{"0":"post-36694","1":"product","2":"type-product","3":"status-publish","4":"has-post-thumbnail","6":"product_cat-galvas","8":"first","9":"instock","10":"taxable","11":"shipping-taxable","12":"purchasable","13":"product-type-simple"},"jetpack_sharing_enabled":true,"_links":{"self":[{"href":"https:\/\/ddt.lv\/lv\/wp-json\/wp\/v2\/product\/36694"}],"collection":[{"href":"https:\/\/ddt.lv\/lv\/wp-json\/wp\/v2\/product"}],"about":[{"href":"https:\/\/ddt.lv\/lv\/wp-json\/wp\/v2\/types\/product"}],"replies":[{"embeddable":true,"href":"https:\/\/ddt.lv\/lv\/wp-json\/wp\/v2\/comments?post=36694"}],"wp:featuredmedia":[{"embeddable":true,"href":"https:\/\/ddt.lv\/lv\/wp-json\/wp\/v2\/media\/36734"}],"wp:attachment":[{"href":"https:\/\/ddt.lv\/lv\/wp-json\/wp\/v2\/media?parent=36694"}],"wp:term":[{"taxonomy":"product_cat","embeddable":true,"href":"https:\/\/ddt.lv\/lv\/wp-json\/wp\/v2\/product_cat?post=36694"},{"taxonomy":"product_tag","embeddable":true,"href":"https:\/\/ddt.lv\/lv\/wp-json\/wp\/v2\/product_tag?post=36694"},{"taxonomy":"yst_prominent_words","embeddable":true,"href":"https:\/\/ddt.lv\/lv\/wp-json\/wp\/v2\/yst_prominent_words?post=36694"}],"curies":[{"name":"wp","href":"https:\/\/api.w.org\/{rel}","templated":true}]}}