{"id":36607,"date":"2023-03-11T16:40:28","date_gmt":"2023-03-11T14:40:28","guid":{"rendered":"https:\/\/ddt.lv\/lv\/product\/ladejama-ierice-bcn-42d-4xaa-aaa-nimh-4aa-2700-usb-emos\/"},"modified":"2026-04-08T14:42:13","modified_gmt":"2026-04-08T11:42:13","slug":"ladejama-ierice-bcn-42d-4xaa-aaa-nimh-4aa-2700-usb-emos","status":"publish","type":"product","link":"https:\/\/ddt.lv\/lv\/product\/ladejama-ierice-bcn-42d-4xaa-aaa-nimh-4aa-2700-usb-emos\/","title":{"rendered":"L\u0101d\u0113jam\u0101 ier\u012bce BCN-42D 4xAA\/AAA NiMH + 4AA 2700 USB EMOS"},"content":{"rendered":"<p>Pateicoties \u010detriem neatkar\u012bgiem uzl\u0101des kan\u0101liem, ar EMOS BCN-42D var \u0101tri un vienk\u0101r\u0161i uzl\u0101d\u0113t jebkuru ievietoto AA un AAA bateriju skaitu, bez nepiecie\u0161am\u012bbas uzl\u0101d\u0113t pa p\u0101riem.<\/p>\n<p>J\u016bs varat atrast \u010detras AA 2600 mAh akumulatorus tie\u0161i l\u0101d\u0113t\u0101ja komplekt\u0101, t\u0101p\u0113c nekas neliedz jums nekav\u0113joties s\u0101kt baud\u012bt visas uzl\u0101d\u0113jamo bateriju sniegt\u0101s priek\u0161roc\u012bbas.<\/p>\n<p>Pateicoties tiem, j\u016bs varat ietaup\u012bt, ieg\u0101d\u0101joties l\u012bdz 2500 parasto vienreiz\u0113j\u0101s lieto\u0161anas bateriju. Un tas atmaks\u0101jas!<\/p>","protected":false},"excerpt":{"rendered":"<p>Pateicoties \u010detriem neatkar\u012bgiem uzl\u0101des kan\u0101liem, ar EMOS BCN-42D var \u0101tri un vienk\u0101r\u0161i uzl\u0101d\u0113t jebkuru ievietoto AA un AAA bateriju skaitu, bez nepiecie\u0161am\u012bbas uzl\u0101d\u0113t pa p\u0101riem. J\u016bs varat atrast \u010detras AA 2600 mAh akumulatorus tie\u0161i l\u0101d\u0113t\u0101ja komplekt\u0101, t\u0101p\u0113c nekas neliedz jums nekav\u0113joties s\u0101kt baud\u012bt visas uzl\u0101d\u0113jamo bateriju sniegt\u0101s priek\u0161roc\u012bbas. Pateicoties tiem, j\u016bs varat ietaup\u012bt, ieg\u0101d\u0101joties l\u012bdz [&hellip;]<\/p>\n","protected":false},"featured_media":36628,"comment_status":"closed","ping_status":"closed","template":"","meta":{"inline_featured_image":false},"product_cat":[453],"product_tag":[],"yst_prominent_words":[],"class_list":{"0":"post-36607","1":"product","2":"type-product","3":"status-publish","4":"has-post-thumbnail","6":"product_cat-ladesanas-ierices","8":"first","9":"outofstock","10":"taxable","11":"shipping-taxable","12":"purchasable","13":"product-type-simple"},"jetpack_sharing_enabled":true,"_links":{"self":[{"href":"https:\/\/ddt.lv\/lv\/wp-json\/wp\/v2\/product\/36607"}],"collection":[{"href":"https:\/\/ddt.lv\/lv\/wp-json\/wp\/v2\/product"}],"about":[{"href":"https:\/\/ddt.lv\/lv\/wp-json\/wp\/v2\/types\/product"}],"replies":[{"embeddable":true,"href":"https:\/\/ddt.lv\/lv\/wp-json\/wp\/v2\/comments?post=36607"}],"wp:featuredmedia":[{"embeddable":true,"href":"https:\/\/ddt.lv\/lv\/wp-json\/wp\/v2\/media\/36628"}],"wp:attachment":[{"href":"https:\/\/ddt.lv\/lv\/wp-json\/wp\/v2\/media?parent=36607"}],"wp:term":[{"taxonomy":"product_cat","embeddable":true,"href":"https:\/\/ddt.lv\/lv\/wp-json\/wp\/v2\/product_cat?post=36607"},{"taxonomy":"product_tag","embeddable":true,"href":"https:\/\/ddt.lv\/lv\/wp-json\/wp\/v2\/product_tag?post=36607"},{"taxonomy":"yst_prominent_words","embeddable":true,"href":"https:\/\/ddt.lv\/lv\/wp-json\/wp\/v2\/yst_prominent_words?post=36607"}],"curies":[{"name":"wp","href":"https:\/\/api.w.org\/{rel}","templated":true}]}}