{"id":36606,"date":"2023-03-11T16:40:27","date_gmt":"2023-03-11T14:40:27","guid":{"rendered":"https:\/\/ddt.lv\/lv\/product\/ladejama-ierice-bcn-41d-4xaa-aaa-nimh-4aa-2700-usb-emos\/"},"modified":"2026-04-08T14:42:13","modified_gmt":"2026-04-08T11:42:13","slug":"ladejama-ierice-bcn-41d-4xaa-aaa-nimh-4aa-2700-usb-emos","status":"publish","type":"product","link":"https:\/\/ddt.lv\/lv\/product\/ladejama-ierice-bcn-41d-4xaa-aaa-nimh-4aa-2700-usb-emos\/","title":{"rendered":"L\u0101d\u0113jam\u0101 ier\u012bce  BCN-41D 4xAA\/AAA NiMH + 4AA 2700 USB EMOS"},"content":{"rendered":"<p>Uzl\u0101d\u0113jam\u0101s NiMH\/NiCd baterijas var izmantot atk\u0101rtoti, t\u0101p\u0113c t\u0101s ir izdev\u012bg\u0101kas nek\u0101 vienreiz\u0113j\u0101s lieto\u0161anas akumulatori.Taj\u0101 pa\u0161\u0101 laik\u0101 to lieto\u0161ana ir videi draudz\u012bg\u0101ka. Lai optimiz\u0113tu to veiktsp\u0113ju un pagarin\u0101tu to kalpo\u0161anas laiku, ir nepiecie\u0161ams kvalitat\u012bvs l\u0101d\u0113t\u0101js, un tas noteikti ir EMOS BCN-41D.<\/p>\n<p>EMOS BCN-41D l\u0101d\u0113t\u0101js ir ide\u0101li piem\u0113rots \u0101trai un efekt\u012bvai AA un AAA akumulatoru uzl\u0101dei. Spilgts LCD displejs, neatkar\u012bgi uzl\u0101des kan\u0101li un uzlabotas funkcijas nodro\u0161in\u0101s j\u016bsu akumulatoru \u0101tru un uzticamu pieg\u0101di gadiem ilgi. \u012apa\u0161i to nov\u0113rt\u0113s tie, kuriem uzl\u0101de jau ir ierasta un ierasta nodarbe.<\/p>","protected":false},"excerpt":{"rendered":"<p>Uzl\u0101d\u0113jam\u0101s NiMH\/NiCd baterijas var izmantot atk\u0101rtoti, t\u0101p\u0113c t\u0101s ir izdev\u012bg\u0101kas nek\u0101 vienreiz\u0113j\u0101s lieto\u0161anas akumulatori.Taj\u0101 pa\u0161\u0101 laik\u0101 to lieto\u0161ana ir videi draudz\u012bg\u0101ka. Lai optimiz\u0113tu to veiktsp\u0113ju un pagarin\u0101tu to kalpo\u0161anas laiku, ir nepiecie\u0161ams kvalitat\u012bvs l\u0101d\u0113t\u0101js, un tas noteikti ir EMOS BCN-41D. EMOS BCN-41D l\u0101d\u0113t\u0101js ir ide\u0101li piem\u0113rots \u0101trai un efekt\u012bvai AA un AAA akumulatoru uzl\u0101dei. Spilgts [&hellip;]<\/p>\n","protected":false},"featured_media":36622,"comment_status":"closed","ping_status":"closed","template":"","meta":{"inline_featured_image":false},"product_cat":[453],"product_tag":[],"yst_prominent_words":[],"class_list":{"0":"post-36606","1":"product","2":"type-product","3":"status-publish","4":"has-post-thumbnail","6":"product_cat-ladesanas-ierices","8":"first","9":"instock","10":"taxable","11":"shipping-taxable","12":"purchasable","13":"product-type-simple"},"jetpack_sharing_enabled":true,"_links":{"self":[{"href":"https:\/\/ddt.lv\/lv\/wp-json\/wp\/v2\/product\/36606"}],"collection":[{"href":"https:\/\/ddt.lv\/lv\/wp-json\/wp\/v2\/product"}],"about":[{"href":"https:\/\/ddt.lv\/lv\/wp-json\/wp\/v2\/types\/product"}],"replies":[{"embeddable":true,"href":"https:\/\/ddt.lv\/lv\/wp-json\/wp\/v2\/comments?post=36606"}],"wp:featuredmedia":[{"embeddable":true,"href":"https:\/\/ddt.lv\/lv\/wp-json\/wp\/v2\/media\/36622"}],"wp:attachment":[{"href":"https:\/\/ddt.lv\/lv\/wp-json\/wp\/v2\/media?parent=36606"}],"wp:term":[{"taxonomy":"product_cat","embeddable":true,"href":"https:\/\/ddt.lv\/lv\/wp-json\/wp\/v2\/product_cat?post=36606"},{"taxonomy":"product_tag","embeddable":true,"href":"https:\/\/ddt.lv\/lv\/wp-json\/wp\/v2\/product_tag?post=36606"},{"taxonomy":"yst_prominent_words","embeddable":true,"href":"https:\/\/ddt.lv\/lv\/wp-json\/wp\/v2\/yst_prominent_words?post=36606"}],"curies":[{"name":"wp","href":"https:\/\/api.w.org\/{rel}","templated":true}]}}