{"id":36605,"date":"2023-03-11T16:20:29","date_gmt":"2023-03-11T14:20:29","guid":{"rendered":"https:\/\/ddt.lv\/lv\/product\/digitals-progr-gridas-termostats-gosmart-wifi-5-35c-emos\/"},"modified":"2026-04-08T14:42:13","modified_gmt":"2026-04-08T11:42:13","slug":"digitals-progr-gridas-termostats-gosmart-wifi-5-35c-emos","status":"publish","type":"product","link":"https:\/\/ddt.lv\/lv\/product\/digitals-progr-gridas-termostats-gosmart-wifi-5-35c-emos\/","title":{"rendered":"Digit\u0101ls progr. gr\u012bdas termostats GOSMART WIFI 5-35\u00b0C EMOS"},"content":{"rendered":"<p>Digit\u0101lais termostats gr\u012bdas apsildei tiek izmantots autom\u0101tiskai apkures sist\u0113mu vad\u012bbai dz\u012bvok\u013cos, m\u0101j\u0101s un birojos p\u0113c regul\u0113jamas laika programmas Produkta priek\u0161roc\u012bbas Nodro\u0161ina apkures regul\u0113\u0161anu ar iesp\u0113ju att\u0101lin\u0101ti vad\u012bt, izmantojot TUYA mobilo aplik\u0101ciju caur viedt\u0101lru\u0146iem vai plan\u0161etdatoriem (iPhone, Android).<\/p>\n<p>Ar viedo termostatu P56201 no EMOS GoSmart s\u0113rijas tas ir vienk\u0101r\u0161i. Apkures vai gaisa kondicion\u0113\u0161anas regul\u0113\u0161ana, pamatojoties uz j\u016bsu GPS atra\u0161an\u0101s vietu, temperat\u016bras scen\u0101riju iestat\u012b\u0161ana konkr\u0113tai dienai un laikam un visu iestat\u012bjumu kontrole no jebkuras vietas, izmantojot lietotni. \u0160is ir tikai \u012bss \u0161im termostata papildu funkciju saraksts.<\/p>","protected":false},"excerpt":{"rendered":"<p>Digit\u0101lais termostats gr\u012bdas apsildei tiek izmantots autom\u0101tiskai apkures sist\u0113mu vad\u012bbai dz\u012bvok\u013cos, m\u0101j\u0101s un birojos p\u0113c regul\u0113jamas laika programmas Produkta priek\u0161roc\u012bbas Nodro\u0161ina apkures regul\u0113\u0161anu ar iesp\u0113ju att\u0101lin\u0101ti vad\u012bt, izmantojot TUYA mobilo aplik\u0101ciju caur viedt\u0101lru\u0146iem vai plan\u0161etdatoriem (iPhone, Android). Ar viedo termostatu P56201 no EMOS GoSmart s\u0113rijas tas ir vienk\u0101r\u0161i. Apkures vai gaisa kondicion\u0113\u0161anas regul\u0113\u0161ana, pamatojoties uz [&hellip;]<\/p>\n","protected":false},"featured_media":36618,"comment_status":"closed","ping_status":"closed","template":"","meta":{"inline_featured_image":false},"product_cat":[1636,838],"product_tag":[],"yst_prominent_words":[],"class_list":{"0":"post-36605","1":"product","2":"type-product","3":"status-publish","4":"has-post-thumbnail","6":"product_cat-termostati-vieda-maja","7":"product_cat-termostati","9":"first","10":"outofstock","11":"taxable","12":"shipping-taxable","13":"purchasable","14":"product-type-simple"},"jetpack_sharing_enabled":true,"_links":{"self":[{"href":"https:\/\/ddt.lv\/lv\/wp-json\/wp\/v2\/product\/36605"}],"collection":[{"href":"https:\/\/ddt.lv\/lv\/wp-json\/wp\/v2\/product"}],"about":[{"href":"https:\/\/ddt.lv\/lv\/wp-json\/wp\/v2\/types\/product"}],"replies":[{"embeddable":true,"href":"https:\/\/ddt.lv\/lv\/wp-json\/wp\/v2\/comments?post=36605"}],"wp:featuredmedia":[{"embeddable":true,"href":"https:\/\/ddt.lv\/lv\/wp-json\/wp\/v2\/media\/36618"}],"wp:attachment":[{"href":"https:\/\/ddt.lv\/lv\/wp-json\/wp\/v2\/media?parent=36605"}],"wp:term":[{"taxonomy":"product_cat","embeddable":true,"href":"https:\/\/ddt.lv\/lv\/wp-json\/wp\/v2\/product_cat?post=36605"},{"taxonomy":"product_tag","embeddable":true,"href":"https:\/\/ddt.lv\/lv\/wp-json\/wp\/v2\/product_tag?post=36605"},{"taxonomy":"yst_prominent_words","embeddable":true,"href":"https:\/\/ddt.lv\/lv\/wp-json\/wp\/v2\/yst_prominent_words?post=36605"}],"curies":[{"name":"wp","href":"https:\/\/api.w.org\/{rel}","templated":true}]}}