{"id":36604,"date":"2023-03-11T16:20:28","date_gmt":"2023-03-11T14:20:28","guid":{"rendered":"https:\/\/ddt.lv\/lv\/product\/termostats-virsmas-0-90c-230v-400v-emos\/"},"modified":"2026-04-13T10:00:42","modified_gmt":"2026-04-13T07:00:42","slug":"termostats-virsmas-0-90c-230v-400v-emos","status":"publish","type":"product","link":"https:\/\/ddt.lv\/lv\/product\/termostats-virsmas-0-90c-230v-400v-emos\/","title":{"rendered":"Termostats virsmas 0-90\u00b0C 230V\/400V EMOS"},"content":{"rendered":"<p>Virsmas mont\u0101\u017eas stiprin\u0101juma termostats. Tas m\u0113ra \u016bdens temperat\u016bru m\u0101jsaimniec\u012bbas karst\u0101 \u016bdens tvertn\u0113s un\/vai apkures sist\u0113m\u0101s. Tas nodro\u0161ina temperat\u016bras regul\u0113\u0161anu, temperat\u016bras ierobe\u017eojumu uzraudz\u012bbu un temperat\u016bras pazemin\u0101\u0161anas funkciju.<\/p>\n<p>&nbsp;<\/p>","protected":false},"excerpt":{"rendered":"<p>Virsmas mont\u0101\u017eas stiprin\u0101juma termostats. Tas m\u0113ra \u016bdens temperat\u016bru m\u0101jsaimniec\u012bbas karst\u0101 \u016bdens tvertn\u0113s un\/vai apkures sist\u0113m\u0101s. Tas nodro\u0161ina temperat\u016bras regul\u0113\u0161anu, temperat\u016bras ierobe\u017eojumu uzraudz\u012bbu un temperat\u016bras pazemin\u0101\u0161anas funkciju. &nbsp;<\/p>\n","protected":false},"featured_media":36614,"comment_status":"closed","ping_status":"closed","template":"","meta":{"inline_featured_image":false},"product_cat":[838],"product_tag":[],"yst_prominent_words":[],"class_list":{"0":"post-36604","1":"product","2":"type-product","3":"status-publish","4":"has-post-thumbnail","6":"product_cat-termostati","8":"first","9":"instock","10":"taxable","11":"shipping-taxable","12":"purchasable","13":"product-type-simple"},"jetpack_sharing_enabled":true,"_links":{"self":[{"href":"https:\/\/ddt.lv\/lv\/wp-json\/wp\/v2\/product\/36604"}],"collection":[{"href":"https:\/\/ddt.lv\/lv\/wp-json\/wp\/v2\/product"}],"about":[{"href":"https:\/\/ddt.lv\/lv\/wp-json\/wp\/v2\/types\/product"}],"replies":[{"embeddable":true,"href":"https:\/\/ddt.lv\/lv\/wp-json\/wp\/v2\/comments?post=36604"}],"wp:featuredmedia":[{"embeddable":true,"href":"https:\/\/ddt.lv\/lv\/wp-json\/wp\/v2\/media\/36614"}],"wp:attachment":[{"href":"https:\/\/ddt.lv\/lv\/wp-json\/wp\/v2\/media?parent=36604"}],"wp:term":[{"taxonomy":"product_cat","embeddable":true,"href":"https:\/\/ddt.lv\/lv\/wp-json\/wp\/v2\/product_cat?post=36604"},{"taxonomy":"product_tag","embeddable":true,"href":"https:\/\/ddt.lv\/lv\/wp-json\/wp\/v2\/product_tag?post=36604"},{"taxonomy":"yst_prominent_words","embeddable":true,"href":"https:\/\/ddt.lv\/lv\/wp-json\/wp\/v2\/yst_prominent_words?post=36604"}],"curies":[{"name":"wp","href":"https:\/\/api.w.org\/{rel}","templated":true}]}}