{"id":36582,"date":"2023-03-09T10:40:23","date_gmt":"2023-03-09T08:40:23","guid":{"rendered":"https:\/\/ddt.lv\/lv\/product\/lukturis-led-20lm-75m-2xd-gumijas-melns-zils-emos\/"},"modified":"2026-04-13T10:02:27","modified_gmt":"2026-04-13T07:02:27","slug":"lukturis-led-20lm-75m-2xd-gumijas-melns-zils-emos","status":"publish","type":"product","link":"https:\/\/ddt.lv\/lv\/product\/lukturis-led-20lm-75m-2xd-gumijas-melns-zils-emos\/","title":{"rendered":"Lukturis LED 20lm 75m (2xD) gumijas, melns\/zils EMOS"},"content":{"rendered":"<p>Praktiska triecieniztur\u012bga plastmasas LED lukturis. Ide\u0101li piem\u0113rots vasarn\u012bc\u0101m, kemping\u0101, k\u0101 ar\u012b k\u0101 alternat\u012bvs gaismas avots m\u0101j\u0101s, ja ir str\u0101vas padeves p\u0101rtraukums.<\/p>","protected":false},"excerpt":{"rendered":"<p>Praktiska triecieniztur\u012bga plastmasas LED lukturis. Ide\u0101li piem\u0113rots vasarn\u012bc\u0101m, kemping\u0101, k\u0101 ar\u012b k\u0101 alternat\u012bvs gaismas avots m\u0101j\u0101s, ja ir str\u0101vas padeves p\u0101rtraukums.<\/p>\n","protected":false},"featured_media":36587,"comment_status":"closed","ping_status":"closed","template":"","meta":{"inline_featured_image":false},"product_cat":[726],"product_tag":[],"yst_prominent_words":[],"class_list":{"0":"post-36582","1":"product","2":"type-product","3":"status-publish","4":"has-post-thumbnail","6":"product_cat-kabatas","8":"first","9":"instock","10":"taxable","11":"shipping-taxable","12":"purchasable","13":"product-type-simple"},"jetpack_sharing_enabled":true,"_links":{"self":[{"href":"https:\/\/ddt.lv\/lv\/wp-json\/wp\/v2\/product\/36582"}],"collection":[{"href":"https:\/\/ddt.lv\/lv\/wp-json\/wp\/v2\/product"}],"about":[{"href":"https:\/\/ddt.lv\/lv\/wp-json\/wp\/v2\/types\/product"}],"replies":[{"embeddable":true,"href":"https:\/\/ddt.lv\/lv\/wp-json\/wp\/v2\/comments?post=36582"}],"wp:featuredmedia":[{"embeddable":true,"href":"https:\/\/ddt.lv\/lv\/wp-json\/wp\/v2\/media\/36587"}],"wp:attachment":[{"href":"https:\/\/ddt.lv\/lv\/wp-json\/wp\/v2\/media?parent=36582"}],"wp:term":[{"taxonomy":"product_cat","embeddable":true,"href":"https:\/\/ddt.lv\/lv\/wp-json\/wp\/v2\/product_cat?post=36582"},{"taxonomy":"product_tag","embeddable":true,"href":"https:\/\/ddt.lv\/lv\/wp-json\/wp\/v2\/product_tag?post=36582"},{"taxonomy":"yst_prominent_words","embeddable":true,"href":"https:\/\/ddt.lv\/lv\/wp-json\/wp\/v2\/yst_prominent_words?post=36582"}],"curies":[{"name":"wp","href":"https:\/\/api.w.org\/{rel}","templated":true}]}}