{"id":36581,"date":"2023-03-09T10:20:21","date_gmt":"2023-03-09T08:20:21","guid":{"rendered":"https:\/\/ddt.lv\/lv\/product\/pagarinatajs-pvc-4-3m-ar-sl-a-z-3x15mm-3680w-melns-emos\/"},"modified":"2026-04-13T11:50:29","modified_gmt":"2026-04-13T08:50:29","slug":"pagarinatajs-pvc-4-3m-ar-sl-a-z-3x15mm-3680w-melns-emos","status":"publish","type":"product","link":"https:\/\/ddt.lv\/lv\/product\/pagarinatajs-pvc-4-3m-ar-sl-a-z-3x15mm-3680w-melns-emos\/","title":{"rendered":"Pagarin\u0101t\u0101js PVC 4\/3m ar sl. a\/z 3&#215;1,5mm 3680W melns EMOS"},"content":{"rendered":"<p>Pagarin\u0101t\u0101js P1425R no \u010cehijas ra\u017eot\u0101ja EMOS. Lielisks un kvalitat\u012bvs risin\u0101jums elektroier\u012b\u010du piesl\u0113g\u0161anai prom no kontaktligzdas. Korpuss ir izgatavots no neuzliesmojo\u0161as plastmasas. P\u0101rslogojot, nav aizdeg\u0161an\u0101s. Ir ar\u012b spraud\u0146i b\u0113rnu aizsardz\u012bbai. Tam ir sabiezin\u0101ta kabe\u013ca da\u013ca, kas paredz\u0113ta avotu savieno\u0161anai ar augst\u0101ku ener\u0123ijas pat\u0113ri\u0146a klasi.<\/p>","protected":false},"excerpt":{"rendered":"<p>Pagarin\u0101t\u0101js P1425R no \u010cehijas ra\u017eot\u0101ja EMOS. Lielisks un kvalitat\u012bvs risin\u0101jums elektroier\u012b\u010du piesl\u0113g\u0161anai prom no kontaktligzdas. Korpuss ir izgatavots no neuzliesmojo\u0161as plastmasas. P\u0101rslogojot, nav aizdeg\u0161an\u0101s. Ir ar\u012b spraud\u0146i b\u0113rnu aizsardz\u012bbai. Tam ir sabiezin\u0101ta kabe\u013ca da\u013ca, kas paredz\u0113ta avotu savieno\u0161anai ar augst\u0101ku ener\u0123ijas pat\u0113ri\u0146a klasi.<\/p>\n","protected":false},"featured_media":36584,"comment_status":"closed","ping_status":"closed","template":"","meta":{"inline_featured_image":false},"product_cat":[746],"product_tag":[],"yst_prominent_words":[],"class_list":{"0":"post-36581","1":"product","2":"type-product","3":"status-publish","4":"has-post-thumbnail","6":"product_cat-pagarinataji-pagarinataji-un-sadalitaji","8":"first","9":"instock","10":"taxable","11":"shipping-taxable","12":"purchasable","13":"product-type-simple"},"jetpack_sharing_enabled":true,"_links":{"self":[{"href":"https:\/\/ddt.lv\/lv\/wp-json\/wp\/v2\/product\/36581"}],"collection":[{"href":"https:\/\/ddt.lv\/lv\/wp-json\/wp\/v2\/product"}],"about":[{"href":"https:\/\/ddt.lv\/lv\/wp-json\/wp\/v2\/types\/product"}],"replies":[{"embeddable":true,"href":"https:\/\/ddt.lv\/lv\/wp-json\/wp\/v2\/comments?post=36581"}],"wp:featuredmedia":[{"embeddable":true,"href":"https:\/\/ddt.lv\/lv\/wp-json\/wp\/v2\/media\/36584"}],"wp:attachment":[{"href":"https:\/\/ddt.lv\/lv\/wp-json\/wp\/v2\/media?parent=36581"}],"wp:term":[{"taxonomy":"product_cat","embeddable":true,"href":"https:\/\/ddt.lv\/lv\/wp-json\/wp\/v2\/product_cat?post=36581"},{"taxonomy":"product_tag","embeddable":true,"href":"https:\/\/ddt.lv\/lv\/wp-json\/wp\/v2\/product_tag?post=36581"},{"taxonomy":"yst_prominent_words","embeddable":true,"href":"https:\/\/ddt.lv\/lv\/wp-json\/wp\/v2\/yst_prominent_words?post=36581"}],"curies":[{"name":"wp","href":"https:\/\/api.w.org\/{rel}","templated":true}]}}