{"id":36554,"date":"2023-03-06T22:00:30","date_gmt":"2023-03-06T20:00:30","guid":{"rendered":"https:\/\/ddt.lv\/lv\/product\/16619-handbag-light-lukturis-2cr2032-varta-bl1\/"},"modified":"2026-04-08T14:31:22","modified_gmt":"2026-04-08T11:31:22","slug":"16619-handbag-light-lukturis-2cr2032-varta-bl1","status":"publish","type":"product","link":"https:\/\/ddt.lv\/lv\/product\/16619-handbag-light-lukturis-2cr2032-varta-bl1\/","title":{"rendered":"16619 HANDBAG LIGHT Lukturis 2*CR2032  VARTA BL1"},"content":{"rendered":"<p><span class=\"HwtZe\" lang=\"lv\"><span class=\"jCAhz ChMk0b\"><span class=\"ryNqvb\">Nevienai rokassomi\u0146ai nevajadz\u0113tu iztikt bez jaun\u0101 rokassomu luktur\u012b\u0161a.<\/span><\/span> <span class=\"jCAhz ChMk0b\"><span class=\"ryNqvb\">Viegls un paroc\u012bgs, to var viegli piestiprin\u0101t pie r\u0101v\u0113jsl\u0113dz\u0113ja vai plecu siksnas ar cilpu, kas izgatavota no melnas m\u0101ksl\u012bg\u0101s \u0101das ar magn\u0113tisku aizdari.<\/span><\/span> <span class=\"jCAhz ChMk0b\"><span class=\"ryNqvb\">Handbag Light luktur\u012btis pie\u0161\u0137ir stilu un sievi\u0161\u0137\u012bgu piesk\u0101rienu jebkurai rokassomi\u0146ai.<\/span><\/span> <span class=\"jCAhz ChMk0b\"><span class=\"ryNqvb\">V\u0113l vair\u0101k: t\u0101 sp\u012bd\u012bgi roz\u0101 virsma piesaista uzman\u012bbu.<\/span><\/span> <span class=\"jCAhz ChMk0b\"><span class=\"ryNqvb\">2\u00a0x\u00a05\u00a0mm gaismas diodes nodro\u0161ina optim\u0101lu apgaismojumu, garant\u0113jot, ka j\u016bs \u0101tri atrad\u012bsit katru mazo priek\u0161metu.<\/span><\/span> <span class=\"jCAhz ChMk0b\"><span class=\"ryNqvb\">Gaismu var viegli iesl\u0113gt un izsl\u0113gt, izmantojot baro\u0161anas pogu.<\/span><\/span> <span class=\"jCAhz ChMk0b\"><span class=\"ryNqvb\">Autom\u0101tisk\u0101s izsl\u0113g\u0161an\u0101s funkcija, kas aktiviz\u0113jas p\u0113c trim min\u016bt\u0113m, ar\u012b ietaupa akumulatora darb\u012bbas laiku, ja lietot\u0101ji aizmirst to izsl\u0113gt.<\/span><\/span><\/span><\/p>","protected":false},"excerpt":{"rendered":"<p>Nevienai rokassomi\u0146ai nevajadz\u0113tu iztikt bez jaun\u0101 rokassomu luktur\u012b\u0161a. Viegls un paroc\u012bgs, to var viegli piestiprin\u0101t pie r\u0101v\u0113jsl\u0113dz\u0113ja vai plecu siksnas ar cilpu, kas izgatavota no melnas m\u0101ksl\u012bg\u0101s \u0101das ar magn\u0113tisku aizdari. Handbag Light luktur\u012btis pie\u0161\u0137ir stilu un sievi\u0161\u0137\u012bgu piesk\u0101rienu jebkurai rokassomi\u0146ai. V\u0113l vair\u0101k: t\u0101 sp\u012bd\u012bgi roz\u0101 virsma piesaista uzman\u012bbu. 2\u00a0x\u00a05\u00a0mm gaismas diodes nodro\u0161ina optim\u0101lu apgaismojumu, [&hellip;]<\/p>\n","protected":false},"featured_media":36575,"comment_status":"closed","ping_status":"closed","template":"","meta":{"inline_featured_image":false},"product_cat":[772,726],"product_tag":[],"yst_prominent_words":[],"class_list":{"0":"post-36554","1":"product","2":"type-product","3":"status-publish","4":"has-post-thumbnail","6":"product_cat-atlaides","7":"product_cat-kabatas","9":"first","10":"instock","11":"sale","12":"taxable","13":"shipping-taxable","14":"purchasable","15":"product-type-simple"},"jetpack_sharing_enabled":true,"_links":{"self":[{"href":"https:\/\/ddt.lv\/lv\/wp-json\/wp\/v2\/product\/36554"}],"collection":[{"href":"https:\/\/ddt.lv\/lv\/wp-json\/wp\/v2\/product"}],"about":[{"href":"https:\/\/ddt.lv\/lv\/wp-json\/wp\/v2\/types\/product"}],"replies":[{"embeddable":true,"href":"https:\/\/ddt.lv\/lv\/wp-json\/wp\/v2\/comments?post=36554"}],"wp:featuredmedia":[{"embeddable":true,"href":"https:\/\/ddt.lv\/lv\/wp-json\/wp\/v2\/media\/36575"}],"wp:attachment":[{"href":"https:\/\/ddt.lv\/lv\/wp-json\/wp\/v2\/media?parent=36554"}],"wp:term":[{"taxonomy":"product_cat","embeddable":true,"href":"https:\/\/ddt.lv\/lv\/wp-json\/wp\/v2\/product_cat?post=36554"},{"taxonomy":"product_tag","embeddable":true,"href":"https:\/\/ddt.lv\/lv\/wp-json\/wp\/v2\/product_tag?post=36554"},{"taxonomy":"yst_prominent_words","embeddable":true,"href":"https:\/\/ddt.lv\/lv\/wp-json\/wp\/v2\/yst_prominent_words?post=36554"}],"curies":[{"name":"wp","href":"https:\/\/api.w.org\/{rel}","templated":true}]}}