{"id":36553,"date":"2023-03-06T22:00:30","date_gmt":"2023-03-06T20:00:30","guid":{"rendered":"https:\/\/ddt.lv\/lv\/product\/17646-flex-neck-led-lukturis-2aaa-varta\/"},"modified":"2026-04-13T09:46:54","modified_gmt":"2026-04-13T06:46:54","slug":"17646-flex-neck-led-lukturis-2aaa-varta","status":"publish","type":"product","link":"https:\/\/ddt.lv\/lv\/product\/17646-flex-neck-led-lukturis-2aaa-varta\/","title":{"rendered":"17646  FLEX NECK LED Lukturis 2AAA VARTA"},"content":{"rendered":"<p>Vartas lukturis Flex Neck \u012bpa\u0161i augstas veiktsp\u0113jas 0,5 LED apgaismojumam pat gr\u016bti sasniedzam\u0101s viet\u0101s<br \/>\nElast\u012bgs, \u012bpa\u0161i gar\u0161 kakls 22 cm<br \/>\nMagn\u0113tisks klips \u0113rtai nostiprin\u0101\u0161anai uz met\u0101la virsm\u0101m<br \/>\n\u016adensiztur\u012bba saska\u0146\u0101 ar IPX4<br \/>\nTips VARTA 17646<br \/>\nSvars ar baterij\u0101m 85 gr<\/p>","protected":false},"excerpt":{"rendered":"<p>Vartas lukturis Flex Neck \u012bpa\u0161i augstas veiktsp\u0113jas 0,5 LED apgaismojumam pat gr\u016bti sasniedzam\u0101s viet\u0101s Elast\u012bgs, \u012bpa\u0161i gar\u0161 kakls 22 cm Magn\u0113tisks klips \u0113rtai nostiprin\u0101\u0161anai uz met\u0101la virsm\u0101m \u016adensiztur\u012bba saska\u0146\u0101 ar IPX4 Tips VARTA 17646 Svars ar baterij\u0101m 85 gr<\/p>\n","protected":false},"featured_media":36570,"comment_status":"closed","ping_status":"closed","template":"","meta":{"inline_featured_image":false},"product_cat":[772,728],"product_tag":[],"yst_prominent_words":[],"class_list":{"0":"post-36553","1":"product","2":"type-product","3":"status-publish","4":"has-post-thumbnail","6":"product_cat-atlaides","7":"product_cat-ar-magnetu","9":"first","10":"instock","11":"sale","12":"taxable","13":"shipping-taxable","14":"purchasable","15":"product-type-simple"},"jetpack_sharing_enabled":true,"_links":{"self":[{"href":"https:\/\/ddt.lv\/lv\/wp-json\/wp\/v2\/product\/36553"}],"collection":[{"href":"https:\/\/ddt.lv\/lv\/wp-json\/wp\/v2\/product"}],"about":[{"href":"https:\/\/ddt.lv\/lv\/wp-json\/wp\/v2\/types\/product"}],"replies":[{"embeddable":true,"href":"https:\/\/ddt.lv\/lv\/wp-json\/wp\/v2\/comments?post=36553"}],"wp:featuredmedia":[{"embeddable":true,"href":"https:\/\/ddt.lv\/lv\/wp-json\/wp\/v2\/media\/36570"}],"wp:attachment":[{"href":"https:\/\/ddt.lv\/lv\/wp-json\/wp\/v2\/media?parent=36553"}],"wp:term":[{"taxonomy":"product_cat","embeddable":true,"href":"https:\/\/ddt.lv\/lv\/wp-json\/wp\/v2\/product_cat?post=36553"},{"taxonomy":"product_tag","embeddable":true,"href":"https:\/\/ddt.lv\/lv\/wp-json\/wp\/v2\/product_tag?post=36553"},{"taxonomy":"yst_prominent_words","embeddable":true,"href":"https:\/\/ddt.lv\/lv\/wp-json\/wp\/v2\/yst_prominent_words?post=36553"}],"curies":[{"name":"wp","href":"https:\/\/api.w.org\/{rel}","templated":true}]}}