{"id":36552,"date":"2023-03-06T22:00:30","date_gmt":"2023-03-06T20:00:30","guid":{"rendered":"https:\/\/ddt.lv\/lv\/product\/16620-outdoor-sports-reflective-led-band-2cr2032-varta-bl1\/"},"modified":"2026-04-13T09:51:20","modified_gmt":"2026-04-13T06:51:20","slug":"16620-outdoor-sports-reflective-led-band-2cr2032-varta-bl1","status":"publish","type":"product","link":"https:\/\/ddt.lv\/lv\/product\/16620-outdoor-sports-reflective-led-band-2cr2032-varta-bl1\/","title":{"rendered":"16620 OUTDOOR SPORTS REFLECTIVE  LED BAND 2*CR2032 VARTA BL1"},"content":{"rendered":"<p>VARTA Outdoor Sports atstarojo\u0161\u0101 LED josla apvieno gan apgaismojuma, gan atstarojo\u0161\u0101s funkcijas: 2 5\u00a0mm gaismas diodes iesl\u0113dzas, nospie\u017eot pogu, un mirdz sarkan\u0101 kr\u0101s\u0101. Kop\u0101 ar atstarojo\u0161o siksnas elementu tie nodro\u0161ina augstu redzam\u012bbas pak\u0101pi. T\u0101pat lietot\u0101ji var aktiviz\u0113t stroboskopa re\u017e\u012bmu, nevis nep\u0101rtrauktu apgaismojumu.<\/p>\n<p>\u016adensiztur\u012bgs futr\u0101lis, var izmantot jebkuros laikapst\u0101k\u013cos. Ja siksna k\u013c\u016bst net\u012bra, to ir viegli not\u012br\u012bt. 2 CR2032 baterijas var nomain\u012bt, vienk\u0101r\u0161i noskr\u016bv\u0113jot aizmugur\u0113jo v\u0101ci\u0146u. Atstarojo\u0161\u0101 elast\u012bg\u0101 siksna ar Velcro aizdari \u013cauj piel\u0101got izm\u0113ru pat tad, ja valk\u0101 cimdus. Pateicoties \u0113rtai lieto\u0161anai un paaugstin\u0101tai dro\u0161\u012bbai, \u0101ra sporta atstarojo\u0161\u0101 LED josla ir piem\u0113rota velosip\u0113distiem un skrie\u0161anas skr\u0113j\u0113jiem, k\u0101 ar\u012b b\u0113rniem.<\/p>","protected":false},"excerpt":{"rendered":"<p>VARTA Outdoor Sports atstarojo\u0161\u0101 LED josla apvieno gan apgaismojuma, gan atstarojo\u0161\u0101s funkcijas: 2 5\u00a0mm gaismas diodes iesl\u0113dzas, nospie\u017eot pogu, un mirdz sarkan\u0101 kr\u0101s\u0101. Kop\u0101 ar atstarojo\u0161o siksnas elementu tie nodro\u0161ina augstu redzam\u012bbas pak\u0101pi. T\u0101pat lietot\u0101ji var aktiviz\u0113t stroboskopa re\u017e\u012bmu, nevis nep\u0101rtrauktu apgaismojumu. \u016adensiztur\u012bgs futr\u0101lis, var izmantot jebkuros laikapst\u0101k\u013cos. Ja siksna k\u013c\u016bst net\u012bra, to ir viegli [&hellip;]<\/p>\n","protected":false},"featured_media":36571,"comment_status":"closed","ping_status":"closed","template":"","meta":{"inline_featured_image":false},"product_cat":[772,727],"product_tag":[],"yst_prominent_words":[],"class_list":{"0":"post-36552","1":"product","2":"type-product","3":"status-publish","4":"has-post-thumbnail","6":"product_cat-atlaides","7":"product_cat-galvas","9":"first","10":"outofstock","11":"sale","12":"taxable","13":"shipping-taxable","14":"purchasable","15":"product-type-simple"},"jetpack_sharing_enabled":true,"_links":{"self":[{"href":"https:\/\/ddt.lv\/lv\/wp-json\/wp\/v2\/product\/36552"}],"collection":[{"href":"https:\/\/ddt.lv\/lv\/wp-json\/wp\/v2\/product"}],"about":[{"href":"https:\/\/ddt.lv\/lv\/wp-json\/wp\/v2\/types\/product"}],"replies":[{"embeddable":true,"href":"https:\/\/ddt.lv\/lv\/wp-json\/wp\/v2\/comments?post=36552"}],"wp:featuredmedia":[{"embeddable":true,"href":"https:\/\/ddt.lv\/lv\/wp-json\/wp\/v2\/media\/36571"}],"wp:attachment":[{"href":"https:\/\/ddt.lv\/lv\/wp-json\/wp\/v2\/media?parent=36552"}],"wp:term":[{"taxonomy":"product_cat","embeddable":true,"href":"https:\/\/ddt.lv\/lv\/wp-json\/wp\/v2\/product_cat?post=36552"},{"taxonomy":"product_tag","embeddable":true,"href":"https:\/\/ddt.lv\/lv\/wp-json\/wp\/v2\/product_tag?post=36552"},{"taxonomy":"yst_prominent_words","embeddable":true,"href":"https:\/\/ddt.lv\/lv\/wp-json\/wp\/v2\/yst_prominent_words?post=36552"}],"curies":[{"name":"wp","href":"https:\/\/api.w.org\/{rel}","templated":true}]}}