{"id":36551,"date":"2023-03-06T21:40:31","date_gmt":"2023-03-06T19:40:31","guid":{"rendered":"https:\/\/ddt.lv\/lv\/product\/57957-wall-ladejama-ierice-2usb-cable-varta\/"},"modified":"2026-04-08T14:27:32","modified_gmt":"2026-04-08T11:27:32","slug":"57957-wall-ladejama-ierice-2usb-cable-varta","status":"publish","type":"product","link":"https:\/\/ddt.lv\/lv\/product\/57957-wall-ladejama-ierice-2usb-cable-varta\/","title":{"rendered":"57957 WALL l\u0101d\u0113jam\u0101 ier\u012bce 2*USB + CABLE VARTA"},"content":{"rendered":"<p>L\u0101d\u0113t\u0101ja \u0101trais USB l\u0101d\u0113t\u0101js ir kompakts un jaud\u012bgs ar kop\u0113jo izejas jaudu 3,4 A (17 vati), un tam ir 2 USB piesl\u0113gvietas vienlaic\u012bgai \u0101trai uzl\u0101dei (2,4 A + 1,0 A). Zilais LED indikators ir paredz\u0113ts uzl\u0101des un izl\u0101des l\u012bme\u0146a uzraudz\u012bbai. Tam ir 4 reizes liel\u0101ka jauda sal\u012bdzin\u0101jum\u0101 ar. standarta l\u0101d\u0113t\u0101js 2,5 W \/ 500 mAh USB izeja. Piederumi: Charge &amp; Sync Micro USB kabelis. Mfi sertific\u0113ts: izstr\u0101d\u0101ts iPhone un iPod ier\u012bc\u0113m.<\/p>\n<p>USB l\u0101d\u0113t\u0101js viedt\u0101lru\u0146u, navig\u0101cijas sist\u0113mu, MP3 atska\u0146ot\u0101ju, digit\u0101lo kameru un daudzu citu ier\u012b\u010du uzl\u0101d\u0113\u0161anai ar USB savienojumu, bez datora vai piez\u012bmjdatora.<\/p>","protected":false},"excerpt":{"rendered":"<p>L\u0101d\u0113t\u0101ja \u0101trais USB l\u0101d\u0113t\u0101js ir kompakts un jaud\u012bgs ar kop\u0113jo izejas jaudu 3,4 A (17 vati), un tam ir 2 USB piesl\u0113gvietas vienlaic\u012bgai \u0101trai uzl\u0101dei (2,4 A + 1,0 A). Zilais LED indikators ir paredz\u0113ts uzl\u0101des un izl\u0101des l\u012bme\u0146a uzraudz\u012bbai. Tam ir 4 reizes liel\u0101ka jauda sal\u012bdzin\u0101jum\u0101 ar. standarta l\u0101d\u0113t\u0101js 2,5 W \/ 500 mAh [&hellip;]<\/p>\n","protected":false},"featured_media":36563,"comment_status":"closed","ping_status":"closed","template":"","meta":{"inline_featured_image":false},"product_cat":[772,453],"product_tag":[],"yst_prominent_words":[],"class_list":{"0":"post-36551","1":"product","2":"type-product","3":"status-publish","4":"has-post-thumbnail","6":"product_cat-atlaides","7":"product_cat-ladesanas-ierices","9":"first","10":"instock","11":"sale","12":"taxable","13":"shipping-taxable","14":"purchasable","15":"product-type-simple"},"jetpack_sharing_enabled":true,"_links":{"self":[{"href":"https:\/\/ddt.lv\/lv\/wp-json\/wp\/v2\/product\/36551"}],"collection":[{"href":"https:\/\/ddt.lv\/lv\/wp-json\/wp\/v2\/product"}],"about":[{"href":"https:\/\/ddt.lv\/lv\/wp-json\/wp\/v2\/types\/product"}],"replies":[{"embeddable":true,"href":"https:\/\/ddt.lv\/lv\/wp-json\/wp\/v2\/comments?post=36551"}],"wp:featuredmedia":[{"embeddable":true,"href":"https:\/\/ddt.lv\/lv\/wp-json\/wp\/v2\/media\/36563"}],"wp:attachment":[{"href":"https:\/\/ddt.lv\/lv\/wp-json\/wp\/v2\/media?parent=36551"}],"wp:term":[{"taxonomy":"product_cat","embeddable":true,"href":"https:\/\/ddt.lv\/lv\/wp-json\/wp\/v2\/product_cat?post=36551"},{"taxonomy":"product_tag","embeddable":true,"href":"https:\/\/ddt.lv\/lv\/wp-json\/wp\/v2\/product_tag?post=36551"},{"taxonomy":"yst_prominent_words","embeddable":true,"href":"https:\/\/ddt.lv\/lv\/wp-json\/wp\/v2\/yst_prominent_words?post=36551"}],"curies":[{"name":"wp","href":"https:\/\/api.w.org\/{rel}","templated":true}]}}