{"id":36512,"date":"2023-03-04T18:20:30","date_gmt":"2023-03-04T16:20:30","guid":{"rendered":"https:\/\/ddt.lv\/lv\/product\/gludeklis-precision-heat-2400w-russell-hobbs-melns\/"},"modified":"2026-04-13T10:06:06","modified_gmt":"2026-04-13T07:06:06","slug":"gludeklis-precision-heat-2400w-russell-hobbs-melns","status":"publish","type":"product","link":"https:\/\/ddt.lv\/lv\/product\/gludeklis-precision-heat-2400w-russell-hobbs-melns\/","title":{"rendered":"Gludeklis  Precision Heat 2400W Russell Hobbs melns"},"content":{"rendered":"<p>Russell Hobbs 14545-56 Precision Heat-Ceramic gludeklis ir stil\u012bgs un uzticams. Tam ir moderns keramikas pamatnes p\u0101rkl\u0101jums, kas gludin\u0101\u0161anas laik\u0101 gludi sl\u012bd pa virsmu, to neiespie\u017eot. \u0160im modelim ir visas nepiecie\u0161am\u0101s funkcijas efekt\u012bvai gludin\u0101\u0161anai. P\u0101rkalt\u0113tas ve\u013cas izl\u012bdzin\u0101\u0161anai &#8211; tvaika pastiprin\u0101\u0161anas funkcija, lai ar tvaika str\u016bklu r\u016bp\u012bgi gludin\u0101tu d\u0101rgu m\u0113teli vai jaku tie\u0161i uz pakaram\u0101 &#8211; vertik\u0101l\u0101 tvaic\u0113\u0161anas funkcija, un pretpil\u0113\u0161anas sist\u0113ma pasarg\u0101s vieglo audumu no \u016bdens iek\u013c\u016b\u0161anas. Lai no\u0146emtu nogulsnes un net\u012brumus, ir pa\u0161att\u012br\u012b\u0161an\u0101s funkcija. \u0160aj\u0101 model\u012b ra\u017eot\u0101js ir n\u0101cis klaj\u0101 ar jauku jaunumu &#8211; \u010detru kr\u0101su temperat\u016bras indikatoru, pateicoties kuram var redz\u0113t, l\u012bdz k\u0101dai temperat\u016brai \u0161obr\u012bd uzsilst gludeklis. Jauks jaunums ir ar\u012b ska\u0146as pazi\u0146ojums par iestat\u012bto apkures temperat\u016bru. Ergonomisks rokturis \u0113rti iegulst rok\u0101, nesl\u012bd, pateicoties m\u012bkstajam gumijotajam &#8220;soft touch&#8221; p\u0101rkl\u0101jumam. \u0160aj\u0101 model\u012b izmantot\u0101 autom\u0101tisk\u0101 izsl\u0113g\u0161ana pal\u012bdz\u0113s aizsarg\u0101t j\u016bsu m\u0101ju no ugunsgr\u0113ka.<\/p>","protected":false},"excerpt":{"rendered":"<p>Russell Hobbs 14545-56 Precision Heat-Ceramic gludeklis ir stil\u012bgs un uzticams. Tam ir moderns keramikas pamatnes p\u0101rkl\u0101jums, kas gludin\u0101\u0161anas laik\u0101 gludi sl\u012bd pa virsmu, to neiespie\u017eot. \u0160im modelim ir visas nepiecie\u0161am\u0101s funkcijas efekt\u012bvai gludin\u0101\u0161anai. P\u0101rkalt\u0113tas ve\u013cas izl\u012bdzin\u0101\u0161anai &#8211; tvaika pastiprin\u0101\u0161anas funkcija, lai ar tvaika str\u016bklu r\u016bp\u012bgi gludin\u0101tu d\u0101rgu m\u0113teli vai jaku tie\u0161i uz pakaram\u0101 &#8211; vertik\u0101l\u0101 [&hellip;]<\/p>\n","protected":false},"featured_media":36542,"comment_status":"closed","ping_status":"closed","template":"","meta":{"inline_featured_image":false},"product_cat":[539],"product_tag":[],"yst_prominent_words":[],"class_list":{"0":"post-36512","1":"product","2":"type-product","3":"status-publish","4":"has-post-thumbnail","6":"product_cat-gludekli","8":"first","9":"outofstock","10":"taxable","11":"shipping-taxable","12":"purchasable","13":"product-type-simple"},"jetpack_sharing_enabled":true,"_links":{"self":[{"href":"https:\/\/ddt.lv\/lv\/wp-json\/wp\/v2\/product\/36512"}],"collection":[{"href":"https:\/\/ddt.lv\/lv\/wp-json\/wp\/v2\/product"}],"about":[{"href":"https:\/\/ddt.lv\/lv\/wp-json\/wp\/v2\/types\/product"}],"replies":[{"embeddable":true,"href":"https:\/\/ddt.lv\/lv\/wp-json\/wp\/v2\/comments?post=36512"}],"wp:featuredmedia":[{"embeddable":true,"href":"https:\/\/ddt.lv\/lv\/wp-json\/wp\/v2\/media\/36542"}],"wp:attachment":[{"href":"https:\/\/ddt.lv\/lv\/wp-json\/wp\/v2\/media?parent=36512"}],"wp:term":[{"taxonomy":"product_cat","embeddable":true,"href":"https:\/\/ddt.lv\/lv\/wp-json\/wp\/v2\/product_cat?post=36512"},{"taxonomy":"product_tag","embeddable":true,"href":"https:\/\/ddt.lv\/lv\/wp-json\/wp\/v2\/product_tag?post=36512"},{"taxonomy":"yst_prominent_words","embeddable":true,"href":"https:\/\/ddt.lv\/lv\/wp-json\/wp\/v2\/yst_prominent_words?post=36512"}],"curies":[{"name":"wp","href":"https:\/\/api.w.org\/{rel}","templated":true}]}}