{"id":36511,"date":"2023-03-04T18:20:29","date_gmt":"2023-03-04T16:20:29","guid":{"rendered":"https:\/\/ddt.lv\/lv\/product\/gludeklis-supreme-steam-pro-keramika2600w-russell-hobbs-zils\/"},"modified":"2026-04-13T10:06:05","modified_gmt":"2026-04-13T07:06:05","slug":"gludeklis-supreme-steam-pro-keramika2600w-russell-hobbs-zils","status":"publish","type":"product","link":"https:\/\/ddt.lv\/lv\/product\/gludeklis-supreme-steam-pro-keramika2600w-russell-hobbs-zils\/","title":{"rendered":"Gludeklis Supreme Steam Pro keramika2600W Russell Hobbs zils"},"content":{"rendered":"<p>Supreme Steam Pro 2600W gludeklis pal\u012bdz\u0113s Tev to izbaud\u012bt gludin\u0101\u0161anu, pat ja tev gludin\u0101t nepat\u012bk. Veidots t\u0101, lai likvid\u0113tu pat vissp\u012bt\u012bg\u0101k\u0101s krokas, Supreme Steam Pro ir kas daudz vair\u0101k k\u0101 tikai bezgala elegants instruments.<\/p>\n<p>T\u0101 daudzpus\u012bg\u0101 daba noz\u012bm\u0113 to, ka tas ne tikai gludi sl\u012bd p\u0101ri materi\u0101liem bez aiz\u0137er\u0161an\u0101s, bet ir izmantojams ar\u012b vertik\u0101li &#8211; ar piekarin\u0101tiem audumiem. T\u0101p\u0113c tu vari mier\u012bgi gludin\u0101t sava partnera darba kreklus ar augstu temperat\u016bru, bet p\u0113c mirk\u013ca &#8211; uzman\u012bgi nogludin\u0101t krunkas savas meitas z\u012bda bl\u016bz\u0113, izmantojot tvaika funkciju.<\/p>\n<p>Lai ar k\u0101diem audumiem Tev n\u0101ktos str\u0101d\u0101t, Supreme Steam Pro gludeklis vienm\u0113r \u013caus Tev ieg\u016bt profesion\u0101lu rezult\u0101tu, neboj\u0101jot dr\u0113bes un neliekot Tavai rokai s\u0101p\u0113t!<\/p>\n<p><strong>Smidzin\u0101\u0161ana. Tvaiks. Sausais.<\/strong><br \/>\nIzv\u0113lies saus\u0101s gludin\u0101\u0161anas funkciju, nep\u0101rtraukto tvaiku vai smidzini \u016bdeni p\u0113c v\u0113l\u0113\u0161an\u0101s un nepiecie\u0161am\u012bbas. Supreme Steam Pro pied\u0101v\u0101 40g nep\u0101rtrauktu tvaiku un 145g tvaika \u0161\u0101vi\u0146u ar viegli piepild\u0101mu 310ml \u016bdens tvertni, maksim\u0101li samazinot uzpild\u012b\u0161anas bie\u017eumu.<\/p>","protected":false},"excerpt":{"rendered":"<p>Supreme Steam Pro 2600W gludeklis pal\u012bdz\u0113s Tev to izbaud\u012bt gludin\u0101\u0161anu, pat ja tev gludin\u0101t nepat\u012bk. Veidots t\u0101, lai likvid\u0113tu pat vissp\u012bt\u012bg\u0101k\u0101s krokas, Supreme Steam Pro ir kas daudz vair\u0101k k\u0101 tikai bezgala elegants instruments. T\u0101 daudzpus\u012bg\u0101 daba noz\u012bm\u0113 to, ka tas ne tikai gludi sl\u012bd p\u0101ri materi\u0101liem bez aiz\u0137er\u0161an\u0101s, bet ir izmantojams ar\u012b vertik\u0101li &#8211; [&hellip;]<\/p>\n","protected":false},"featured_media":36530,"comment_status":"closed","ping_status":"closed","template":"","meta":{"inline_featured_image":false},"product_cat":[539],"product_tag":[],"yst_prominent_words":[],"class_list":{"0":"post-36511","1":"product","2":"type-product","3":"status-publish","4":"has-post-thumbnail","6":"product_cat-gludekli","8":"first","9":"instock","10":"taxable","11":"shipping-taxable","12":"purchasable","13":"product-type-simple"},"jetpack_sharing_enabled":true,"_links":{"self":[{"href":"https:\/\/ddt.lv\/lv\/wp-json\/wp\/v2\/product\/36511"}],"collection":[{"href":"https:\/\/ddt.lv\/lv\/wp-json\/wp\/v2\/product"}],"about":[{"href":"https:\/\/ddt.lv\/lv\/wp-json\/wp\/v2\/types\/product"}],"replies":[{"embeddable":true,"href":"https:\/\/ddt.lv\/lv\/wp-json\/wp\/v2\/comments?post=36511"}],"wp:featuredmedia":[{"embeddable":true,"href":"https:\/\/ddt.lv\/lv\/wp-json\/wp\/v2\/media\/36530"}],"wp:attachment":[{"href":"https:\/\/ddt.lv\/lv\/wp-json\/wp\/v2\/media?parent=36511"}],"wp:term":[{"taxonomy":"product_cat","embeddable":true,"href":"https:\/\/ddt.lv\/lv\/wp-json\/wp\/v2\/product_cat?post=36511"},{"taxonomy":"product_tag","embeddable":true,"href":"https:\/\/ddt.lv\/lv\/wp-json\/wp\/v2\/product_tag?post=36511"},{"taxonomy":"yst_prominent_words","embeddable":true,"href":"https:\/\/ddt.lv\/lv\/wp-json\/wp\/v2\/yst_prominent_words?post=36511"}],"curies":[{"name":"wp","href":"https:\/\/api.w.org\/{rel}","templated":true}]}}