{"id":36508,"date":"2023-03-04T18:20:29","date_gmt":"2023-03-04T16:20:29","guid":{"rendered":"https:\/\/ddt.lv\/lv\/product\/gludeklis-light-easy-2400w-russell-hobbs-tirkiza\/"},"modified":"2026-04-13T10:06:05","modified_gmt":"2026-04-13T07:06:05","slug":"gludeklis-light-easy-2400w-russell-hobbs-tirkiza","status":"publish","type":"product","link":"https:\/\/ddt.lv\/lv\/product\/gludeklis-light-easy-2400w-russell-hobbs-tirkiza\/","title":{"rendered":"Gludeklis Light&amp; Easy 2400W Russell Hobbs tirk\u012bza"},"content":{"rendered":"<p>Light &amp; Easy Brights saf\u012bra gludeklis<\/p>\n<p>Laiks gludin\u0101\u0161anu padar\u012bt kr\u0101sain\u0101ku. Gludeklis Light and Easy Brights atvieglo gludin\u0101\u0161anu. Tam ir 2x ilg\u0101k notur\u012bga keramikas pamatne. Gludek\u013ca keramisk\u0101 gludek\u013ca virsma kondicion\u0113 audumus un pal\u012bdz aizsarg\u0101t tos no sp\u012bt\u012bg\u0101m krok\u0101m un Autosteam funkcija. Tas sp\u0113j ar\u012b nodro\u0161in\u0101t 115 g tvaika padevi un 35 g nep\u0101rtrauktu tvaiku, lai viegli nov\u0113rstu stipras krokas.<\/p>","protected":false},"excerpt":{"rendered":"<p>Light &amp; Easy Brights saf\u012bra gludeklis Laiks gludin\u0101\u0161anu padar\u012bt kr\u0101sain\u0101ku. Gludeklis Light and Easy Brights atvieglo gludin\u0101\u0161anu. Tam ir 2x ilg\u0101k notur\u012bga keramikas pamatne. Gludek\u013ca keramisk\u0101 gludek\u013ca virsma kondicion\u0113 audumus un pal\u012bdz aizsarg\u0101t tos no sp\u012bt\u012bg\u0101m krok\u0101m un Autosteam funkcija. Tas sp\u0113j ar\u012b nodro\u0161in\u0101t 115 g tvaika padevi un 35 g nep\u0101rtrauktu tvaiku, lai viegli [&hellip;]<\/p>\n","protected":false},"featured_media":36537,"comment_status":"closed","ping_status":"closed","template":"","meta":{"inline_featured_image":false},"product_cat":[539],"product_tag":[],"yst_prominent_words":[],"class_list":{"0":"post-36508","1":"product","2":"type-product","3":"status-publish","4":"has-post-thumbnail","6":"product_cat-gludekli","8":"first","9":"outofstock","10":"taxable","11":"shipping-taxable","12":"purchasable","13":"product-type-simple"},"jetpack_sharing_enabled":true,"_links":{"self":[{"href":"https:\/\/ddt.lv\/lv\/wp-json\/wp\/v2\/product\/36508"}],"collection":[{"href":"https:\/\/ddt.lv\/lv\/wp-json\/wp\/v2\/product"}],"about":[{"href":"https:\/\/ddt.lv\/lv\/wp-json\/wp\/v2\/types\/product"}],"replies":[{"embeddable":true,"href":"https:\/\/ddt.lv\/lv\/wp-json\/wp\/v2\/comments?post=36508"}],"wp:featuredmedia":[{"embeddable":true,"href":"https:\/\/ddt.lv\/lv\/wp-json\/wp\/v2\/media\/36537"}],"wp:attachment":[{"href":"https:\/\/ddt.lv\/lv\/wp-json\/wp\/v2\/media?parent=36508"}],"wp:term":[{"taxonomy":"product_cat","embeddable":true,"href":"https:\/\/ddt.lv\/lv\/wp-json\/wp\/v2\/product_cat?post=36508"},{"taxonomy":"product_tag","embeddable":true,"href":"https:\/\/ddt.lv\/lv\/wp-json\/wp\/v2\/product_tag?post=36508"},{"taxonomy":"yst_prominent_words","embeddable":true,"href":"https:\/\/ddt.lv\/lv\/wp-json\/wp\/v2\/yst_prominent_words?post=36508"}],"curies":[{"name":"wp","href":"https:\/\/api.w.org\/{rel}","templated":true}]}}