{"id":36496,"date":"2023-03-04T17:00:28","date_gmt":"2023-03-04T15:00:28","guid":{"rendered":"https:\/\/ddt.lv\/lv\/product\/cr1220-3v-5bb-baterija-litija-agfaphoto\/"},"modified":"2026-04-13T09:56:34","modified_gmt":"2026-04-13T06:56:34","slug":"cr1220-3v-5bb-baterija-litija-agfaphoto","status":"publish","type":"product","link":"https:\/\/ddt.lv\/lv\/product\/cr1220-3v-5bb-baterija-litija-agfaphoto\/","title":{"rendered":"CR1220 3V 5BB baterija Litija AGFAPHOTO"},"content":{"rendered":"<p>AgfaPhoto litija table\u0161veida elementiem, sal\u012bdzinot ar s\u0101rma elementiem, ir augst\u0101ks sprieguma diapazons 3 V, un tie ir piem\u0113roti darbam ekstrem\u0101los apst\u0101k\u013cos (-20 \/ + 60 \u00b0C). Tos var izmantot k\u0101 baro\u0161anas avotu maz\u0101m elektrisk\u0101m ier\u012bc\u0113m. Table\u0161veida elementu z\u012bme &#8220;CR&#8221; nor\u0101da uz litija mang\u0101na dioks\u012bda \u0137\u012bmisko sast\u0101vu. Pateicoties to konstrukcijai, table\u0161veida baterijas var darbin\u0101t maza izm\u0113ra sadz\u012bves priek\u0161metus, piem\u0113ram, rota\u013clietas, pulkste\u0146us, kabatas kalkulatorus. T\u0101s ir ieteicamas t\u0101du produktu ekspluat\u0101cijai, kuri netiek lietoti nep\u0101rtraukti. Litija mon\u0113tu elementu baterijas nav atk\u0101rtoti uzl\u0101d\u0113jamas, izl\u0101d\u0113ju\u0161\u0101s baterijas j\u0101sav\u0101c tikai tam paredz\u0113tos konteineros.<\/p>","protected":false},"excerpt":{"rendered":"<p>AgfaPhoto litija table\u0161veida elementiem, sal\u012bdzinot ar s\u0101rma elementiem, ir augst\u0101ks sprieguma diapazons 3 V, un tie ir piem\u0113roti darbam ekstrem\u0101los apst\u0101k\u013cos (-20 \/ + 60 \u00b0C). Tos var izmantot k\u0101 baro\u0161anas avotu maz\u0101m elektrisk\u0101m ier\u012bc\u0113m. Table\u0161veida elementu z\u012bme &#8220;CR&#8221; nor\u0101da uz litija mang\u0101na dioks\u012bda \u0137\u012bmisko sast\u0101vu. Pateicoties to konstrukcijai, table\u0161veida baterijas var darbin\u0101t maza izm\u0113ra [&hellip;]<\/p>\n","protected":false},"featured_media":36671,"comment_status":"closed","ping_status":"closed","template":"","meta":{"inline_featured_image":false},"product_cat":[450],"product_tag":[],"yst_prominent_words":[],"class_list":{"0":"post-36496","1":"product","2":"type-product","3":"status-publish","4":"has-post-thumbnail","6":"product_cat-litija-tablesveida","8":"first","9":"instock","10":"taxable","11":"shipping-taxable","12":"purchasable","13":"product-type-simple"},"jetpack_sharing_enabled":true,"_links":{"self":[{"href":"https:\/\/ddt.lv\/lv\/wp-json\/wp\/v2\/product\/36496"}],"collection":[{"href":"https:\/\/ddt.lv\/lv\/wp-json\/wp\/v2\/product"}],"about":[{"href":"https:\/\/ddt.lv\/lv\/wp-json\/wp\/v2\/types\/product"}],"replies":[{"embeddable":true,"href":"https:\/\/ddt.lv\/lv\/wp-json\/wp\/v2\/comments?post=36496"}],"wp:featuredmedia":[{"embeddable":true,"href":"https:\/\/ddt.lv\/lv\/wp-json\/wp\/v2\/media\/36671"}],"wp:attachment":[{"href":"https:\/\/ddt.lv\/lv\/wp-json\/wp\/v2\/media?parent=36496"}],"wp:term":[{"taxonomy":"product_cat","embeddable":true,"href":"https:\/\/ddt.lv\/lv\/wp-json\/wp\/v2\/product_cat?post=36496"},{"taxonomy":"product_tag","embeddable":true,"href":"https:\/\/ddt.lv\/lv\/wp-json\/wp\/v2\/product_tag?post=36496"},{"taxonomy":"yst_prominent_words","embeddable":true,"href":"https:\/\/ddt.lv\/lv\/wp-json\/wp\/v2\/yst_prominent_words?post=36496"}],"curies":[{"name":"wp","href":"https:\/\/api.w.org\/{rel}","templated":true}]}}