{"id":36487,"date":"2023-03-03T15:40:21","date_gmt":"2023-03-03T13:40:21","guid":{"rendered":"https:\/\/ddt.lv\/lv\/product\/english-p5521n-schuko-digital-timer-emos\/"},"modified":"2026-04-17T13:26:10","modified_gmt":"2026-04-17T10:26:10","slug":"english-p5521n-schuko-digital-timer-emos","status":"publish","type":"product","link":"https:\/\/ddt.lv\/lv\/product\/taimeris-elektronisks-emos\/","title":{"rendered":"Taimeris elektronisks EMOS"},"content":{"rendered":"<p>Taimeris digit\u0101lais 7 dienu ned\u0113\u013cas taimeris no Emos (P5521N), kas paredz\u0113ts lieto\u0161anai m\u0101j\u0101s ar \u0113rt\u0101m pog\u0101m un lielu displeju. L\u012bdz 8 programm\u0101m dien\u0101, ieb\u016bv\u0113ts uzl\u0101d\u0113jams akumulators, lai saglab\u0101tu iestat\u012bjumus str\u0101vas padeves p\u0101rtraukuma gad\u012bjum\u0101. Izmanto\u0161anai \u0101rpus telp\u0101m ar aizsardz\u012bbas pak\u0101pi IP44.<\/p>\n<p>Digit\u0101lais taimeris ar ligzdu tiek izmantots sadz\u012bves tehnikas autom\u0101tiskai iesl\u0113g\u0161anai.\u00a0 Ja mums ir j\u0101iesl\u0113dz vai j\u0101izsl\u0113dz ier\u012bce noteikt\u0101 laik\u0101, pietiek ar taimera ieprogramm\u0113\u0161anu. Digit\u0101lais taimeris ar pulksteni, ir ide\u0101li piem\u0113rota jebkuras elektroier\u012bces iesl\u0113g\u0161anai un izsl\u0113g\u0161anai. Tas ir uzticams pat j\u016bsu promb\u016btnes laik\u0101.<\/p>","protected":false},"excerpt":{"rendered":"<p>Taimeris digit\u0101lais 7 dienu ned\u0113\u013cas taimeris no Emos (P5521N), kas paredz\u0113ts lieto\u0161anai m\u0101j\u0101s ar \u0113rt\u0101m pog\u0101m un lielu displeju. L\u012bdz 8 programm\u0101m dien\u0101, ieb\u016bv\u0113ts uzl\u0101d\u0113jams akumulators, lai saglab\u0101tu iestat\u012bjumus str\u0101vas padeves p\u0101rtraukuma gad\u012bjum\u0101. Izmanto\u0161anai \u0101rpus telp\u0101m ar aizsardz\u012bbas pak\u0101pi IP44. Digit\u0101lais taimeris ar ligzdu tiek izmantots sadz\u012bves tehnikas autom\u0101tiskai iesl\u0113g\u0161anai.\u00a0 Ja mums ir j\u0101iesl\u0113dz vai [&hellip;]<\/p>\n","protected":false},"featured_media":36500,"comment_status":"closed","ping_status":"closed","template":"","meta":{"inline_featured_image":false},"product_cat":[1296],"product_tag":[],"yst_prominent_words":[],"class_list":{"0":"post-36487","1":"product","2":"type-product","3":"status-publish","4":"has-post-thumbnail","6":"product_cat-taimeri","8":"first","9":"instock","10":"taxable","11":"shipping-taxable","12":"purchasable","13":"product-type-simple"},"jetpack_sharing_enabled":true,"_links":{"self":[{"href":"https:\/\/ddt.lv\/lv\/wp-json\/wp\/v2\/product\/36487"}],"collection":[{"href":"https:\/\/ddt.lv\/lv\/wp-json\/wp\/v2\/product"}],"about":[{"href":"https:\/\/ddt.lv\/lv\/wp-json\/wp\/v2\/types\/product"}],"replies":[{"embeddable":true,"href":"https:\/\/ddt.lv\/lv\/wp-json\/wp\/v2\/comments?post=36487"}],"wp:featuredmedia":[{"embeddable":true,"href":"https:\/\/ddt.lv\/lv\/wp-json\/wp\/v2\/media\/36500"}],"wp:attachment":[{"href":"https:\/\/ddt.lv\/lv\/wp-json\/wp\/v2\/media?parent=36487"}],"wp:term":[{"taxonomy":"product_cat","embeddable":true,"href":"https:\/\/ddt.lv\/lv\/wp-json\/wp\/v2\/product_cat?post=36487"},{"taxonomy":"product_tag","embeddable":true,"href":"https:\/\/ddt.lv\/lv\/wp-json\/wp\/v2\/product_tag?post=36487"},{"taxonomy":"yst_prominent_words","embeddable":true,"href":"https:\/\/ddt.lv\/lv\/wp-json\/wp\/v2\/yst_prominent_words?post=36487"}],"curies":[{"name":"wp","href":"https:\/\/api.w.org\/{rel}","templated":true}]}}