{"id":36472,"date":"2023-03-03T14:00:44","date_gmt":"2023-03-03T12:00:44","guid":{"rendered":"https:\/\/ddt.lv\/lv\/product\/pagarinatajs-globe-3-1-5m-16a-a-z-sledzi-balts-entac\/"},"modified":"2026-04-13T10:06:07","modified_gmt":"2026-04-13T07:06:07","slug":"pagarinatajs-globe-3-1-5m-16a-a-z-sledzi-balts-entac","status":"publish","type":"product","link":"https:\/\/ddt.lv\/lv\/product\/pagarinatajs-globe-3-1-5m-16a-a-z-sledzi-balts-entac\/","title":{"rendered":"Pagarin\u0101t\u0101js Globe 3\/1.5m 16A a\/z\/sl\u0113dzi  balts Entac"},"content":{"rendered":"<p>Entac Ball Globe pagarin\u0101t\u0101js ir neaizst\u0101jams gan darb\u0101, gan m\u0101j\u0101s. Ar vi\u0146u pal\u012bdz\u012bbu j\u016bs varat nodro\u0161in\u0101t elektr\u012bbu vis\u0101m sav\u0101m elektroier\u012bc\u0113m pat tad, ja str\u0101vas avots atrodas t\u0101l\u0101k telp\u0101. Izrot\u0101jiet savu m\u0101ju ar \u0161o praktisko ier\u012bci ar unik\u0101lu dizainu. M\u016bsu Globe str\u0101vas pagarin\u0101t\u0101js ir pieejamas versij\u0101 ar 4 iezem\u0113t\u0101m rozet\u0113m, k\u0101 ar\u012b ar 3 rozet\u0113m un 2 USB piesl\u0113gviet\u0101m, kas apr\u012bkotas ar sl\u0113dzi, 1,5 metru garum\u0101 un 3G1,5 kabe\u013ca tipa. Globe pagarin\u0101t\u0101ju var viegli uzst\u0101d\u012bt un, ja nepiecie\u0161ams, pat pasl\u0113pt, izmantojot 4 skr\u016bves. Ar sl\u0113d\u017ea pal\u012bdz\u012bbu j\u016bs varat atvienot ier\u012bces, neatvienojot t\u0101s no str\u0101vas padeves.<\/p>","protected":false},"excerpt":{"rendered":"<p>Entac Ball Globe pagarin\u0101t\u0101js ir neaizst\u0101jams gan darb\u0101, gan m\u0101j\u0101s. Ar vi\u0146u pal\u012bdz\u012bbu j\u016bs varat nodro\u0161in\u0101t elektr\u012bbu vis\u0101m sav\u0101m elektroier\u012bc\u0113m pat tad, ja str\u0101vas avots atrodas t\u0101l\u0101k telp\u0101. Izrot\u0101jiet savu m\u0101ju ar \u0161o praktisko ier\u012bci ar unik\u0101lu dizainu. M\u016bsu Globe str\u0101vas pagarin\u0101t\u0101js ir pieejamas versij\u0101 ar 4 iezem\u0113t\u0101m rozet\u0113m, k\u0101 ar\u012b ar 3 rozet\u0113m un [&hellip;]<\/p>\n","protected":false},"featured_media":36483,"comment_status":"closed","ping_status":"closed","template":"","meta":{"inline_featured_image":false},"product_cat":[746],"product_tag":[],"yst_prominent_words":[],"class_list":{"0":"post-36472","1":"product","2":"type-product","3":"status-publish","4":"has-post-thumbnail","6":"product_cat-pagarinataji-pagarinataji-un-sadalitaji","8":"first","9":"instock","10":"taxable","11":"shipping-taxable","12":"purchasable","13":"product-type-simple"},"jetpack_sharing_enabled":true,"_links":{"self":[{"href":"https:\/\/ddt.lv\/lv\/wp-json\/wp\/v2\/product\/36472"}],"collection":[{"href":"https:\/\/ddt.lv\/lv\/wp-json\/wp\/v2\/product"}],"about":[{"href":"https:\/\/ddt.lv\/lv\/wp-json\/wp\/v2\/types\/product"}],"replies":[{"embeddable":true,"href":"https:\/\/ddt.lv\/lv\/wp-json\/wp\/v2\/comments?post=36472"}],"wp:featuredmedia":[{"embeddable":true,"href":"https:\/\/ddt.lv\/lv\/wp-json\/wp\/v2\/media\/36483"}],"wp:attachment":[{"href":"https:\/\/ddt.lv\/lv\/wp-json\/wp\/v2\/media?parent=36472"}],"wp:term":[{"taxonomy":"product_cat","embeddable":true,"href":"https:\/\/ddt.lv\/lv\/wp-json\/wp\/v2\/product_cat?post=36472"},{"taxonomy":"product_tag","embeddable":true,"href":"https:\/\/ddt.lv\/lv\/wp-json\/wp\/v2\/product_tag?post=36472"},{"taxonomy":"yst_prominent_words","embeddable":true,"href":"https:\/\/ddt.lv\/lv\/wp-json\/wp\/v2\/yst_prominent_words?post=36472"}],"curies":[{"name":"wp","href":"https:\/\/api.w.org\/{rel}","templated":true}]}}