{"id":36471,"date":"2023-03-03T14:00:42","date_gmt":"2023-03-03T12:00:42","guid":{"rendered":"https:\/\/ddt.lv\/lv\/product\/pagarinatajs-3-1-5m-a-z-entac-plakana-daksa-lenki\/"},"modified":"2026-04-13T10:06:07","modified_gmt":"2026-04-13T07:06:07","slug":"pagarinatajs-3-1-5m-a-z-entac-plakana-daksa-lenki","status":"publish","type":"product","link":"https:\/\/ddt.lv\/lv\/product\/pagarinatajs-3-1-5m-a-z-entac-plakana-daksa-lenki\/","title":{"rendered":"Pagarin\u0101t\u0101js 3\/1.5m a\/z ENTAC plakana dak\u0161a len\u0137\u012b"},"content":{"rendered":"<p>Entac plakan\u0101s dak\u0161as pagarin\u0101t\u0101js ir neaizst\u0101jams gan darb\u0101, gan m\u0101j\u0101s. Ar vi\u0146u pal\u012bdz\u012bbu j\u016bs varat nodro\u0161in\u0101t elektr\u012bbu vis\u0101m sav\u0101m elektroier\u012bc\u0113m pat tad, ja str\u0101vas avots atrodas t\u0101l\u0101k telp\u0101. M\u016bsu plakan\u0101s galvas pagarin\u0101t\u0101ji ir pieejami versij\u0101 ar 3 iezem\u0113t\u0101m rozet\u0113m, ar sl\u0113dzi vai bez t\u0101, 1,5 metru garum\u0101 un 3G1.0 kabe\u013ca tipa. Tie \u013cauj piek\u013c\u016bt str\u0101vas kontaktligzd\u0101m ar sloksni pat \u0161aur\u0101s viet\u0101s, un ar sl\u0113d\u017ea pal\u012bdz\u012bbu j\u016bs varat atvienot ier\u012bces, neatvienojot t\u0101s no str\u0101vas sloksnes.<\/p>","protected":false},"excerpt":{"rendered":"<p>Entac plakan\u0101s dak\u0161as pagarin\u0101t\u0101js ir neaizst\u0101jams gan darb\u0101, gan m\u0101j\u0101s. Ar vi\u0146u pal\u012bdz\u012bbu j\u016bs varat nodro\u0161in\u0101t elektr\u012bbu vis\u0101m sav\u0101m elektroier\u012bc\u0113m pat tad, ja str\u0101vas avots atrodas t\u0101l\u0101k telp\u0101. M\u016bsu plakan\u0101s galvas pagarin\u0101t\u0101ji ir pieejami versij\u0101 ar 3 iezem\u0113t\u0101m rozet\u0113m, ar sl\u0113dzi vai bez t\u0101, 1,5 metru garum\u0101 un 3G1.0 kabe\u013ca tipa. Tie \u013cauj piek\u013c\u016bt str\u0101vas [&hellip;]<\/p>\n","protected":false},"featured_media":37021,"comment_status":"closed","ping_status":"closed","template":"","meta":{"inline_featured_image":false},"product_cat":[746],"product_tag":[],"yst_prominent_words":[],"class_list":{"0":"post-36471","1":"product","2":"type-product","3":"status-publish","4":"has-post-thumbnail","6":"product_cat-pagarinataji-pagarinataji-un-sadalitaji","8":"first","9":"instock","10":"taxable","11":"shipping-taxable","12":"purchasable","13":"product-type-simple"},"jetpack_sharing_enabled":true,"_links":{"self":[{"href":"https:\/\/ddt.lv\/lv\/wp-json\/wp\/v2\/product\/36471"}],"collection":[{"href":"https:\/\/ddt.lv\/lv\/wp-json\/wp\/v2\/product"}],"about":[{"href":"https:\/\/ddt.lv\/lv\/wp-json\/wp\/v2\/types\/product"}],"replies":[{"embeddable":true,"href":"https:\/\/ddt.lv\/lv\/wp-json\/wp\/v2\/comments?post=36471"}],"wp:featuredmedia":[{"embeddable":true,"href":"https:\/\/ddt.lv\/lv\/wp-json\/wp\/v2\/media\/37021"}],"wp:attachment":[{"href":"https:\/\/ddt.lv\/lv\/wp-json\/wp\/v2\/media?parent=36471"}],"wp:term":[{"taxonomy":"product_cat","embeddable":true,"href":"https:\/\/ddt.lv\/lv\/wp-json\/wp\/v2\/product_cat?post=36471"},{"taxonomy":"product_tag","embeddable":true,"href":"https:\/\/ddt.lv\/lv\/wp-json\/wp\/v2\/product_tag?post=36471"},{"taxonomy":"yst_prominent_words","embeddable":true,"href":"https:\/\/ddt.lv\/lv\/wp-json\/wp\/v2\/yst_prominent_words?post=36471"}],"curies":[{"name":"wp","href":"https:\/\/api.w.org\/{rel}","templated":true}]}}