{"id":36470,"date":"2023-03-03T14:00:39","date_gmt":"2023-03-03T12:00:39","guid":{"rendered":"https:\/\/ddt.lv\/lv\/product\/pagarinatajs-3-1-5m-ar-sl-a-z-entac-dzeltens\/"},"modified":"2026-04-13T10:06:06","modified_gmt":"2026-04-13T07:06:06","slug":"pagarinatajs-3-1-5m-ar-sl-a-z-entac-dzeltens","status":"publish","type":"product","link":"https:\/\/ddt.lv\/lv\/product\/pagarinatajs-3-1-5m-ar-sl-a-z-entac-dzeltens\/","title":{"rendered":"Pagarin\u0101t\u0101js 3\/1.5m ar sl. a\/z ENTAC dzeltens"},"content":{"rendered":"<p>ENTAC Plakangalvas 3 virzienu sl\u0113d\u017eu sadal\u012bt\u0101js dzelten\u0101 kr\u0101s\u0101, ar 1,5m vadu. Entac kontaktligzdas papla\u0161in\u0101jumi ir neaizst\u0101jams pal\u012bgs gan darb\u0101, gan m\u0101j\u0101s. Ar vi\u0146u pal\u012bdz\u012bbu j\u016bs varat nodro\u0161in\u0101t elektr\u012bbu vis\u0101m sav\u0101m elektroier\u012bc\u0113m pat tad, ja str\u0101vas avots atrodas t\u0101l\u0101k telp\u0101. Izv\u0113lies savai m\u0101jai vispiem\u0113rot\u0101ko kr\u0101su un \u013cauj pat \u0161im vienk\u0101r\u0161ajam priek\u0161metam kalpot k\u0101 jauka dekor\u0101cija tavai m\u0101jai! M\u016bsu kr\u0101sainie str\u0101vas pagarin\u0101t\u0101ji ir pieejami 7 da\u017e\u0101d\u0101s kr\u0101s\u0101s, versij\u0101 ar 3 iezem\u0113t\u0101m rozet\u0113m, kas apr\u012bkotas ar sl\u0113dzi, 1,5 m kabe\u013ca garum\u0101 un 3G1,5 kabe\u013ca tip\u0101. Ar sl\u0113d\u017ea pal\u012bdz\u012bbu j\u016bs varat atvienot ier\u012bces, neatvienojot t\u0101s no str\u0101vas padeves.<\/p>","protected":false},"excerpt":{"rendered":"<p>ENTAC Plakangalvas 3 virzienu sl\u0113d\u017eu sadal\u012bt\u0101js dzelten\u0101 kr\u0101s\u0101, ar 1,5m vadu. Entac kontaktligzdas papla\u0161in\u0101jumi ir neaizst\u0101jams pal\u012bgs gan darb\u0101, gan m\u0101j\u0101s. Ar vi\u0146u pal\u012bdz\u012bbu j\u016bs varat nodro\u0161in\u0101t elektr\u012bbu vis\u0101m sav\u0101m elektroier\u012bc\u0113m pat tad, ja str\u0101vas avots atrodas t\u0101l\u0101k telp\u0101. Izv\u0113lies savai m\u0101jai vispiem\u0113rot\u0101ko kr\u0101su un \u013cauj pat \u0161im vienk\u0101r\u0161ajam priek\u0161metam kalpot k\u0101 jauka dekor\u0101cija tavai [&hellip;]<\/p>\n","protected":false},"featured_media":36481,"comment_status":"closed","ping_status":"closed","template":"","meta":{"inline_featured_image":false},"product_cat":[746],"product_tag":[],"yst_prominent_words":[],"class_list":{"0":"post-36470","1":"product","2":"type-product","3":"status-publish","4":"has-post-thumbnail","6":"product_cat-pagarinataji-pagarinataji-un-sadalitaji","8":"first","9":"instock","10":"taxable","11":"shipping-taxable","12":"purchasable","13":"product-type-simple"},"jetpack_sharing_enabled":true,"_links":{"self":[{"href":"https:\/\/ddt.lv\/lv\/wp-json\/wp\/v2\/product\/36470"}],"collection":[{"href":"https:\/\/ddt.lv\/lv\/wp-json\/wp\/v2\/product"}],"about":[{"href":"https:\/\/ddt.lv\/lv\/wp-json\/wp\/v2\/types\/product"}],"replies":[{"embeddable":true,"href":"https:\/\/ddt.lv\/lv\/wp-json\/wp\/v2\/comments?post=36470"}],"wp:featuredmedia":[{"embeddable":true,"href":"https:\/\/ddt.lv\/lv\/wp-json\/wp\/v2\/media\/36481"}],"wp:attachment":[{"href":"https:\/\/ddt.lv\/lv\/wp-json\/wp\/v2\/media?parent=36470"}],"wp:term":[{"taxonomy":"product_cat","embeddable":true,"href":"https:\/\/ddt.lv\/lv\/wp-json\/wp\/v2\/product_cat?post=36470"},{"taxonomy":"product_tag","embeddable":true,"href":"https:\/\/ddt.lv\/lv\/wp-json\/wp\/v2\/product_tag?post=36470"},{"taxonomy":"yst_prominent_words","embeddable":true,"href":"https:\/\/ddt.lv\/lv\/wp-json\/wp\/v2\/yst_prominent_words?post=36470"}],"curies":[{"name":"wp","href":"https:\/\/api.w.org\/{rel}","templated":true}]}}