{"id":36411,"date":"2023-02-20T23:00:30","date_gmt":"2023-02-20T21:00:30","guid":{"rendered":"https:\/\/ddt.lv\/lv\/product\/102003-8-aaa-baterijas-varta-superlife-8gb\/"},"modified":"2026-04-13T10:05:51","modified_gmt":"2026-04-13T07:05:51","slug":"102003-8-aaa-baterijas-varta-superlife-8gb","status":"publish","type":"product","link":"https:\/\/ddt.lv\/lv\/product\/102003-8-aaa-baterijas-varta-superlife-8gb\/","title":{"rendered":"102003\/8 AAA baterijas VARTA Superlife 8gb."},"content":{"rendered":"<p>Uzticamas AAA tipa baterijas ier\u012bc\u0113m ar zemu ener\u0123ijas pat\u0113ri\u0146u, piem\u0113ram, sienas pulkste\u0146iem un t\u0101lvad\u012bbas pult\u012bm<\/p>\n<p>8x Varta Alkaline AAA, LR03, 1,5 V<\/p>","protected":false},"excerpt":{"rendered":"<p>Uzticamas AAA tipa baterijas ier\u012bc\u0113m ar zemu ener\u0123ijas pat\u0113ri\u0146u, piem\u0113ram, sienas pulkste\u0146iem un t\u0101lvad\u012bbas pult\u012bm 8x Varta Alkaline AAA, LR03, 1,5 V<\/p>\n","protected":false},"featured_media":36458,"comment_status":"closed","ping_status":"closed","template":"","meta":{"inline_featured_image":false},"product_cat":[442],"product_tag":[],"yst_prominent_words":[],"class_list":{"0":"post-36411","1":"product","2":"type-product","3":"status-publish","4":"has-post-thumbnail","6":"product_cat-aaa","8":"first","9":"instock","10":"taxable","11":"shipping-taxable","12":"purchasable","13":"product-type-simple"},"jetpack_sharing_enabled":true,"_links":{"self":[{"href":"https:\/\/ddt.lv\/lv\/wp-json\/wp\/v2\/product\/36411"}],"collection":[{"href":"https:\/\/ddt.lv\/lv\/wp-json\/wp\/v2\/product"}],"about":[{"href":"https:\/\/ddt.lv\/lv\/wp-json\/wp\/v2\/types\/product"}],"replies":[{"embeddable":true,"href":"https:\/\/ddt.lv\/lv\/wp-json\/wp\/v2\/comments?post=36411"}],"wp:featuredmedia":[{"embeddable":true,"href":"https:\/\/ddt.lv\/lv\/wp-json\/wp\/v2\/media\/36458"}],"wp:attachment":[{"href":"https:\/\/ddt.lv\/lv\/wp-json\/wp\/v2\/media?parent=36411"}],"wp:term":[{"taxonomy":"product_cat","embeddable":true,"href":"https:\/\/ddt.lv\/lv\/wp-json\/wp\/v2\/product_cat?post=36411"},{"taxonomy":"product_tag","embeddable":true,"href":"https:\/\/ddt.lv\/lv\/wp-json\/wp\/v2\/product_tag?post=36411"},{"taxonomy":"yst_prominent_words","embeddable":true,"href":"https:\/\/ddt.lv\/lv\/wp-json\/wp\/v2\/yst_prominent_words?post=36411"}],"curies":[{"name":"wp","href":"https:\/\/api.w.org\/{rel}","templated":true}]}}